{"id":1932,"date":"2024-04-10T18:08:45","date_gmt":"2024-04-10T16:08:45","guid":{"rendered":"https:\/\/tusta.com.ar\/?page_id=1932"},"modified":"2025-06-23T22:59:27","modified_gmt":"2025-06-23T20:59:27","slug":"politicas-de-privacidad","status":"publish","type":"page","link":"https:\/\/tusta.com.ar\/index.php\/politicas-de-privacidad\/","title":{"rendered":"Pol\u00edticas de privacidad"},"content":{"rendered":"\t\t<div data-elementor-type=\"wp-page\" data-elementor-id=\"1932\" class=\"elementor elementor-1932\" data-elementor-settings=\"{&quot;ha_cmc_init_switcher&quot;:&quot;no&quot;}\">\n\t\t\t\t<div class=\"elementor-element elementor-element-44339c4 e-con-full e-flex wpr-particle-no wpr-jarallax-no wpr-parallax-no wpr-sticky-section-no elementor-invisible e-con e-parent\" data-id=\"44339c4\" data-element_type=\"container\" data-e-type=\"container\" data-settings=\"{&quot;animation&quot;:&quot;fadeInDown&quot;,&quot;background_background&quot;:&quot;classic&quot;,&quot;_ha_eqh_enable&quot;:false}\">\n\t\t\t\t<div class=\"elementor-element elementor-element-9b50895 elementor-widget elementor-widget-heading\" data-id=\"9b50895\" data-element_type=\"widget\" data-e-type=\"widget\" data-widget_type=\"heading.default\">\n\t\t\t\t<div class=\"elementor-widget-container\">\n\t\t\t\t\t<h2 class=\"elementor-heading-title elementor-size-default\">POL\u00cdTICAS DE PRIVACIDAD<\/h2>\t\t\t\t<\/div>\n\t\t\t\t<\/div>\n\t\t\t\t<\/div>\n\t\t<div class=\"elementor-element elementor-element-98ea736 e-flex e-con-boxed wpr-particle-no wpr-jarallax-no wpr-parallax-no wpr-sticky-section-no e-con e-parent\" data-id=\"98ea736\" data-element_type=\"container\" data-e-type=\"container\" data-settings=\"{&quot;_ha_eqh_enable&quot;:false}\">\n\t\t\t\t\t<div class=\"e-con-inner\">\n\t\t\t\t<div class=\"elementor-element elementor-element-c75b6b6 elementor-widget elementor-widget-text-editor\" data-id=\"c75b6b6\" data-element_type=\"widget\" data-e-type=\"widget\" data-widget_type=\"text-editor.default\">\n\t\t\t\t<div class=\"elementor-widget-container\">\n\t\t\t\t\t\t\t\t\t<p>TUSTA ha implementado todos los procesos requeridos a los efectos de Protecci\u00f3n de los Datos Personales de los Usuarios, con el objeto de evitar el mal uso, alteraci\u00f3n, acceso no autorizado y\/o robo de los Datos Personales suministrados por el Usuario a TUSTA. Sin perjuicio de lo expresado en el presente, el Usuario acepta y reconoce que las medidas de seguridad en Internet no son inviolables.<\/p><p>Todo dato que suministren los Usuarios ser\u00e1 empleado para establecer la relaci\u00f3n contractual entre los Usuarios y TUSTA, y tambi\u00e9n ser\u00e1n incluidos en una Base de Datos de TUSTA (la \u201cBase\u201d), con el objeto de identificar perfiles a los efectos de segmentar dicha Base con fines comerciales, promocionales y mejorar las ofertas a los Usuarios, quienes prestan conformidad mediante la utilizaci\u00f3n del Sitio de tales fines.<\/p><p>En caso que el Usuario contrate a trav\u00e9s del Sitio de TUSTA un servicio y\/o producto brindado por un tercero (en adelante, \u201cTercero\u201d), el Usuario reconoce que al completar sus datos personales autoriza expresamente a TUSTA a suministrar a dicho Tercero sus datos personales (Nombre y Apellido, DNI, Tel\u00e9fono, domicilio y correo electr\u00f3nico) s\u00f3lo a los efectos de la prestaci\u00f3n del servicio y la facturaci\u00f3n de dichos bienes y\/o servicios y a la entrega de los mismos. Toda informaci\u00f3n suministrada por el Usuario ser\u00e1 tratada por TUSTA conforme t\u00e9rminos previstos en la Ley Nacional de Protecci\u00f3n de Datos Personales N\u00aa 25.326.<\/p><p>La Base ser\u00e1 inscripta en el Registro Nacional de Bases de Datos Personales por TUSTA. Los Usuarios que suministren sus datos personales tendr\u00e1n la posibilidad de ejercer su derecho de acceso a los mismos, en forma gratuita, con un intervalo no inferior a seis (6) meses, salvo que se encuentre comprendido en el art\u00edculo 14, inc. 3 de la Ley N\u00famero 25.326 en el sentido que acredite un inter\u00e9s leg\u00edtimo.<br \/>Tambi\u00e9n podr\u00e1n rectificar los mismos, o solicitar el retiro de su nombre de la base de datos, enviando un mail a tusta@tusta.com.ar<br \/>De conformidad con lo establecido por la Res. AAIP 14\/2018 se le hace saber que \u00abLa AGENCIA DE ACCESO A LA INFORMACI\u00d3N P\u00daBLICA, \u00d3rgano de Control de la Ley N\u00ba 25.326, tiene la atribuci\u00f3n de atender las denuncias y reclamos que se interpongan con relaci\u00f3n al incumplimiento de las normas sobre protecci\u00f3n de datos personales\u201d. www.argentina.gob.ar\/aaip<\/p><p>Asimismo, se hace saber al Usuario que el presente sitio podr\u00e1 poseer accesos directos a otros sitios externos, propiedad de terceros, y cuyos contenidos y pol\u00edticas de privacidad son ajenos a TUSTA (en adelante, los \u00abSitios Externos\u00bb). Por lo tanto, se recomienda que, cuando el Usuario resuelva acceder a dichos Sitios Externos, siempre consulte en forma previa las respectivas pol\u00edticas de privacidad antes de proporcionar su informaci\u00f3n y Datos Personales. TUSTA no ser\u00e1 responsable por el uso que los propietarios de dichos Sitios Externos den a los Datos Personales que el Usuario y\/o Visitante resuelva proveer en forma voluntaria a los mismos.<\/p>\t\t\t\t\t\t\t\t<\/div>\n\t\t\t\t<\/div>\n\t\t\t\t\t<\/div>\n\t\t\t\t<\/div>\n\t\t<div class=\"elementor-element elementor-element-e78aaaa e-con-full e-flex wpr-particle-no wpr-jarallax-no wpr-parallax-no wpr-sticky-section-no e-con e-parent\" data-id=\"e78aaaa\" data-element_type=\"container\" data-e-type=\"container\" data-settings=\"{&quot;_ha_eqh_enable&quot;:false}\">\n\t\t\t\t<div class=\"elementor-element elementor-element-3b16957 elementor-widget elementor-widget-image-carousel\" data-id=\"3b16957\" data-element_type=\"widget\" data-e-type=\"widget\" data-settings=\"{&quot;slides_to_show&quot;:&quot;7&quot;,&quot;navigation&quot;:&quot;none&quot;,&quot;pause_on_hover&quot;:&quot;no&quot;,&quot;pause_on_interaction&quot;:&quot;no&quot;,&quot;autoplay_speed&quot;:1000,&quot;speed&quot;:200,&quot;image_spacing_custom&quot;:{&quot;unit&quot;:&quot;px&quot;,&quot;size&quot;:0,&quot;sizes&quot;:[]},&quot;autoplay&quot;:&quot;yes&quot;,&quot;infinite&quot;:&quot;yes&quot;,&quot;image_spacing_custom_tablet&quot;:{&quot;unit&quot;:&quot;px&quot;,&quot;size&quot;:&quot;&quot;,&quot;sizes&quot;:[]},&quot;image_spacing_custom_mobile&quot;:{&quot;unit&quot;:&quot;px&quot;,&quot;size&quot;:&quot;&quot;,&quot;sizes&quot;:[]}}\" data-widget_type=\"image-carousel.default\">\n\t\t\t\t<div class=\"elementor-widget-container\">\n\t\t\t\t\t\t\t<div class=\"elementor-image-carousel-wrapper swiper\" role=\"region\" aria-roledescription=\"carousel\" aria-label=\"Carrusel de im\u00e1genes\" dir=\"ltr\">\n\t\t\t<div class=\"elementor-image-carousel swiper-wrapper\" aria-live=\"off\">\n\t\t\t\t\t\t\t\t<div class=\"swiper-slide\" role=\"group\" aria-roledescription=\"slide\" aria-label=\"1 de 6\"><figure class=\"swiper-slide-inner\"><img decoding=\"async\" class=\"swiper-slide-image\" src=\"https:\/\/tusta.com.ar\/wp-content\/uploads\/2024\/04\/eternit-300x143.webp\" alt=\"eternit.webp\" \/><\/figure><\/div><div class=\"swiper-slide\" role=\"group\" aria-roledescription=\"slide\" aria-label=\"2 de 6\"><figure class=\"swiper-slide-inner\"><img decoding=\"async\" class=\"swiper-slide-image\" src=\"https:\/\/tusta.com.ar\/wp-content\/uploads\/2024\/04\/motorarg.png\" alt=\"motorarg.png\" \/><\/figure><\/div><div class=\"swiper-slide\" role=\"group\" aria-roledescription=\"slide\" aria-label=\"3 de 6\"><figure class=\"swiper-slide-inner\"><img decoding=\"async\" class=\"swiper-slide-image\" src=\"https:\/\/tusta.com.ar\/wp-content\/uploads\/2024\/04\/vulcano-300x205.png\" alt=\"vulcano.png\" \/><\/figure><\/div><div class=\"swiper-slide\" role=\"group\" aria-roledescription=\"slide\" aria-label=\"4 de 6\"><figure class=\"swiper-slide-inner\"><img decoding=\"async\" class=\"swiper-slide-image\" src=\"https:\/\/tusta.com.ar\/wp-content\/uploads\/2024\/04\/guaterplast-300x116.webp\" alt=\"guaterplast.webp\" \/><\/figure><\/div><div class=\"swiper-slide\" role=\"group\" aria-roledescription=\"slide\" aria-label=\"5 de 6\"><figure class=\"swiper-slide-inner\"><img decoding=\"async\" class=\"swiper-slide-image\" src=\"https:\/\/tusta.com.ar\/wp-content\/uploads\/2024\/04\/euterma-300x67.png\" alt=\"euterma.png\" \/><\/figure><\/div><div class=\"swiper-slide\" role=\"group\" aria-roledescription=\"slide\" aria-label=\"6 de 6\"><figure class=\"swiper-slide-inner\"><img decoding=\"async\" class=\"swiper-slide-image\" src=\"https:\/\/tusta.com.ar\/wp-content\/uploads\/2024\/04\/amanco-300x77.png\" alt=\"amanco.png\" \/><\/figure><\/div>\t\t\t<\/div>\n\t\t\t\t\t\t\t\n\t\t\t\t\t\t\t\t\t<\/div>\n\t\t\t\t\t\t<\/div>\n\t\t\t\t<\/div>\n\t\t\t\t<\/div>\n\t\t<div class=\"elementor-element elementor-element-326db94 e-con-full e-flex wpr-particle-no wpr-jarallax-no wpr-parallax-no wpr-sticky-section-no elementor-invisible e-con e-parent\" data-id=\"326db94\" data-element_type=\"container\" data-e-type=\"container\" data-settings=\"{&quot;animation&quot;:&quot;fadeInDown&quot;,&quot;background_background&quot;:&quot;classic&quot;,&quot;_ha_eqh_enable&quot;:false}\">\n\t\t\t\t<div class=\"elementor-element elementor-element-1ad6442 elementor-widget elementor-widget-heading\" data-id=\"1ad6442\" data-element_type=\"widget\" data-e-type=\"widget\" data-widget_type=\"heading.default\">\n\t\t\t\t<div class=\"elementor-widget-container\">\n\t\t\t\t\t<h2 class=\"elementor-heading-title elementor-size-default\">CONTACTANOS<\/h2>\t\t\t\t<\/div>\n\t\t\t\t<\/div>\n\t\t\t\t<\/div>\n\t\t<div class=\"elementor-element elementor-element-bb653f1 e-flex e-con-boxed wpr-particle-no wpr-jarallax-no wpr-parallax-no wpr-sticky-section-no e-con e-parent\" data-id=\"bb653f1\" data-element_type=\"container\" data-e-type=\"container\" data-settings=\"{&quot;_ha_eqh_enable&quot;:false}\">\n\t\t\t\t\t<div class=\"e-con-inner\">\n\t\t\t\t<div class=\"elementor-element elementor-element-5a09115 elementor-widget elementor-widget-ha-cf7 happy-addon ha-cf7\" data-id=\"5a09115\" data-element_type=\"widget\" data-e-type=\"widget\" data-widget_type=\"ha-cf7.default\">\n\t\t\t\t<div class=\"elementor-widget-container\">\n\t\t\t\t\t\n<div class=\"wpcf7 no-js\" id=\"wpcf7-f1280-o1\" lang=\"es-ES\" dir=\"ltr\" data-wpcf7-id=\"1280\">\n<div class=\"screen-reader-response\"><p role=\"status\" aria-live=\"polite\" aria-atomic=\"true\"><\/p> <ul><\/ul><\/div>\n<form action=\"\/index.php\/wp-json\/wp\/v2\/pages\/1932#wpcf7-f1280-o1\" method=\"post\" class=\"wpcf7-form init ha-cf7-form\" aria-label=\"Formulario de contacto\" novalidate=\"novalidate\" data-status=\"init\">\n<fieldset class=\"hidden-fields-container\"><input type=\"hidden\" name=\"_wpcf7\" value=\"1280\" \/><input type=\"hidden\" name=\"_wpcf7_version\" value=\"6.1.5\" \/><input type=\"hidden\" name=\"_wpcf7_locale\" value=\"es_ES\" \/><input type=\"hidden\" name=\"_wpcf7_unit_tag\" value=\"wpcf7-f1280-o1\" \/><input type=\"hidden\" name=\"_wpcf7_container_post\" value=\"0\" \/><input type=\"hidden\" name=\"_wpcf7_posted_data_hash\" value=\"\" \/>\n<\/fieldset>\n<p><label> Tu nombre<br \/>\n<span class=\"wpcf7-form-control-wrap\" data-name=\"your-name\"><input size=\"40\" maxlength=\"400\" class=\"wpcf7-form-control wpcf7-text wpcf7-validates-as-required\" autocomplete=\"name\" aria-required=\"true\" aria-invalid=\"false\" value=\"\" type=\"text\" name=\"your-name\" \/><\/span> <\/label>\n<\/p>\n<p><label> Tu correo electr\u00f3nico<br \/>\n<span class=\"wpcf7-form-control-wrap\" data-name=\"your-email\"><input size=\"40\" maxlength=\"400\" class=\"wpcf7-form-control wpcf7-email wpcf7-validates-as-required wpcf7-text wpcf7-validates-as-email\" autocomplete=\"email\" aria-required=\"true\" aria-invalid=\"false\" value=\"\" type=\"email\" name=\"your-email\" \/><\/span> <\/label>\n<\/p>\n<p><label> Tu WhatsApp<br \/>\n<span class=\"wpcf7-form-control-wrap\" data-name=\"your-whatsapp\"><input size=\"40\" maxlength=\"400\" class=\"wpcf7-form-control wpcf7-text wpcf7-validates-as-required\" aria-required=\"true\" aria-invalid=\"false\" value=\"\" type=\"text\" name=\"your-whatsapp\" \/><\/span> <\/label>\n<\/p>\n<p><label> \u00bfCu\u00e1l es tu consulta?<br \/>\n<span class=\"wpcf7-form-control-wrap\" data-name=\"your-message\"><textarea cols=\"40\" rows=\"10\" maxlength=\"2000\" class=\"wpcf7-form-control wpcf7-textarea wpcf7-validates-as-required\" aria-required=\"true\" aria-invalid=\"false\" name=\"your-message\"><\/textarea><\/span> <\/label>\n<\/p>\n<p><input class=\"wpcf7-form-control wpcf7-submit has-spinner\" type=\"submit\" value=\"Enviar consulta\" \/>\n<\/p><div class=\"wpcf7-response-output\" aria-hidden=\"true\"><\/div>\n<\/form>\n<\/div>\n\t\t\t\t<\/div>\n\t\t\t\t<\/div>\n\t\t\t\t\t<\/div>\n\t\t\t\t<\/div>\n\t\t\t\t<\/div>\n\t\t","protected":false},"excerpt":{"rendered":"<p>POL\u00cdTICAS DE PRIVACIDAD TUSTA ha implementado todos los procesos requeridos a los efectos de Protecci\u00f3n de los Datos Personales de los Usuarios, con el objeto de evitar el mal uso, alteraci\u00f3n, acceso no autorizado y\/o robo de los Datos Personales suministrados por el Usuario a TUSTA. Sin perjuicio de lo expresado en el presente, el Usuario acepta y reconoce que las medidas de seguridad en Internet no son inviolables. Todo dato que suministren los Usuarios ser\u00e1 empleado para establecer la relaci\u00f3n contractual entre los Usuarios y TUSTA, y tambi\u00e9n ser\u00e1n incluidos en una Base de Datos de TUSTA (la \u201cBase\u201d), con el objeto de identificar perfiles a los efectos de segmentar dicha Base con fines comerciales, promocionales y mejorar las ofertas a los Usuarios, quienes prestan conformidad mediante la utilizaci\u00f3n del Sitio de tales fines. En caso que el Usuario contrate a trav\u00e9s del Sitio de TUSTA un servicio y\/o producto brindado por un tercero (en adelante, \u201cTercero\u201d), el Usuario reconoce que al completar sus datos personales autoriza expresamente a TUSTA a suministrar a dicho Tercero sus datos personales (Nombre y Apellido, DNI, Tel\u00e9fono, domicilio y correo electr\u00f3nico) s\u00f3lo a los efectos de la prestaci\u00f3n del servicio y la facturaci\u00f3n de dichos bienes y\/o servicios y a la entrega de los mismos. Toda informaci\u00f3n suministrada por el Usuario ser\u00e1 tratada por TUSTA conforme t\u00e9rminos previstos en la Ley Nacional de Protecci\u00f3n de Datos Personales N\u00aa 25.326. La Base ser\u00e1 inscripta en el Registro Nacional de Bases de Datos Personales por TUSTA. Los Usuarios que suministren sus datos personales tendr\u00e1n la posibilidad de ejercer su derecho de acceso a los mismos, en forma gratuita, con un intervalo no inferior a seis (6) meses, salvo que se encuentre comprendido en el art\u00edculo 14, inc. 3 de la Ley N\u00famero 25.326 en el sentido que acredite un inter\u00e9s leg\u00edtimo.Tambi\u00e9n podr\u00e1n rectificar los mismos, o solicitar el retiro de su nombre de la base de datos, enviando un mail a tusta@tusta.com.arDe conformidad con lo establecido por la Res. AAIP 14\/2018 se le hace saber que \u00abLa AGENCIA DE ACCESO A LA INFORMACI\u00d3N P\u00daBLICA, \u00d3rgano de Control de la Ley N\u00ba 25.326, tiene la atribuci\u00f3n de atender las denuncias y reclamos que se interpongan con relaci\u00f3n al incumplimiento de las normas sobre protecci\u00f3n de datos personales\u201d. www.argentina.gob.ar\/aaip Asimismo, se hace saber al Usuario que el presente sitio podr\u00e1 poseer accesos directos a otros sitios externos, propiedad de terceros, y cuyos contenidos y pol\u00edticas de privacidad son ajenos a TUSTA (en adelante, los \u00abSitios Externos\u00bb). Por lo tanto, se recomienda que, cuando el Usuario resuelva acceder a dichos Sitios Externos, siempre consulte en forma previa las respectivas pol\u00edticas de privacidad antes de proporcionar su informaci\u00f3n y Datos Personales. TUSTA no ser\u00e1 responsable por el uso que los propietarios de dichos Sitios Externos den a los Datos Personales que el Usuario y\/o Visitante resuelva proveer en forma voluntaria a los mismos. CONTACTANOS Tu nombre Tu correo electr\u00f3nico Tu WhatsApp \u00bfCu\u00e1l es tu consulta?<\/p>\n","protected":false},"author":1,"featured_media":0,"parent":0,"menu_order":0,"comment_status":"closed","ping_status":"closed","template":"elementor_header_footer","meta":{"_eb_attr":"","footnotes":""},"class_list":["post-1932","page","type-page","status-publish","hentry"],"_links":{"self":[{"href":"https:\/\/tusta.com.ar\/index.php\/wp-json\/wp\/v2\/pages\/1932","targetHints":{"allow":["GET"]}}],"collection":[{"href":"https:\/\/tusta.com.ar\/index.php\/wp-json\/wp\/v2\/pages"}],"about":[{"href":"https:\/\/tusta.com.ar\/index.php\/wp-json\/wp\/v2\/types\/page"}],"author":[{"embeddable":true,"href":"https:\/\/tusta.com.ar\/index.php\/wp-json\/wp\/v2\/users\/1"}],"replies":[{"embeddable":true,"href":"https:\/\/tusta.com.ar\/index.php\/wp-json\/wp\/v2\/comments?post=1932"}],"version-history":[{"count":11,"href":"https:\/\/tusta.com.ar\/index.php\/wp-json\/wp\/v2\/pages\/1932\/revisions"}],"predecessor-version":[{"id":4127,"href":"https:\/\/tusta.com.ar\/index.php\/wp-json\/wp\/v2\/pages\/1932\/revisions\/4127"}],"wp:attachment":[{"href":"https:\/\/tusta.com.ar\/index.php\/wp-json\/wp\/v2\/media?parent=1932"}],"curies":[{"name":"wp","href":"https:\/\/api.w.org\/{rel}","templated":true}]}}