{"id":1027,"date":"2024-04-03T16:41:39","date_gmt":"2024-04-03T14:41:39","guid":{"rendered":"https:\/\/tusta.com.ar\/?post_type=product&#038;p=1027"},"modified":"2026-04-16T16:08:14","modified_gmt":"2026-04-16T19:08:14","slug":"tanque-rotoplas-1100-lts-tricapa","status":"publish","type":"product","link":"https:\/\/tusta.com.ar\/index.php\/producto\/tanque-rotoplas-1100-lts-tricapa\/","title":{"rendered":"Tanque Rotoplas 1100 Lts Tricapa"},"content":{"rendered":"<ul>\n<li>Medidas di\u00e1metro 110 cm, altura 144 cm.<\/li>\n<li>Di\u00e1metro de boca 46 cm.<\/li>\n<li>Conexi\u00f3n de salida 1 1\/2&#8243; lateral.<\/li>\n<li>La estructura tricapa del tanque Rotoplas Gris garantiza la opacidad del interior del tanque, necesaria para evitar la fotos\u00edntesis (desarrollo de algas y verd\u00edn) microorganismos y nasterias asociadas. Contiene aditivos para evitar el envejecimiento y la exposici\u00f3n a la intemperie.<\/li>\n<li>Capa antibacterial.<\/li>\n<li>Conexi\u00f3n termofusionada.<\/li>\n<li>F\u00f3rmula mejorada.<\/li>\n<li>Apto para usar con base plana o base Rotoplas.<\/li>\n<li>Tapa click con cierre perfecto evita la entrada de contaminantes al agua.<\/li>\n<li>F\u00e1ciles de instalar, no se necesitan herramientas especializadas. Son ligeros, lo que facilita su manejo.<\/li>\n<li>Evitan la fotos\u00edntesis gracias a su exclusiva capa UV, la cual impide el paso de los rayos del sol.<\/li>\n<\/ul>\n","protected":false},"excerpt":{"rendered":"<ul>\n<li>Fabricado en una sola pieza, sin filtraciones.<\/li>\n<li>No genera olor ni sabor al agua almacenada, f\u00e1cil de limpiar.<\/li>\n<li>Garant\u00eda de 25 a\u00f1os por el tanque.<\/li>\n<\/ul>\n<div align=\"center\">\n<div align=\"center\">\n<form id=\"form1\" action=\"https:\/\/www.tusta.com.ar\/producto.php?id_producto=1576&amp;%20Tanques%20de%20Agua%20Cl%C3%A1sico%20Eternit%20Eternit%20Tanque%20Tricapa%20300%20L%20con%20base\" method=\"post\" name=\"form1\">\n<div align=\"center\"><\/div>\n<\/form>\n<\/div>\n<\/div>\n<p>&nbsp;<\/p>\n","protected":false},"featured_media":1082,"comment_status":"open","ping_status":"closed","template":"","meta":{"_eb_attr":""},"product_brand":[],"product_cat":[80,180,141,79,211,233],"product_tag":[97],"class_list":{"0":"post-1027","1":"product","2":"type-product","3":"status-publish","4":"has-post-thumbnail","6":"product_cat-clasicos","7":"product_cat-linea-tricapa-sin-base","8":"product_cat-rotoplas-tricapa","9":"product_cat-tanques-de-agua","10":"product_cat-tanques-rotoplas-1100","11":"product_cat-tanques-tricapa-1100","12":"product_tag-rotoplas","14":"first","15":"outofstock","16":"sold-individually","17":"shipping-taxable","18":"product-type-simple"},"_links":{"self":[{"href":"https:\/\/tusta.com.ar\/index.php\/wp-json\/wp\/v2\/product\/1027","targetHints":{"allow":["GET"]}}],"collection":[{"href":"https:\/\/tusta.com.ar\/index.php\/wp-json\/wp\/v2\/product"}],"about":[{"href":"https:\/\/tusta.com.ar\/index.php\/wp-json\/wp\/v2\/types\/product"}],"replies":[{"embeddable":true,"href":"https:\/\/tusta.com.ar\/index.php\/wp-json\/wp\/v2\/comments?post=1027"}],"version-history":[{"count":2,"href":"https:\/\/tusta.com.ar\/index.php\/wp-json\/wp\/v2\/product\/1027\/revisions"}],"predecessor-version":[{"id":1814,"href":"https:\/\/tusta.com.ar\/index.php\/wp-json\/wp\/v2\/product\/1027\/revisions\/1814"}],"wp:featuredmedia":[{"embeddable":true,"href":"https:\/\/tusta.com.ar\/index.php\/wp-json\/wp\/v2\/media\/1082"}],"wp:attachment":[{"href":"https:\/\/tusta.com.ar\/index.php\/wp-json\/wp\/v2\/media?parent=1027"}],"wp:term":[{"taxonomy":"product_brand","embeddable":true,"href":"https:\/\/tusta.com.ar\/index.php\/wp-json\/wp\/v2\/product_brand?post=1027"},{"taxonomy":"product_cat","embeddable":true,"href":"https:\/\/tusta.com.ar\/index.php\/wp-json\/wp\/v2\/product_cat?post=1027"},{"taxonomy":"product_tag","embeddable":true,"href":"https:\/\/tusta.com.ar\/index.php\/wp-json\/wp\/v2\/product_tag?post=1027"}],"curies":[{"name":"wp","href":"https:\/\/api.w.org\/{rel}","templated":true}]}}