{"id":1086,"date":"2024-04-03T16:44:20","date_gmt":"2024-04-03T14:44:20","guid":{"rendered":"https:\/\/tusta.com.ar\/?post_type=product&#038;p=1086"},"modified":"2026-04-16T15:03:21","modified_gmt":"2026-04-16T18:03:21","slug":"tanque-rotoplas-750-lts-tricapa-cisterna-estandar","status":"publish","type":"product","link":"https:\/\/tusta.com.ar\/index.php\/producto\/tanque-rotoplas-750-lts-tricapa-cisterna-estandar\/","title":{"rendered":"Tanque Rotoplas 750 Lts Tricapa Cisterna Estandar"},"content":{"rendered":"<ul>\n<li>Medidas: di\u00e1metro 90 cm, altura 140 cm.<\/li>\n<li>\u00danicas con capa antibacteriana. Tapa Click con cierre perfecto.<\/li>\n<li>M\u00e1s resistente, con nervaduras de refuerzo.<\/li>\n<li>Fabricadas en una sola pieza, sin filtraciones.<\/li>\n<li>No generan olor ni sabor al agua almacenada.<\/li>\n<li>F\u00e1cil de transportar.<\/li>\n<li>F\u00e1cil de instalar, no se necesitan herramientas especializadas.<\/li>\n<li>No incluye accesorios.<\/li>\n<li>Garant\u00eda 10 a\u00f1os Rotoplas.<\/li>\n<\/ul>\n","protected":false},"excerpt":{"rendered":"<p>Medidas: di\u00e1metro 90 cm, altura 140 cm. \u00danicas con capa antibacteriana. Tapa Click con cierre perfecto. M\u00e1s resistente, con nervaduras de refuerzo. Fabricadas en una sola pieza, sin filtraciones. No generan olor ni sabor al agua almacenada. F\u00e1cil de transportar. F\u00e1cil de instalar, no se necesitan herramientas especializadas. No incluye accesorios. Garant\u00eda 10 a\u00f1os Rotoplas.<\/p>\n","protected":false},"featured_media":1137,"comment_status":"open","ping_status":"closed","template":"","meta":{"_eb_attr":""},"product_brand":[],"product_cat":[81,79],"product_tag":[97],"class_list":{"0":"post-1086","1":"product","2":"type-product","3":"status-publish","4":"has-post-thumbnail","6":"product_cat-cisternas","7":"product_cat-tanques-de-agua","8":"product_tag-rotoplas","10":"first","11":"instock","12":"sold-individually","13":"shipping-taxable","14":"purchasable","15":"product-type-simple"},"_links":{"self":[{"href":"https:\/\/tusta.com.ar\/index.php\/wp-json\/wp\/v2\/product\/1086","targetHints":{"allow":["GET"]}}],"collection":[{"href":"https:\/\/tusta.com.ar\/index.php\/wp-json\/wp\/v2\/product"}],"about":[{"href":"https:\/\/tusta.com.ar\/index.php\/wp-json\/wp\/v2\/types\/product"}],"replies":[{"embeddable":true,"href":"https:\/\/tusta.com.ar\/index.php\/wp-json\/wp\/v2\/comments?post=1086"}],"version-history":[{"count":3,"href":"https:\/\/tusta.com.ar\/index.php\/wp-json\/wp\/v2\/product\/1086\/revisions"}],"predecessor-version":[{"id":3963,"href":"https:\/\/tusta.com.ar\/index.php\/wp-json\/wp\/v2\/product\/1086\/revisions\/3963"}],"wp:featuredmedia":[{"embeddable":true,"href":"https:\/\/tusta.com.ar\/index.php\/wp-json\/wp\/v2\/media\/1137"}],"wp:attachment":[{"href":"https:\/\/tusta.com.ar\/index.php\/wp-json\/wp\/v2\/media?parent=1086"}],"wp:term":[{"taxonomy":"product_brand","embeddable":true,"href":"https:\/\/tusta.com.ar\/index.php\/wp-json\/wp\/v2\/product_brand?post=1086"},{"taxonomy":"product_cat","embeddable":true,"href":"https:\/\/tusta.com.ar\/index.php\/wp-json\/wp\/v2\/product_cat?post=1086"},{"taxonomy":"product_tag","embeddable":true,"href":"https:\/\/tusta.com.ar\/index.php\/wp-json\/wp\/v2\/product_tag?post=1086"}],"curies":[{"name":"wp","href":"https:\/\/api.w.org\/{rel}","templated":true}]}}