{"id":1108,"date":"2024-04-03T16:45:07","date_gmt":"2024-04-03T14:45:07","guid":{"rendered":"https:\/\/tusta.com.ar\/?post_type=product&#038;p=1108"},"modified":"2026-04-17T14:45:47","modified_gmt":"2026-04-17T17:45:47","slug":"base-tanques-300-600-l","status":"publish","type":"product","link":"https:\/\/tusta.com.ar\/index.php\/producto\/base-tanques-300-600-l\/","title":{"rendered":"Base Tanques 300-600 L"},"content":{"rendered":"<p>&#8216;-No lo dude, si su tanque es pl\u00e1stico, esta es la mejor decisi\u00f3n que puede tomar para brindarle un apoyo adecuado y duradero, sin pensar en el mantenimiento ni en los futuros problemas de deformaci\u00f3n y rotura de su tanque pl\u00e1stico.<\/p>\n<p>&#8211; Recuerde la importancia de brindarle al tanque el apoyo adecuado, bases de ca\u00f1o o mayas met\u00e1licas proporcionan una superficie escasa de contacto produciendo la deformaci\u00f3n y posterior rotura del tanque en la zona de apoyo.<\/p>\n<p>&#8211; Nuestra base en hormig\u00f3n armado aliviando cuenta con una vida \u00fatil extensa de muchos a\u00f1os sin necesidad de ning\u00fan mantenimiento, superior a las met\u00e1licas, las cuales requieren mantenimiento peri\u00f3dico para evitar la corrosi\u00f3n, y brindan mayor superficie de apoyo.<\/p>\n<p>&#8211; La base como el tanque deben ser instalados por personal competente asegurando la distribuci\u00f3n de la carga de manera adecuada en la base , siguiendo los pasos que indica el fabricante.<\/p>\n<p>&#8211; Medidas<br \/>\nAltura 23 mm<br \/>\nDi\u00e1metro 1000 mm<\/p>\n","protected":false},"excerpt":{"rendered":"<p>&#8216;-No lo dude, si su tanque es pl\u00e1stico, esta es la mejor decisi\u00f3n que puede tomar para brindarle un apoyo adecuado y duradero, sin pensar en el mantenimiento ni en los futuros problemas de deformaci\u00f3n y rotura de su tanque pl\u00e1stico. &#8211; Recuerde la importancia de brindarle al tanque el apoyo adecuado, bases de ca\u00f1o o mayas met\u00e1licas proporcionan una superficie escasa de contacto produciendo la deformaci\u00f3n y posterior rotura del tanque en la zona de apoyo. &#8211; Nuestra base en hormig\u00f3n armado aliviando cuenta con una vida \u00fatil extensa de muchos a\u00f1os sin necesidad de ning\u00fan mantenimiento, superior a las met\u00e1licas, las cuales requieren mantenimiento peri\u00f3dico para evitar la corrosi\u00f3n, y brindan mayor superficie de apoyo. &#8211; La base como el tanque deben ser instalados por personal competente asegurando la distribuci\u00f3n de la carga de manera adecuada en la base , siguiendo los pasos que indica el fabricante. &#8211; Medidas Altura 23 mm Di\u00e1metro 1000 mm<\/p>\n","protected":false},"featured_media":1162,"comment_status":"open","ping_status":"closed","template":"","meta":{"_eb_attr":""},"product_brand":[],"product_cat":[82,79],"product_tag":[],"class_list":{"0":"post-1108","1":"product","2":"type-product","3":"status-publish","4":"has-post-thumbnail","6":"product_cat-bases","7":"product_cat-tanques-de-agua","9":"first","10":"instock","11":"sold-individually","12":"shipping-taxable","13":"purchasable","14":"product-type-simple"},"_links":{"self":[{"href":"https:\/\/tusta.com.ar\/index.php\/wp-json\/wp\/v2\/product\/1108","targetHints":{"allow":["GET"]}}],"collection":[{"href":"https:\/\/tusta.com.ar\/index.php\/wp-json\/wp\/v2\/product"}],"about":[{"href":"https:\/\/tusta.com.ar\/index.php\/wp-json\/wp\/v2\/types\/product"}],"replies":[{"embeddable":true,"href":"https:\/\/tusta.com.ar\/index.php\/wp-json\/wp\/v2\/comments?post=1108"}],"version-history":[{"count":2,"href":"https:\/\/tusta.com.ar\/index.php\/wp-json\/wp\/v2\/product\/1108\/revisions"}],"predecessor-version":[{"id":2263,"href":"https:\/\/tusta.com.ar\/index.php\/wp-json\/wp\/v2\/product\/1108\/revisions\/2263"}],"wp:featuredmedia":[{"embeddable":true,"href":"https:\/\/tusta.com.ar\/index.php\/wp-json\/wp\/v2\/media\/1162"}],"wp:attachment":[{"href":"https:\/\/tusta.com.ar\/index.php\/wp-json\/wp\/v2\/media?parent=1108"}],"wp:term":[{"taxonomy":"product_brand","embeddable":true,"href":"https:\/\/tusta.com.ar\/index.php\/wp-json\/wp\/v2\/product_brand?post=1108"},{"taxonomy":"product_cat","embeddable":true,"href":"https:\/\/tusta.com.ar\/index.php\/wp-json\/wp\/v2\/product_cat?post=1108"},{"taxonomy":"product_tag","embeddable":true,"href":"https:\/\/tusta.com.ar\/index.php\/wp-json\/wp\/v2\/product_tag?post=1108"}],"curies":[{"name":"wp","href":"https:\/\/api.w.org\/{rel}","templated":true}]}}