{"id":1145,"date":"2024-04-03T16:45:51","date_gmt":"2024-04-03T14:45:51","guid":{"rendered":"https:\/\/tusta.com.ar\/?post_type=product&#038;p=1145"},"modified":"2026-04-16T16:22:44","modified_gmt":"2026-04-16T19:22:44","slug":"tanque-rotoplas-10000-l-vertical-negro","status":"publish","type":"product","link":"https:\/\/tusta.com.ar\/index.php\/producto\/tanque-rotoplas-10000-l-vertical-negro\/","title":{"rendered":"Tanque Rotoplas 10000 L vertical negro"},"content":{"rendered":"<div align=\"center\">\n<div id=\"lodeladerecha\" align=\"left\">\n<ul>\n<li>Medidas: altura 267 cm, di\u00e1metro 250 cm.<\/li>\n<li>Aplicaci\u00f3n en acumulaci\u00f3n de agua en exterior.<\/li>\n<li>Resina 100% virgen.<\/li>\n<li>Polietileno de alta calidad y densidad.<\/li>\n<li>Fabricados en una sola pieza.<\/li>\n<li>Resina certificada por la FDA (food and drug administration): permite almacenamiento seguro de agua potable y alimentos sin alterar las propiedades f\u00edsicas y qu\u00edmicas del producto almacenado.<\/li>\n<li>Superior resistencia estructural, para brindar mayor duraci\u00f3n y m\u00e1s seguridad en todos los productos almacenados.<\/li>\n<li>Tanques reforzados y doble reforzados dependiendo el qu\u00edmico a almacenar.<\/li>\n<li>Rotoplas posee las certificaciones emitidas por el Instituto Nacional de Alimentos y por el Instituto Nacional de Vitivinicultura.<\/li>\n<li>Este producto se trae a pedido. Consultar antes de realizar la compra.<\/li>\n<\/ul>\n<\/div>\n<\/div>\n","protected":false},"excerpt":{"rendered":"<p>Medidas: altura 267 cm, di\u00e1metro 250 cm. Aplicaci\u00f3n en acumulaci\u00f3n de agua en exterior. Resina 100% virgen. Polietileno de alta calidad y densidad. Fabricados en una sola pieza. Resina certificada por la FDA (food and drug administration): permite almacenamiento seguro de agua potable y alimentos sin alterar las propiedades f\u00edsicas y qu\u00edmicas del producto almacenado. Superior resistencia estructural, para brindar mayor duraci\u00f3n y m\u00e1s seguridad en todos los productos almacenados. Tanques reforzados y doble reforzados dependiendo el qu\u00edmico a almacenar. Rotoplas posee las certificaciones emitidas por el Instituto Nacional de Alimentos y por el Instituto Nacional de Vitivinicultura. Este producto se trae a pedido. Consultar antes de realizar la compra.<\/p>\n","protected":false},"featured_media":1204,"comment_status":"open","ping_status":"closed","template":"","meta":{"_eb_attr":""},"product_brand":[],"product_cat":[79,84],"product_tag":[97],"class_list":{"0":"post-1145","1":"product","2":"type-product","3":"status-publish","4":"has-post-thumbnail","6":"product_cat-tanques-de-agua","7":"product_cat-vertical","8":"product_tag-rotoplas","10":"first","11":"outofstock","12":"sold-individually","13":"shipping-taxable","14":"purchasable","15":"product-type-simple"},"_links":{"self":[{"href":"https:\/\/tusta.com.ar\/index.php\/wp-json\/wp\/v2\/product\/1145","targetHints":{"allow":["GET"]}}],"collection":[{"href":"https:\/\/tusta.com.ar\/index.php\/wp-json\/wp\/v2\/product"}],"about":[{"href":"https:\/\/tusta.com.ar\/index.php\/wp-json\/wp\/v2\/types\/product"}],"replies":[{"embeddable":true,"href":"https:\/\/tusta.com.ar\/index.php\/wp-json\/wp\/v2\/comments?post=1145"}],"version-history":[{"count":6,"href":"https:\/\/tusta.com.ar\/index.php\/wp-json\/wp\/v2\/product\/1145\/revisions"}],"predecessor-version":[{"id":5666,"href":"https:\/\/tusta.com.ar\/index.php\/wp-json\/wp\/v2\/product\/1145\/revisions\/5666"}],"wp:featuredmedia":[{"embeddable":true,"href":"https:\/\/tusta.com.ar\/index.php\/wp-json\/wp\/v2\/media\/1204"}],"wp:attachment":[{"href":"https:\/\/tusta.com.ar\/index.php\/wp-json\/wp\/v2\/media?parent=1145"}],"wp:term":[{"taxonomy":"product_brand","embeddable":true,"href":"https:\/\/tusta.com.ar\/index.php\/wp-json\/wp\/v2\/product_brand?post=1145"},{"taxonomy":"product_cat","embeddable":true,"href":"https:\/\/tusta.com.ar\/index.php\/wp-json\/wp\/v2\/product_cat?post=1145"},{"taxonomy":"product_tag","embeddable":true,"href":"https:\/\/tusta.com.ar\/index.php\/wp-json\/wp\/v2\/product_tag?post=1145"}],"curies":[{"name":"wp","href":"https:\/\/api.w.org\/{rel}","templated":true}]}}