{"id":1210,"date":"2024-04-03T16:47:43","date_gmt":"2024-04-03T14:47:43","guid":{"rendered":"https:\/\/tusta.com.ar\/?post_type=product&#038;p=1210"},"modified":"2026-04-16T15:57:06","modified_gmt":"2026-04-16T18:57:06","slug":"termotanque-electrico-family-tts-ear-120-l-senorial","status":"publish","type":"product","link":"https:\/\/tusta.com.ar\/index.php\/producto\/termotanque-electrico-family-tts-ear-120-l-senorial\/","title":{"rendered":"Termotanque El\u00e9ctrico Family TTS-EAR 120 L Se\u00f1orial"},"content":{"rendered":"<ul>\n<li>Alta recuperaci\u00f3n.<\/li>\n<li>Corte de energ\u00eda por sobrecalentamiento.<\/li>\n<li>V\u00e1lvula de seguridad por sobrepresi\u00f3n.<\/li>\n<li>Doble resistencia con comando individual.<\/li>\n<li>Termotanque certificado por IQC.<\/li>\n<li>Para apoyar con conexi\u00f3n superior.<\/li>\n<li>Garant\u00eda Se\u00f1orial 5 a\u00f1os<\/li>\n<li>Capacidad: 120 L.<\/li>\n<li>Consumo: 6.5\/13Amp.<\/li>\n<li>Tensi\u00f3n: 230V.<\/li>\n<li>Potencia: 1500\/3000W.<\/li>\n<li>Presi\u00f3n m\u00e1xima de agua: 4.5Kgs\/cm2.<\/li>\n<li>Conexi\u00f3n de agua: 3\/4&#8243;.<\/li>\n<\/ul>\n","protected":false},"excerpt":{"rendered":"<div align=\"center\">\n<div id=\"lodeladerecha\" align=\"left\">\n<div align=\"center\">\n<div id=\"lodeladerecha\" align=\"left\">\n<ul>\n<li>Medidas<\/li>\n<li>Di\u00e1metro 410 mm<\/li>\n<li>Altura 1225 mm<\/li>\n<li>Consulte stock antes de realizar la compra<\/li>\n<\/ul>\n<\/div>\n<\/div>\n<div align=\"center\">\n<div align=\"center\"><\/div>\n<\/div>\n<\/div>\n<\/div>\n<div align=\"center\">\n<div align=\"center\"><\/div>\n<\/div>\n","protected":false},"featured_media":1257,"comment_status":"open","ping_status":"closed","template":"","meta":{"_eb_attr":""},"product_brand":[],"product_cat":[90,159,89],"product_tag":[108],"class_list":{"0":"post-1210","1":"product","2":"type-product","3":"status-publish","4":"has-post-thumbnail","6":"product_cat-electricos-termotanques","7":"product_cat-family-electrico","8":"product_cat-termotanques","9":"product_tag-senorial","11":"first","12":"instock","13":"sold-individually","14":"shipping-taxable","15":"purchasable","16":"product-type-simple"},"_links":{"self":[{"href":"https:\/\/tusta.com.ar\/index.php\/wp-json\/wp\/v2\/product\/1210","targetHints":{"allow":["GET"]}}],"collection":[{"href":"https:\/\/tusta.com.ar\/index.php\/wp-json\/wp\/v2\/product"}],"about":[{"href":"https:\/\/tusta.com.ar\/index.php\/wp-json\/wp\/v2\/types\/product"}],"replies":[{"embeddable":true,"href":"https:\/\/tusta.com.ar\/index.php\/wp-json\/wp\/v2\/comments?post=1210"}],"version-history":[{"count":4,"href":"https:\/\/tusta.com.ar\/index.php\/wp-json\/wp\/v2\/product\/1210\/revisions"}],"predecessor-version":[{"id":5823,"href":"https:\/\/tusta.com.ar\/index.php\/wp-json\/wp\/v2\/product\/1210\/revisions\/5823"}],"wp:featuredmedia":[{"embeddable":true,"href":"https:\/\/tusta.com.ar\/index.php\/wp-json\/wp\/v2\/media\/1257"}],"wp:attachment":[{"href":"https:\/\/tusta.com.ar\/index.php\/wp-json\/wp\/v2\/media?parent=1210"}],"wp:term":[{"taxonomy":"product_brand","embeddable":true,"href":"https:\/\/tusta.com.ar\/index.php\/wp-json\/wp\/v2\/product_brand?post=1210"},{"taxonomy":"product_cat","embeddable":true,"href":"https:\/\/tusta.com.ar\/index.php\/wp-json\/wp\/v2\/product_cat?post=1210"},{"taxonomy":"product_tag","embeddable":true,"href":"https:\/\/tusta.com.ar\/index.php\/wp-json\/wp\/v2\/product_tag?post=1210"}],"curies":[{"name":"wp","href":"https:\/\/api.w.org\/{rel}","templated":true}]}}