{"id":1212,"date":"2024-04-03T16:47:43","date_gmt":"2024-04-03T14:47:43","guid":{"rendered":"https:\/\/tusta.com.ar\/?post_type=product&#038;p=1212"},"modified":"2026-04-01T16:38:32","modified_gmt":"2026-04-01T19:38:32","slug":"termotanque-electrico-zafiro-tesz-40-l-senorial","status":"publish","type":"product","link":"https:\/\/tusta.com.ar\/index.php\/producto\/termotanque-electrico-zafiro-tesz-40-l-senorial\/","title":{"rendered":"Termotanque El\u00e9ctrico Zafiro TESZ-40 L Se\u00f1orial"},"content":{"rendered":"<ul>\n<li>V\u00e1lvula de seguridad por sobrepresi\u00f3n.<\/li>\n<li>M\u00e1s seguridad corte de energ\u00eda por sobrecalentamiento.<\/li>\n<li>Para apoyar o colgar.<\/li>\n<li>Producto de alta eficiencia certificado bajo normativa.<\/li>\n<li>Garant\u00eda oficial Se\u00f1orial 3 a\u00f1os.<\/li>\n<li>Capacidad 40 L.<\/li>\n<li>Intensidad 6.8 Amp.<\/li>\n<li>Tensi\u00f3n 230 Volts.<\/li>\n<li>Potencia 1500 Watts.<\/li>\n<li>Di\u00e1metro de conexi\u00f3n de agua 3\/4\u00bb Rosca BSP.<\/li>\n<li>Presi\u00f3n m\u00e1xima de agua 4,5 Kgs\/cm2.<\/li>\n<\/ul>\n","protected":false},"excerpt":{"rendered":"<div align=\"center\">\n<div id=\"lodeladerecha\" align=\"left\">\n<ul>\n<li>Medidas<\/li>\n<li>Di\u00e1metro gabinete 410 mm.<\/li>\n<li>Altura gabinete 430 mm.<\/li>\n<li>Altura conexi\u00f3n de agua 435 mm.<\/li>\n<li>Consulte stock antes de realizar la compra<\/li>\n<\/ul>\n<\/div>\n<\/div>\n<div align=\"center\">\n<div align=\"center\"><\/div>\n<\/div>\n","protected":false},"featured_media":1259,"comment_status":"open","ping_status":"closed","template":"","meta":{"_eb_attr":""},"product_brand":[],"product_cat":[90,89,160],"product_tag":[108],"class_list":{"0":"post-1212","1":"product","2":"type-product","3":"status-publish","4":"has-post-thumbnail","6":"product_cat-electricos-termotanques","7":"product_cat-termotanques","8":"product_cat-zafiro-electrico","9":"product_tag-senorial","11":"first","12":"instock","13":"sold-individually","14":"shipping-taxable","15":"purchasable","16":"product-type-simple"},"_links":{"self":[{"href":"https:\/\/tusta.com.ar\/index.php\/wp-json\/wp\/v2\/product\/1212","targetHints":{"allow":["GET"]}}],"collection":[{"href":"https:\/\/tusta.com.ar\/index.php\/wp-json\/wp\/v2\/product"}],"about":[{"href":"https:\/\/tusta.com.ar\/index.php\/wp-json\/wp\/v2\/types\/product"}],"replies":[{"embeddable":true,"href":"https:\/\/tusta.com.ar\/index.php\/wp-json\/wp\/v2\/comments?post=1212"}],"version-history":[{"count":4,"href":"https:\/\/tusta.com.ar\/index.php\/wp-json\/wp\/v2\/product\/1212\/revisions"}],"predecessor-version":[{"id":5818,"href":"https:\/\/tusta.com.ar\/index.php\/wp-json\/wp\/v2\/product\/1212\/revisions\/5818"}],"wp:featuredmedia":[{"embeddable":true,"href":"https:\/\/tusta.com.ar\/index.php\/wp-json\/wp\/v2\/media\/1259"}],"wp:attachment":[{"href":"https:\/\/tusta.com.ar\/index.php\/wp-json\/wp\/v2\/media?parent=1212"}],"wp:term":[{"taxonomy":"product_brand","embeddable":true,"href":"https:\/\/tusta.com.ar\/index.php\/wp-json\/wp\/v2\/product_brand?post=1212"},{"taxonomy":"product_cat","embeddable":true,"href":"https:\/\/tusta.com.ar\/index.php\/wp-json\/wp\/v2\/product_cat?post=1212"},{"taxonomy":"product_tag","embeddable":true,"href":"https:\/\/tusta.com.ar\/index.php\/wp-json\/wp\/v2\/product_tag?post=1212"}],"curies":[{"name":"wp","href":"https:\/\/api.w.org\/{rel}","templated":true}]}}