{"id":1225,"date":"2024-04-03T16:48:08","date_gmt":"2024-04-03T14:48:08","guid":{"rendered":"https:\/\/tusta.com.ar\/?post_type=product&#038;p=1225"},"modified":"2026-04-16T15:48:17","modified_gmt":"2026-04-16T18:48:17","slug":"termotanque-multigas-zafiro-tsz-120-l-senorial","status":"publish","type":"product","link":"https:\/\/tusta.com.ar\/index.php\/producto\/termotanque-multigas-zafiro-tsz-120-l-senorial\/","title":{"rendered":"Termotanque Multigas Zafiro TSZ-120 L Se\u00f1orial"},"content":{"rendered":"<ul>\n<li>Multigas: Kit para instalaci\u00f3n de gas natural o envasado.<\/li>\n<li>Con piloto analizador.<\/li>\n<li>Termotanque para apoyar.<\/li>\n<li>Producto de alta eficiencia certificado bajo normativa.<\/li>\n<li>Garant\u00eda oficial Se\u00f1orial 3 a\u00f1os.<\/li>\n<li>Altura conexi\u00f3n de agua 1405 mm.<\/li>\n<li>Di\u00e1metro conexi\u00f3n salida de gases 76 mm.<\/li>\n<li>Capacidad 120 Lts.<\/li>\n<li>Di\u00e1metro de conexi\u00f3n de gas 3\/8\u201d Rosca BSP.<\/li>\n<li>Di\u00e1metro de conexi\u00f3n de agua 3\/4\u201d Rosca BSP.<\/li>\n<li>Presi\u00f3n m\u00e1xima de agua 4,5 Kgs\/cm2.<\/li>\n<li>Consumo en gas natural 4500 Kcal\/h.<\/li>\n<li>Recuperaci\u00f3n en gas natural 171 Lts\/h con \u0394t 20\u00b0C.<\/li>\n<li>Consumo en gas licuado 4500 Kcal\/h.<\/li>\n<li>Recuperaci\u00f3n en gas licuado 162 Lts\/h con \u0394t 20\u00b0C.<\/li>\n<\/ul>\n","protected":false},"excerpt":{"rendered":"<div align=\"center\">\n<div id=\"lodeladerecha\" align=\"left\">\n<ul>\n<li>Medidas<\/li>\n<li>Di\u00e1metro 410 mm.<\/li>\n<li>Altura 1465 mm.<\/li>\n<li>Consulte stock antes de realizar la compra<\/li>\n<\/ul>\n<\/div>\n<\/div>\n","protected":false},"featured_media":1265,"comment_status":"open","ping_status":"closed","template":"","meta":{"_eb_attr":""},"product_brand":[],"product_cat":[91,89,281],"product_tag":[108],"class_list":{"0":"post-1225","1":"product","2":"type-product","3":"status-publish","4":"has-post-thumbnail","6":"product_cat-multigas","7":"product_cat-termotanques","8":"product_cat-zafiro-gas","9":"product_tag-senorial","11":"first","12":"instock","13":"sold-individually","14":"shipping-taxable","15":"purchasable","16":"product-type-simple"},"_links":{"self":[{"href":"https:\/\/tusta.com.ar\/index.php\/wp-json\/wp\/v2\/product\/1225","targetHints":{"allow":["GET"]}}],"collection":[{"href":"https:\/\/tusta.com.ar\/index.php\/wp-json\/wp\/v2\/product"}],"about":[{"href":"https:\/\/tusta.com.ar\/index.php\/wp-json\/wp\/v2\/types\/product"}],"replies":[{"embeddable":true,"href":"https:\/\/tusta.com.ar\/index.php\/wp-json\/wp\/v2\/comments?post=1225"}],"version-history":[{"count":4,"href":"https:\/\/tusta.com.ar\/index.php\/wp-json\/wp\/v2\/product\/1225\/revisions"}],"predecessor-version":[{"id":5815,"href":"https:\/\/tusta.com.ar\/index.php\/wp-json\/wp\/v2\/product\/1225\/revisions\/5815"}],"wp:featuredmedia":[{"embeddable":true,"href":"https:\/\/tusta.com.ar\/index.php\/wp-json\/wp\/v2\/media\/1265"}],"wp:attachment":[{"href":"https:\/\/tusta.com.ar\/index.php\/wp-json\/wp\/v2\/media?parent=1225"}],"wp:term":[{"taxonomy":"product_brand","embeddable":true,"href":"https:\/\/tusta.com.ar\/index.php\/wp-json\/wp\/v2\/product_brand?post=1225"},{"taxonomy":"product_cat","embeddable":true,"href":"https:\/\/tusta.com.ar\/index.php\/wp-json\/wp\/v2\/product_cat?post=1225"},{"taxonomy":"product_tag","embeddable":true,"href":"https:\/\/tusta.com.ar\/index.php\/wp-json\/wp\/v2\/product_tag?post=1225"}],"curies":[{"name":"wp","href":"https:\/\/api.w.org\/{rel}","templated":true}]}}