{"id":1250,"date":"2024-04-03T16:48:57","date_gmt":"2024-04-03T14:48:57","guid":{"rendered":"https:\/\/tusta.com.ar\/?post_type=product&#038;p=1250"},"modified":"2026-04-17T14:43:51","modified_gmt":"2026-04-17T17:43:51","slug":"filtro-rotoplas-de-sedimentos-jumbo","status":"publish","type":"product","link":"https:\/\/tusta.com.ar\/index.php\/producto\/filtro-rotoplas-de-sedimentos-jumbo\/","title":{"rendered":"Filtro Rotoplas de Sedimentos Jumbo"},"content":{"rendered":"<p>La forma m\u00e1s simple de obtener agua transparente, sin sedimentos, olores y sabores, es utilizar un dispositivo de acondicionamiento de agua entre la tuber\u00eda externa y el tanque.<br \/>\nAsegura siempre agua de la mejor calidad disponible.<\/p>\n<p>El dispositivo de acondicionamiento de agua Jumbo de Rotoplas cuenta con una exclusiva tecnolog\u00eda que evita taponamientos y mejora el sabor, color y olor del agua.<br \/>\nLa tecnolog\u00eda Hydronet del dispositivo de acondicionamiento de agua Jumbo de Rotoplas retiene el 99 % de part\u00edculas iguales o mayores a 50 micras (del grosor de un cabello); tales como arena, tierra y otros sedimentos, evitando que se tapen las tuber\u00edas y regaderas.<\/p>\n<p>Cuenta con una capacidad de filtraci\u00f3n de 56 litros por minuto.<\/p>\n","protected":false},"excerpt":{"rendered":"<p>La forma m\u00e1s simple de obtener agua transparente, sin sedimentos, olores y sabores, es utilizar un dispositivo de acondicionamiento de agua entre la tuber\u00eda externa y el tanque. Asegura siempre agua de la mejor calidad disponible. El dispositivo de acondicionamiento de agua Jumbo de Rotoplas cuenta con una exclusiva tecnolog\u00eda que evita taponamientos y mejora el sabor, color y olor del agua. La tecnolog\u00eda Hydronet del dispositivo de acondicionamiento de agua Jumbo de Rotoplas retiene el 99 % de part\u00edculas iguales o mayores a 50 micras (del grosor de un cabello); tales como arena, tierra y otros sedimentos, evitando que se tapen las tuber\u00edas y regaderas. Cuenta con una capacidad de filtraci\u00f3n de 56 litros por minuto.<\/p>\n","protected":false},"featured_media":1278,"comment_status":"open","ping_status":"closed","template":"","meta":{"_eb_attr":""},"product_brand":[],"product_cat":[93,92],"product_tag":[97],"class_list":{"0":"post-1250","1":"product","2":"type-product","3":"status-publish","4":"has-post-thumbnail","6":"product_cat-filtro-sedimentos","7":"product_cat-tratamiento-de-agua","8":"product_tag-rotoplas","10":"first","11":"instock","12":"shipping-taxable","13":"purchasable","14":"product-type-simple"},"_links":{"self":[{"href":"https:\/\/tusta.com.ar\/index.php\/wp-json\/wp\/v2\/product\/1250","targetHints":{"allow":["GET"]}}],"collection":[{"href":"https:\/\/tusta.com.ar\/index.php\/wp-json\/wp\/v2\/product"}],"about":[{"href":"https:\/\/tusta.com.ar\/index.php\/wp-json\/wp\/v2\/types\/product"}],"replies":[{"embeddable":true,"href":"https:\/\/tusta.com.ar\/index.php\/wp-json\/wp\/v2\/comments?post=1250"}],"version-history":[{"count":1,"href":"https:\/\/tusta.com.ar\/index.php\/wp-json\/wp\/v2\/product\/1250\/revisions"}],"predecessor-version":[{"id":1920,"href":"https:\/\/tusta.com.ar\/index.php\/wp-json\/wp\/v2\/product\/1250\/revisions\/1920"}],"wp:featuredmedia":[{"embeddable":true,"href":"https:\/\/tusta.com.ar\/index.php\/wp-json\/wp\/v2\/media\/1278"}],"wp:attachment":[{"href":"https:\/\/tusta.com.ar\/index.php\/wp-json\/wp\/v2\/media?parent=1250"}],"wp:term":[{"taxonomy":"product_brand","embeddable":true,"href":"https:\/\/tusta.com.ar\/index.php\/wp-json\/wp\/v2\/product_brand?post=1250"},{"taxonomy":"product_cat","embeddable":true,"href":"https:\/\/tusta.com.ar\/index.php\/wp-json\/wp\/v2\/product_cat?post=1250"},{"taxonomy":"product_tag","embeddable":true,"href":"https:\/\/tusta.com.ar\/index.php\/wp-json\/wp\/v2\/product_tag?post=1250"}],"curies":[{"name":"wp","href":"https:\/\/api.w.org\/{rel}","templated":true}]}}