{"id":2131,"date":"2024-05-03T20:33:44","date_gmt":"2024-05-03T18:33:44","guid":{"rendered":"https:\/\/tusta.com.ar\/?post_type=product&#038;p=2131"},"modified":"2026-02-14T11:11:22","modified_gmt":"2026-02-14T14:11:22","slug":"bomba-desagote-rw-drain-q-400-f-rowa","status":"publish","type":"product","link":"https:\/\/tusta.com.ar\/index.php\/producto\/bomba-desagote-rw-drain-q-400-f-rowa\/","title":{"rendered":"Rowa RW DRAIN Q 400-F Bomba Desagote"},"content":{"rendered":"<p><strong>Para desagote de aguas limpias y turbias.<\/strong><\/p>\n<p><strong>Garant\u00eda 2 a\u00f1os<\/strong><\/p>\n<p><strong>Aplicaciones<\/strong><\/p>\n<p>Para usos m\u00faltiples: para desagotar tanques, s\u00f3tanos, garajes, agua de lluvia, piletas de nataci\u00f3n, etc.<\/p>\n<p><strong>Caracter\u00edsticas<\/strong><br \/>\n* Cuerpo ROBUSTO y RESISTENTE con dise\u00f1o de motor anti-sobrecarga.<br \/>\n* Cuerpo y eje y tornillos en Acero Inoxidable.<br \/>\n* Impulsor altamente durable fabricado en termopl\u00e1stico de Ingenier\u00eda.<br \/>\n* Sellos y eje del motor de Acero Inoxidable.<br \/>\n* Motor de bajo consumo el\u00e9ctrico.<br \/>\n* Incluye Interruptor flotante de nivel de agua.<br \/>\n* Conexi\u00f3n para manguera de 1&#8243;.<br \/>\n* Cable con ficha IRAM 2073.<\/p>\n","protected":false},"excerpt":{"rendered":"<p>* Kw 0,40<br \/>\n* Potencia 0,50 hp<br \/>\n* Corriente (A) 1,5<br \/>\n* Caudal m\u00e1x. 7500 l\/h<br \/>\n* Altura m\u00e1x. 8 m<br \/>\n* Di\u00e1metro de pasaje m\u00e1x. 2 mm<br \/>\n* Largo del cable 10 m<br \/>\n* Conexi\u00f3n rosca 1 1\/2&#8243; BSP<br \/>\n* Peso kg 3,80 neto<\/p>\n","protected":false},"featured_media":2132,"comment_status":"open","ping_status":"closed","template":"","meta":{"_eb_attr":""},"product_brand":[],"product_cat":[23,29],"product_tag":[98],"class_list":{"0":"post-2131","1":"product","2":"type-product","3":"status-publish","4":"has-post-thumbnail","6":"product_cat-bombas","7":"product_cat-desagote","8":"product_tag-rowa","10":"first","11":"instock","12":"sold-individually","13":"shipping-taxable","14":"purchasable","15":"product-type-simple"},"_links":{"self":[{"href":"https:\/\/tusta.com.ar\/index.php\/wp-json\/wp\/v2\/product\/2131","targetHints":{"allow":["GET"]}}],"collection":[{"href":"https:\/\/tusta.com.ar\/index.php\/wp-json\/wp\/v2\/product"}],"about":[{"href":"https:\/\/tusta.com.ar\/index.php\/wp-json\/wp\/v2\/types\/product"}],"replies":[{"embeddable":true,"href":"https:\/\/tusta.com.ar\/index.php\/wp-json\/wp\/v2\/comments?post=2131"}],"version-history":[{"count":5,"href":"https:\/\/tusta.com.ar\/index.php\/wp-json\/wp\/v2\/product\/2131\/revisions"}],"predecessor-version":[{"id":4282,"href":"https:\/\/tusta.com.ar\/index.php\/wp-json\/wp\/v2\/product\/2131\/revisions\/4282"}],"wp:featuredmedia":[{"embeddable":true,"href":"https:\/\/tusta.com.ar\/index.php\/wp-json\/wp\/v2\/media\/2132"}],"wp:attachment":[{"href":"https:\/\/tusta.com.ar\/index.php\/wp-json\/wp\/v2\/media?parent=2131"}],"wp:term":[{"taxonomy":"product_brand","embeddable":true,"href":"https:\/\/tusta.com.ar\/index.php\/wp-json\/wp\/v2\/product_brand?post=2131"},{"taxonomy":"product_cat","embeddable":true,"href":"https:\/\/tusta.com.ar\/index.php\/wp-json\/wp\/v2\/product_cat?post=2131"},{"taxonomy":"product_tag","embeddable":true,"href":"https:\/\/tusta.com.ar\/index.php\/wp-json\/wp\/v2\/product_tag?post=2131"}],"curies":[{"name":"wp","href":"https:\/\/api.w.org\/{rel}","templated":true}]}}