{"id":2362,"date":"2024-06-07T19:59:36","date_gmt":"2024-06-07T17:59:36","guid":{"rendered":"https:\/\/tusta.com.ar\/?post_type=product&#038;p=2362"},"modified":"2025-10-20T12:06:38","modified_gmt":"2025-10-20T15:06:38","slug":"cocina-industrial-acero-inoxidable-corbelli-cfhh-70","status":"publish","type":"product","link":"https:\/\/tusta.com.ar\/index.php\/producto\/cocina-industrial-acero-inoxidable-corbelli-cfhh-70\/","title":{"rendered":"Cocina Industrial Acero Inoxidable Corbelli CFHH 70"},"content":{"rendered":"<ul>\n<li><strong>Exterior:<\/strong> Acero inoxidable calidad AISI 430 esmerilado de 1 mm.<\/li>\n<li><strong>Rejillas y tapas de quemadores:<\/strong> Hierro fundido.<\/li>\n<li><strong>Horno:<\/strong> Piso en tejuelas refractarias, puerta con resorte industrial, v\u00e1lvula de seguridad en el horno, quemador longitudinal, pir\u00f3metro indicador de la temperatura y aislaci\u00f3n del exterior mediante vrac, accesorios: 2 rejillas.<\/li>\n<li>Configuraciones: 4 Hornallas, 3 Hornallas, 2 Hornallas + Plancha Bifera, 2 Hornallas + Ba\u00f1o Mar\u00eda<\/li>\n<li>Conexi\u00f3n: Gas \u00f8 1\/2\u201d<\/li>\n<li>Funcionamiento: Gas natural o envasado<\/li>\n<\/ul>\n","protected":false},"excerpt":{"rendered":"<ul>\n<li>Medidas:<\/li>\n<li>EXTERIOR: 87 alto x 70 ancho x 72 cm prof.<\/li>\n<li>INTERIOR HORNO: 35 alto x 48 ancho x 64 cm prof.<\/li>\n<\/ul>\n","protected":false},"featured_media":2363,"comment_status":"open","ping_status":"closed","template":"","meta":{"_eb_attr":""},"product_brand":[],"product_cat":[41,289,42,153],"product_tag":[95],"class_list":{"0":"post-2362","1":"product","2":"type-product","3":"status-publish","4":"has-post-thumbnail","6":"product_cat-cocinas","7":"product_cat-cocinas-industriales","8":"product_cat-gas","9":"product_cat-linea-industrial","10":"product_tag-corbelli","12":"first","13":"onbackorder","14":"shipping-taxable","15":"product-type-simple"},"_links":{"self":[{"href":"https:\/\/tusta.com.ar\/index.php\/wp-json\/wp\/v2\/product\/2362","targetHints":{"allow":["GET"]}}],"collection":[{"href":"https:\/\/tusta.com.ar\/index.php\/wp-json\/wp\/v2\/product"}],"about":[{"href":"https:\/\/tusta.com.ar\/index.php\/wp-json\/wp\/v2\/types\/product"}],"replies":[{"embeddable":true,"href":"https:\/\/tusta.com.ar\/index.php\/wp-json\/wp\/v2\/comments?post=2362"}],"version-history":[{"count":3,"href":"https:\/\/tusta.com.ar\/index.php\/wp-json\/wp\/v2\/product\/2362\/revisions"}],"predecessor-version":[{"id":4823,"href":"https:\/\/tusta.com.ar\/index.php\/wp-json\/wp\/v2\/product\/2362\/revisions\/4823"}],"wp:featuredmedia":[{"embeddable":true,"href":"https:\/\/tusta.com.ar\/index.php\/wp-json\/wp\/v2\/media\/2363"}],"wp:attachment":[{"href":"https:\/\/tusta.com.ar\/index.php\/wp-json\/wp\/v2\/media?parent=2362"}],"wp:term":[{"taxonomy":"product_brand","embeddable":true,"href":"https:\/\/tusta.com.ar\/index.php\/wp-json\/wp\/v2\/product_brand?post=2362"},{"taxonomy":"product_cat","embeddable":true,"href":"https:\/\/tusta.com.ar\/index.php\/wp-json\/wp\/v2\/product_cat?post=2362"},{"taxonomy":"product_tag","embeddable":true,"href":"https:\/\/tusta.com.ar\/index.php\/wp-json\/wp\/v2\/product_tag?post=2362"}],"curies":[{"name":"wp","href":"https:\/\/api.w.org\/{rel}","templated":true}]}}