{"id":2380,"date":"2024-06-07T20:16:41","date_gmt":"2024-06-07T18:16:41","guid":{"rendered":"https:\/\/tusta.com.ar\/?post_type=product&#038;p=2380"},"modified":"2025-11-21T14:11:25","modified_gmt":"2025-11-21T17:11:25","slug":"cocina-industrial-acero-inoxidable-corbelli-cfhh-100","status":"publish","type":"product","link":"https:\/\/tusta.com.ar\/index.php\/producto\/cocina-industrial-acero-inoxidable-corbelli-cfhh-100\/","title":{"rendered":"Cocina Industrial Acero Inoxidable Corbelli CFHH 100 6H"},"content":{"rendered":"<p>Medidas:<br \/>\nEXTERIOR: 87 alto x 100 ancho x 72 cm prof.<br \/>\nINTERIOR HORNO: 35 alto x 78 ancho x 64 cm prof.<\/p>\n","protected":false},"excerpt":{"rendered":"<p>Exterior: Acero inoxidable calidad AISI 430 esmerilado de 1 mm.<br \/>\nRejillas y tapas de quemadores: Hierro fundido.<br \/>\nHorno: Piso en tejuelas refractarias, puerta con resorte industrial, v\u00e1lvula de seguridad en el horno, quemador longitudinal, pir\u00f3metro indicador de la temperatura y aislaci\u00f3n del exterior mediante vrac, accesorios: 2 rejillas.<br \/>\nConfiguraci\u00f3n: 6 Hornallas.<br \/>\nConexi\u00f3n: Gas \u00f8 1\/2\u201d<br \/>\nFuncionamiento: Gas natural.<\/p>\n","protected":false},"featured_media":2381,"comment_status":"open","ping_status":"closed","template":"","meta":{"_eb_attr":""},"product_brand":[],"product_cat":[41,289,42,153],"product_tag":[95],"class_list":{"0":"post-2380","1":"product","2":"type-product","3":"status-publish","4":"has-post-thumbnail","6":"product_cat-cocinas","7":"product_cat-cocinas-industriales","8":"product_cat-gas","9":"product_cat-linea-industrial","10":"product_tag-corbelli","12":"first","13":"onbackorder","14":"sold-individually","15":"shipping-taxable","16":"product-type-simple"},"_links":{"self":[{"href":"https:\/\/tusta.com.ar\/index.php\/wp-json\/wp\/v2\/product\/2380","targetHints":{"allow":["GET"]}}],"collection":[{"href":"https:\/\/tusta.com.ar\/index.php\/wp-json\/wp\/v2\/product"}],"about":[{"href":"https:\/\/tusta.com.ar\/index.php\/wp-json\/wp\/v2\/types\/product"}],"replies":[{"embeddable":true,"href":"https:\/\/tusta.com.ar\/index.php\/wp-json\/wp\/v2\/comments?post=2380"}],"version-history":[{"count":5,"href":"https:\/\/tusta.com.ar\/index.php\/wp-json\/wp\/v2\/product\/2380\/revisions"}],"predecessor-version":[{"id":3973,"href":"https:\/\/tusta.com.ar\/index.php\/wp-json\/wp\/v2\/product\/2380\/revisions\/3973"}],"wp:featuredmedia":[{"embeddable":true,"href":"https:\/\/tusta.com.ar\/index.php\/wp-json\/wp\/v2\/media\/2381"}],"wp:attachment":[{"href":"https:\/\/tusta.com.ar\/index.php\/wp-json\/wp\/v2\/media?parent=2380"}],"wp:term":[{"taxonomy":"product_brand","embeddable":true,"href":"https:\/\/tusta.com.ar\/index.php\/wp-json\/wp\/v2\/product_brand?post=2380"},{"taxonomy":"product_cat","embeddable":true,"href":"https:\/\/tusta.com.ar\/index.php\/wp-json\/wp\/v2\/product_cat?post=2380"},{"taxonomy":"product_tag","embeddable":true,"href":"https:\/\/tusta.com.ar\/index.php\/wp-json\/wp\/v2\/product_tag?post=2380"}],"curies":[{"name":"wp","href":"https:\/\/api.w.org\/{rel}","templated":true}]}}