{"id":2402,"date":"2024-06-07T21:41:29","date_gmt":"2024-06-07T19:41:29","guid":{"rendered":"https:\/\/tusta.com.ar\/?post_type=product&#038;p=2402"},"modified":"2024-10-03T22:22:41","modified_gmt":"2024-10-03T20:22:41","slug":"horno-industrial-acero-inox-corbelli-cfh-70","status":"publish","type":"product","link":"https:\/\/tusta.com.ar\/index.php\/producto\/horno-industrial-acero-inox-corbelli-cfh-70\/","title":{"rendered":"Horno Industrial Acero Inox Corbelli CFH 70"},"content":{"rendered":"<ul>\n<li><strong>Horno:<\/strong> Piso en tejuelas refractarias, puerta con resorte industrial, v\u00e1lvula de seguridad, quemador longitudinal, pir\u00f3metro indicador de la temperatura y aislaci\u00f3n del exterior mediante vrac.<\/li>\n<li><strong>Accesorios:\u00a0<\/strong> 2 Rejillas.<\/li>\n<li>Potencia (Cal\/H): 9000<\/li>\n<li>Opcionales: Base<\/li>\n<li>Conexi\u00f3n: Gas \u00f8 1\/2\u201d<\/li>\n<li>Funcionamiento: Gas natural o envasado<\/li>\n<\/ul>\n","protected":false},"excerpt":{"rendered":"<ul>\n<li><strong class=\"titu\">Medidas:<\/strong><\/li>\n<li>EXTERIOR:\u00a065\u00a0alto x\u00a086\u00a0ancho x\u00a068\u00a0cm prof.<\/li>\n<li>INTERIOR:\u00a035\u00a0alto x\u00a048\u00a0ancho x\u00a064\u00a0cm prof.<\/li>\n<\/ul>\n","protected":false},"featured_media":2403,"comment_status":"open","ping_status":"closed","template":"","meta":{"_eb_attr":""},"product_brand":[],"product_cat":[48,47],"product_tag":[95],"class_list":{"0":"post-2402","1":"product","2":"type-product","3":"status-publish","4":"has-post-thumbnail","6":"product_cat-gas-hornos","7":"product_cat-hornos","8":"product_tag-corbelli","10":"first","11":"onbackorder","12":"shipping-taxable","13":"product-type-simple"},"_links":{"self":[{"href":"https:\/\/tusta.com.ar\/index.php\/wp-json\/wp\/v2\/product\/2402","targetHints":{"allow":["GET"]}}],"collection":[{"href":"https:\/\/tusta.com.ar\/index.php\/wp-json\/wp\/v2\/product"}],"about":[{"href":"https:\/\/tusta.com.ar\/index.php\/wp-json\/wp\/v2\/types\/product"}],"replies":[{"embeddable":true,"href":"https:\/\/tusta.com.ar\/index.php\/wp-json\/wp\/v2\/comments?post=2402"}],"version-history":[{"count":2,"href":"https:\/\/tusta.com.ar\/index.php\/wp-json\/wp\/v2\/product\/2402\/revisions"}],"predecessor-version":[{"id":2405,"href":"https:\/\/tusta.com.ar\/index.php\/wp-json\/wp\/v2\/product\/2402\/revisions\/2405"}],"wp:featuredmedia":[{"embeddable":true,"href":"https:\/\/tusta.com.ar\/index.php\/wp-json\/wp\/v2\/media\/2403"}],"wp:attachment":[{"href":"https:\/\/tusta.com.ar\/index.php\/wp-json\/wp\/v2\/media?parent=2402"}],"wp:term":[{"taxonomy":"product_brand","embeddable":true,"href":"https:\/\/tusta.com.ar\/index.php\/wp-json\/wp\/v2\/product_brand?post=2402"},{"taxonomy":"product_cat","embeddable":true,"href":"https:\/\/tusta.com.ar\/index.php\/wp-json\/wp\/v2\/product_cat?post=2402"},{"taxonomy":"product_tag","embeddable":true,"href":"https:\/\/tusta.com.ar\/index.php\/wp-json\/wp\/v2\/product_tag?post=2402"}],"curies":[{"name":"wp","href":"https:\/\/api.w.org\/{rel}","templated":true}]}}