{"id":2406,"date":"2024-06-07T21:52:42","date_gmt":"2024-06-07T19:52:42","guid":{"rendered":"https:\/\/tusta.com.ar\/?post_type=product&#038;p=2406"},"modified":"2024-09-02T21:03:09","modified_gmt":"2024-09-02T19:03:09","slug":"horno-industrial-acero-inox-corbelli-cfh-100","status":"publish","type":"product","link":"https:\/\/tusta.com.ar\/index.php\/producto\/horno-industrial-acero-inox-corbelli-cfh-100\/","title":{"rendered":"Horno Industrial Acero Inox Corbelli CFH 100"},"content":{"rendered":"<ul>\n<li><strong>Horno:<\/strong> Piso en tejuelas refractarias, puerta con resorte industrial, v\u00e1lvula de seguridad, quemador longitudinal, pir\u00f3metro indicador de la temperatura y aislaci\u00f3n del exterior mediante vrac.<\/li>\n<li><strong>Accesorios:\u00a0<\/strong> 2 Rejillas.<\/li>\n<li>Potencia (Cal\/H): 12000<\/li>\n<li>Opcionales: Base<\/li>\n<li>Conexi\u00f3n: Gas \u00f8 1\/2\u201d<\/li>\n<li>Funcionamiento: Gas natural o envasado<\/li>\n<\/ul>\n","protected":false},"excerpt":{"rendered":"<ul>\n<li><strong class=\"titu\">Medidas:<\/strong><\/li>\n<li>EXTERIOR: 65 alto x 1100 ancho x 68 cm prof.<\/li>\n<li>INTERIOR: 35 alto x 78 ancho x 64 cm prof.<\/li>\n<\/ul>\n","protected":false},"featured_media":2407,"comment_status":"open","ping_status":"closed","template":"","meta":{"_eb_attr":""},"product_brand":[],"product_cat":[48,47],"product_tag":[95],"class_list":{"0":"post-2406","1":"product","2":"type-product","3":"status-publish","4":"has-post-thumbnail","6":"product_cat-gas-hornos","7":"product_cat-hornos","8":"product_tag-corbelli","10":"first","11":"onbackorder","12":"shipping-taxable","13":"product-type-simple"},"_links":{"self":[{"href":"https:\/\/tusta.com.ar\/index.php\/wp-json\/wp\/v2\/product\/2406","targetHints":{"allow":["GET"]}}],"collection":[{"href":"https:\/\/tusta.com.ar\/index.php\/wp-json\/wp\/v2\/product"}],"about":[{"href":"https:\/\/tusta.com.ar\/index.php\/wp-json\/wp\/v2\/types\/product"}],"replies":[{"embeddable":true,"href":"https:\/\/tusta.com.ar\/index.php\/wp-json\/wp\/v2\/comments?post=2406"}],"version-history":[{"count":1,"href":"https:\/\/tusta.com.ar\/index.php\/wp-json\/wp\/v2\/product\/2406\/revisions"}],"predecessor-version":[{"id":2408,"href":"https:\/\/tusta.com.ar\/index.php\/wp-json\/wp\/v2\/product\/2406\/revisions\/2408"}],"wp:featuredmedia":[{"embeddable":true,"href":"https:\/\/tusta.com.ar\/index.php\/wp-json\/wp\/v2\/media\/2407"}],"wp:attachment":[{"href":"https:\/\/tusta.com.ar\/index.php\/wp-json\/wp\/v2\/media?parent=2406"}],"wp:term":[{"taxonomy":"product_brand","embeddable":true,"href":"https:\/\/tusta.com.ar\/index.php\/wp-json\/wp\/v2\/product_brand?post=2406"},{"taxonomy":"product_cat","embeddable":true,"href":"https:\/\/tusta.com.ar\/index.php\/wp-json\/wp\/v2\/product_cat?post=2406"},{"taxonomy":"product_tag","embeddable":true,"href":"https:\/\/tusta.com.ar\/index.php\/wp-json\/wp\/v2\/product_tag?post=2406"}],"curies":[{"name":"wp","href":"https:\/\/api.w.org\/{rel}","templated":true}]}}