{"id":2759,"date":"2024-10-03T16:08:43","date_gmt":"2024-10-03T14:08:43","guid":{"rendered":"https:\/\/tusta.com.ar\/?post_type=product&#038;p=2759"},"modified":"2026-04-16T14:59:28","modified_gmt":"2026-04-16T17:59:28","slug":"tanque-rotoplas-2800-lts-tricapa-cisterna-estandar-sin-accesorios","status":"publish","type":"product","link":"https:\/\/tusta.com.ar\/index.php\/producto\/tanque-rotoplas-2800-lts-tricapa-cisterna-estandar-sin-accesorios\/","title":{"rendered":"Tanque Rotoplas 2800 Lts Tricapa Cisterna Estandar Sin Accesorios"},"content":{"rendered":"<ul>\n<li>Medidas: di\u00e1metro 155 cm, altura 195 cm.<\/li>\n<li>\u00danicas con capa antibacteriana. Tapa Click con cierre perfecto.<\/li>\n<li>M\u00e1s resistente, con nervaduras de refuerzo.<\/li>\n<li>Fabricadas en una sola pieza, sin filtraciones.<\/li>\n<li>No generan olor ni sabor al agua almacenada.<\/li>\n<li>F\u00e1cil de transportar.<\/li>\n<li>F\u00e1cil de instalar, no se necesitan herramientas especializadas.<\/li>\n<li>Garant\u00eda 10 a\u00f1os Rotoplas.<\/li>\n<li>No incluye accesorios.<\/li>\n<\/ul>\n","protected":false},"excerpt":{"rendered":"<p>Medidas: di\u00e1metro 155 cm, altura 195 cm. \u00danicas con capa antibacteriana. Tapa Click con cierre perfecto. M\u00e1s resistente, con nervaduras de refuerzo. Fabricadas en una sola pieza, sin filtraciones. No generan olor ni sabor al agua almacenada. F\u00e1cil de transportar. F\u00e1cil de instalar, no se necesitan herramientas especializadas. Garant\u00eda 10 a\u00f1os Rotoplas. No incluye accesorios.<\/p>\n","protected":false},"featured_media":1136,"comment_status":"open","ping_status":"closed","template":"","meta":{"_eb_attr":""},"product_brand":[],"product_cat":[81,79],"product_tag":[97],"class_list":{"0":"post-2759","1":"product","2":"type-product","3":"status-publish","4":"has-post-thumbnail","6":"product_cat-cisternas","7":"product_cat-tanques-de-agua","8":"product_tag-rotoplas","10":"first","11":"instock","12":"sold-individually","13":"shipping-taxable","14":"purchasable","15":"product-type-simple"},"_links":{"self":[{"href":"https:\/\/tusta.com.ar\/index.php\/wp-json\/wp\/v2\/product\/2759","targetHints":{"allow":["GET"]}}],"collection":[{"href":"https:\/\/tusta.com.ar\/index.php\/wp-json\/wp\/v2\/product"}],"about":[{"href":"https:\/\/tusta.com.ar\/index.php\/wp-json\/wp\/v2\/types\/product"}],"replies":[{"embeddable":true,"href":"https:\/\/tusta.com.ar\/index.php\/wp-json\/wp\/v2\/comments?post=2759"}],"version-history":[{"count":4,"href":"https:\/\/tusta.com.ar\/index.php\/wp-json\/wp\/v2\/product\/2759\/revisions"}],"predecessor-version":[{"id":3962,"href":"https:\/\/tusta.com.ar\/index.php\/wp-json\/wp\/v2\/product\/2759\/revisions\/3962"}],"wp:featuredmedia":[{"embeddable":true,"href":"https:\/\/tusta.com.ar\/index.php\/wp-json\/wp\/v2\/media\/1136"}],"wp:attachment":[{"href":"https:\/\/tusta.com.ar\/index.php\/wp-json\/wp\/v2\/media?parent=2759"}],"wp:term":[{"taxonomy":"product_brand","embeddable":true,"href":"https:\/\/tusta.com.ar\/index.php\/wp-json\/wp\/v2\/product_brand?post=2759"},{"taxonomy":"product_cat","embeddable":true,"href":"https:\/\/tusta.com.ar\/index.php\/wp-json\/wp\/v2\/product_cat?post=2759"},{"taxonomy":"product_tag","embeddable":true,"href":"https:\/\/tusta.com.ar\/index.php\/wp-json\/wp\/v2\/product_tag?post=2759"}],"curies":[{"name":"wp","href":"https:\/\/api.w.org\/{rel}","templated":true}]}}