{"id":2761,"date":"2024-10-03T16:08:49","date_gmt":"2024-10-03T14:08:49","guid":{"rendered":"https:\/\/tusta.com.ar\/?post_type=product&#038;p=2761"},"modified":"2026-04-16T14:59:01","modified_gmt":"2026-04-16T17:59:01","slug":"tanque-rotoplas-1000-lts-tricapa-cisterna-modular-sin-accesorios","status":"publish","type":"product","link":"https:\/\/tusta.com.ar\/index.php\/producto\/tanque-rotoplas-1000-lts-tricapa-cisterna-modular-sin-accesorios\/","title":{"rendered":"Tanque Rotoplas 1000 Lts Tricapa Cisterna Modular Sin Accesorios"},"content":{"rendered":"<ul>\n<li>Medidas: frente 110 cm, altura 110 cm, profundidad 110 cm.<\/li>\n<li>\u00danicas con recubrimiento antibacteriano.<\/li>\n<li>S\u00faper resistentes.<\/li>\n<li>Aptas para colocar bajo tierra. Fabricadas en una sola pieza.<\/li>\n<li>No generan olor ni sabor al agua almacenada.<\/li>\n<li>F\u00e1cil de transportar.<\/li>\n<li>F\u00e1cil de instalar, no se necesitan herramientas especializadas.<\/li>\n<li>Garant\u00eda 10 a\u00f1os Rotoplas.<\/li>\n<li>No incluye accesorios.<\/li>\n<\/ul>\n","protected":false},"excerpt":{"rendered":"<p>Medidas: frente 110 cm, altura 110 cm, profundidad 110 cm. \u00danicas con recubrimiento antibacteriano. S\u00faper resistentes. Aptas para colocar bajo tierra. Fabricadas en una sola pieza. No generan olor ni sabor al agua almacenada. F\u00e1cil de transportar. F\u00e1cil de instalar, no se necesitan herramientas especializadas. Garant\u00eda 10 a\u00f1os Rotoplas. No incluye accesorios.<\/p>\n","protected":false},"featured_media":1134,"comment_status":"open","ping_status":"closed","template":"","meta":{"_eb_attr":""},"product_brand":[],"product_cat":[81,79],"product_tag":[97],"class_list":{"0":"post-2761","1":"product","2":"type-product","3":"status-publish","4":"has-post-thumbnail","6":"product_cat-cisternas","7":"product_cat-tanques-de-agua","8":"product_tag-rotoplas","10":"first","11":"instock","12":"sold-individually","13":"shipping-taxable","14":"purchasable","15":"product-type-simple"},"_links":{"self":[{"href":"https:\/\/tusta.com.ar\/index.php\/wp-json\/wp\/v2\/product\/2761","targetHints":{"allow":["GET"]}}],"collection":[{"href":"https:\/\/tusta.com.ar\/index.php\/wp-json\/wp\/v2\/product"}],"about":[{"href":"https:\/\/tusta.com.ar\/index.php\/wp-json\/wp\/v2\/types\/product"}],"replies":[{"embeddable":true,"href":"https:\/\/tusta.com.ar\/index.php\/wp-json\/wp\/v2\/comments?post=2761"}],"version-history":[{"count":2,"href":"https:\/\/tusta.com.ar\/index.php\/wp-json\/wp\/v2\/product\/2761\/revisions"}],"predecessor-version":[{"id":2769,"href":"https:\/\/tusta.com.ar\/index.php\/wp-json\/wp\/v2\/product\/2761\/revisions\/2769"}],"wp:featuredmedia":[{"embeddable":true,"href":"https:\/\/tusta.com.ar\/index.php\/wp-json\/wp\/v2\/media\/1134"}],"wp:attachment":[{"href":"https:\/\/tusta.com.ar\/index.php\/wp-json\/wp\/v2\/media?parent=2761"}],"wp:term":[{"taxonomy":"product_brand","embeddable":true,"href":"https:\/\/tusta.com.ar\/index.php\/wp-json\/wp\/v2\/product_brand?post=2761"},{"taxonomy":"product_cat","embeddable":true,"href":"https:\/\/tusta.com.ar\/index.php\/wp-json\/wp\/v2\/product_cat?post=2761"},{"taxonomy":"product_tag","embeddable":true,"href":"https:\/\/tusta.com.ar\/index.php\/wp-json\/wp\/v2\/product_tag?post=2761"}],"curies":[{"name":"wp","href":"https:\/\/api.w.org\/{rel}","templated":true}]}}