{"id":2770,"date":"2024-10-03T16:29:40","date_gmt":"2024-10-03T14:29:40","guid":{"rendered":"https:\/\/tusta.com.ar\/?post_type=product&#038;p=2770"},"modified":"2026-03-23T18:36:19","modified_gmt":"2026-03-23T21:36:19","slug":"motorarg-bc-75-impulsor-acero-inoxidable","status":"publish","type":"product","link":"https:\/\/tusta.com.ar\/index.php\/producto\/motorarg-bc-75-impulsor-acero-inoxidable\/","title":{"rendered":"Motorarg BC 75 Impulsor Acero Inoxidable"},"content":{"rendered":"<p>Potencia: 3\/4 hp<br \/>\nTensi\u00f3n: Monof\u00e1sica<br \/>\nAltura m\u00e1x: 30 m.c.a.<br \/>\nCaudal m\u00e1x: 5,6 m3\/h<\/p>\n","protected":false},"excerpt":{"rendered":"<p>La l\u00ednea de electrobombas centr\u00edfugas monoblock \u00abBC\u00bb est\u00e1 dise\u00f1ada para el bombeo de agua limpia para elevaci\u00f3n a tanques cisternas, en sistemas de presurizaci\u00f3n y en riegos.<br \/>\nCuerpo de hierro fundido<br \/>\nImpulsor de ACERO INOXIDABLE<br \/>\nPortasello de acero inoxidable<br \/>\nEje de Acero Inoxidable: prolonga la vida \u00fatil del equipo.<br \/>\nProtector t\u00e9rmico incorporado (en monof\u00e1sicas)<br \/>\nMotor aislaci\u00f3n clase B \u2013 IP 44<br \/>\nCumplen con las normas de seguridad el\u00e9ctrica internacionales IEC<\/p>\n<p>&nbsp;<\/p>\n<p>&nbsp;<\/p>\n","protected":false},"featured_media":571,"comment_status":"open","ping_status":"closed","template":"","meta":{"_eb_attr":""},"product_brand":[],"product_cat":[23,25],"product_tag":[100],"class_list":{"0":"post-2770","1":"product","2":"type-product","3":"status-publish","4":"has-post-thumbnail","6":"product_cat-bombas","7":"product_cat-centrifugas","8":"product_tag-motorarg","10":"first","11":"instock","12":"shipping-taxable","13":"product-type-simple"},"_links":{"self":[{"href":"https:\/\/tusta.com.ar\/index.php\/wp-json\/wp\/v2\/product\/2770","targetHints":{"allow":["GET"]}}],"collection":[{"href":"https:\/\/tusta.com.ar\/index.php\/wp-json\/wp\/v2\/product"}],"about":[{"href":"https:\/\/tusta.com.ar\/index.php\/wp-json\/wp\/v2\/types\/product"}],"replies":[{"embeddable":true,"href":"https:\/\/tusta.com.ar\/index.php\/wp-json\/wp\/v2\/comments?post=2770"}],"version-history":[{"count":5,"href":"https:\/\/tusta.com.ar\/index.php\/wp-json\/wp\/v2\/product\/2770\/revisions"}],"predecessor-version":[{"id":4349,"href":"https:\/\/tusta.com.ar\/index.php\/wp-json\/wp\/v2\/product\/2770\/revisions\/4349"}],"wp:featuredmedia":[{"embeddable":true,"href":"https:\/\/tusta.com.ar\/index.php\/wp-json\/wp\/v2\/media\/571"}],"wp:attachment":[{"href":"https:\/\/tusta.com.ar\/index.php\/wp-json\/wp\/v2\/media?parent=2770"}],"wp:term":[{"taxonomy":"product_brand","embeddable":true,"href":"https:\/\/tusta.com.ar\/index.php\/wp-json\/wp\/v2\/product_brand?post=2770"},{"taxonomy":"product_cat","embeddable":true,"href":"https:\/\/tusta.com.ar\/index.php\/wp-json\/wp\/v2\/product_cat?post=2770"},{"taxonomy":"product_tag","embeddable":true,"href":"https:\/\/tusta.com.ar\/index.php\/wp-json\/wp\/v2\/product_tag?post=2770"}],"curies":[{"name":"wp","href":"https:\/\/api.w.org\/{rel}","templated":true}]}}