{"id":2778,"date":"2024-10-03T22:05:19","date_gmt":"2024-10-03T20:05:19","guid":{"rendered":"https:\/\/tusta.com.ar\/?post_type=product&#038;p=2778"},"modified":"2026-03-13T13:55:22","modified_gmt":"2026-03-13T16:55:22","slug":"pasamanos-corto-para-2-escalones-vulcano","status":"publish","type":"product","link":"https:\/\/tusta.com.ar\/index.php\/producto\/pasamanos-corto-para-2-escalones-vulcano\/","title":{"rendered":"Pasamanos corto para 2 escalones Vulcano"},"content":{"rendered":"","protected":false},"excerpt":{"rendered":"<ul>\n<li>Pasamanos Vulcano corto para 2 escalones. Fabricado de acero inoxidable 304, tiene un di\u00e1metro \u00f838,1 mm y terminaci\u00f3n pulida brillante.<\/li>\n<li><b>S\u00f3lo para piscinas de hormig\u00f3n.<\/b><\/li>\n<li>Es un accesorio auxiliar que correctamente ubicado y fijado, permite realizar movimientos c\u00f3modos y seguros dentro de la piscina.<\/li>\n<\/ul>\n","protected":false},"featured_media":2779,"comment_status":"open","ping_status":"closed","template":"","meta":{"_eb_attr":""},"product_brand":[],"product_cat":[186,55],"product_tag":[112],"class_list":{"0":"post-2778","1":"product","2":"type-product","3":"status-publish","4":"has-post-thumbnail","6":"product_cat-pasamanos","7":"product_cat-piscina","8":"product_tag-vulcano","10":"first","11":"instock","12":"shipping-taxable","13":"product-type-simple"},"_links":{"self":[{"href":"https:\/\/tusta.com.ar\/index.php\/wp-json\/wp\/v2\/product\/2778","targetHints":{"allow":["GET"]}}],"collection":[{"href":"https:\/\/tusta.com.ar\/index.php\/wp-json\/wp\/v2\/product"}],"about":[{"href":"https:\/\/tusta.com.ar\/index.php\/wp-json\/wp\/v2\/types\/product"}],"replies":[{"embeddable":true,"href":"https:\/\/tusta.com.ar\/index.php\/wp-json\/wp\/v2\/comments?post=2778"}],"version-history":[{"count":1,"href":"https:\/\/tusta.com.ar\/index.php\/wp-json\/wp\/v2\/product\/2778\/revisions"}],"predecessor-version":[{"id":2780,"href":"https:\/\/tusta.com.ar\/index.php\/wp-json\/wp\/v2\/product\/2778\/revisions\/2780"}],"wp:featuredmedia":[{"embeddable":true,"href":"https:\/\/tusta.com.ar\/index.php\/wp-json\/wp\/v2\/media\/2779"}],"wp:attachment":[{"href":"https:\/\/tusta.com.ar\/index.php\/wp-json\/wp\/v2\/media?parent=2778"}],"wp:term":[{"taxonomy":"product_brand","embeddable":true,"href":"https:\/\/tusta.com.ar\/index.php\/wp-json\/wp\/v2\/product_brand?post=2778"},{"taxonomy":"product_cat","embeddable":true,"href":"https:\/\/tusta.com.ar\/index.php\/wp-json\/wp\/v2\/product_cat?post=2778"},{"taxonomy":"product_tag","embeddable":true,"href":"https:\/\/tusta.com.ar\/index.php\/wp-json\/wp\/v2\/product_tag?post=2778"}],"curies":[{"name":"wp","href":"https:\/\/api.w.org\/{rel}","templated":true}]}}