{"id":3048,"date":"2024-12-28T15:41:12","date_gmt":"2024-12-28T14:41:12","guid":{"rendered":"https:\/\/tusta.com.ar\/?post_type=product&#038;p=3048"},"modified":"2025-05-12T18:41:52","modified_gmt":"2025-05-12T16:41:52","slug":"pastillas-triple-accion-x-5-kg-vulclor-vulcano","status":"publish","type":"product","link":"https:\/\/tusta.com.ar\/index.php\/producto\/pastillas-triple-accion-x-5-kg-vulclor-vulcano\/","title":{"rendered":"Pastillas Triple Acci\u00f3n x 5 Kg Vulclor Vulcano"},"content":{"rendered":"<p>Triple acci\u00f3n en pastillas Vulcano x 200 g. Eficaz bactericida de disoluci\u00f3n lenta con propiedades desinfectantes, bactericidas, alguicidas y clarificantes. Ideal para mantenimiento espor\u00e1dico de la piscina; no incrementa la alcalinidad del agua, se mantiene estable ante la acci\u00f3n del sol y es de alto poder residual. Presentaci\u00f3n 5 kg.<\/p>\n","protected":false},"excerpt":{"rendered":"<p>Triple acci\u00f3n en pastillas Vulcano x 200 g. Eficaz bactericida de disoluci\u00f3n lenta con propiedades desinfectantes, bactericidas, alguicidas y clarificantes. Ideal para mantenimiento espor\u00e1dico de la piscina; no incrementa la alcalinidad del agua, se mantiene estable ante la acci\u00f3n del sol y es de alto poder residual. Presentaci\u00f3n 5 kg.<\/p>\n","protected":false},"featured_media":3049,"comment_status":"open","ping_status":"closed","template":"","meta":{"_eb_attr":""},"product_brand":[],"product_cat":[55,62],"product_tag":[112],"class_list":{"0":"post-3048","1":"product","2":"type-product","3":"status-publish","4":"has-post-thumbnail","6":"product_cat-piscina","7":"product_cat-productos-quimicos","8":"product_tag-vulcano","10":"first","11":"instock","12":"shipping-taxable","13":"product-type-simple"},"_links":{"self":[{"href":"https:\/\/tusta.com.ar\/index.php\/wp-json\/wp\/v2\/product\/3048","targetHints":{"allow":["GET"]}}],"collection":[{"href":"https:\/\/tusta.com.ar\/index.php\/wp-json\/wp\/v2\/product"}],"about":[{"href":"https:\/\/tusta.com.ar\/index.php\/wp-json\/wp\/v2\/types\/product"}],"replies":[{"embeddable":true,"href":"https:\/\/tusta.com.ar\/index.php\/wp-json\/wp\/v2\/comments?post=3048"}],"version-history":[{"count":1,"href":"https:\/\/tusta.com.ar\/index.php\/wp-json\/wp\/v2\/product\/3048\/revisions"}],"predecessor-version":[{"id":3050,"href":"https:\/\/tusta.com.ar\/index.php\/wp-json\/wp\/v2\/product\/3048\/revisions\/3050"}],"wp:featuredmedia":[{"embeddable":true,"href":"https:\/\/tusta.com.ar\/index.php\/wp-json\/wp\/v2\/media\/3049"}],"wp:attachment":[{"href":"https:\/\/tusta.com.ar\/index.php\/wp-json\/wp\/v2\/media?parent=3048"}],"wp:term":[{"taxonomy":"product_brand","embeddable":true,"href":"https:\/\/tusta.com.ar\/index.php\/wp-json\/wp\/v2\/product_brand?post=3048"},{"taxonomy":"product_cat","embeddable":true,"href":"https:\/\/tusta.com.ar\/index.php\/wp-json\/wp\/v2\/product_cat?post=3048"},{"taxonomy":"product_tag","embeddable":true,"href":"https:\/\/tusta.com.ar\/index.php\/wp-json\/wp\/v2\/product_tag?post=3048"}],"curies":[{"name":"wp","href":"https:\/\/api.w.org\/{rel}","templated":true}]}}