{"id":3107,"date":"2025-03-06T17:55:06","date_gmt":"2025-03-06T16:55:06","guid":{"rendered":"https:\/\/tusta.com.ar\/?post_type=product&#038;p=3107"},"modified":"2026-03-23T19:13:07","modified_gmt":"2026-03-23T22:13:07","slug":"campana-tst-yacuy-60","status":"publish","type":"product","link":"https:\/\/tusta.com.ar\/index.php\/producto\/campana-tst-yacuy-60\/","title":{"rendered":"Campana TST Yacuy 60"},"content":{"rendered":"<div class=\"title\"><strong>ESPECIFICACIONES T\u00c9CNICAS:<\/strong><\/div>\n<div class=\"txtEspec\"><span class=\"bold\">Extracci\u00f3n:<\/span>\u00a0900 m3\/h con salida libre.<\/div>\n<div class=\"txtEspec\">Motor: 210w.<br \/>\n<span class=\"bold\">Velocidades:<\/span>\u00a03.<br \/>\n<span class=\"bold\">Ancho:<\/span> 600 mm.<\/div>\n<div><\/div>\n<div>\n<div><strong>Comando Touch con sensor de movimiento:<\/strong> El controlador de esta campana cuenta con sensor de movimiento. Con solo deslizar su mano frente al comando puede activar diversas funciones.<\/div>\n<div>Al deslizar su mano frente al comando de izquierda a derecha puede encender el motor en la primera velocidad. Si lo hace nuevamente cambiar\u00e1 a la segunda velocidad y si desliza una vez mas cambiar\u00e1 a la velocidad m\u00e1xima.<\/div>\n<div>Al deslizar su mano frente al comando de derecha a izquierda se apagar\u00e1 la campana luego de 1 minuto. Si la desliza otra vez en el mismo sentido se apagar\u00e1 la campana.<\/div>\n<\/div>\n","protected":false},"excerpt":{"rendered":"<p><span class=\"bold\">MOTOR:<\/span>\u00a0Interno 6&#8242; de bajo nivel sonoro.<br \/>\n<span class=\"bold\">COMANDO:<\/span>\u00a0Touch con sensor de movimiento.<br \/>\n<span class=\"bold\">ILUMINACI\u00d3N:<\/span>\u00a0Tecnolog\u00eda led.<br \/>\n<span class=\"bold\">ACABADO:<\/span>\u00a0Vidrio negro templado, pintura epoxi negra.<br \/>\n<span class=\"bold\">ASPIRACI\u00d3N:<\/span>\u00a0Perimetral<br \/>\n<span class=\"bold\">CUBRE CA\u00d1O:<\/span> Extensible hasta 90 cm.<br \/>\n<span class=\"bold\">FILTRO:<\/span>\u00a0Met\u00e1lico lavable.<\/p>\n<p>Este producto se trae a pedido.<\/p>\n","protected":false},"featured_media":3108,"comment_status":"open","ping_status":"closed","template":"","meta":{"_eb_attr":""},"product_brand":[],"product_cat":[36,239,127,38,189],"product_tag":[94],"class_list":{"0":"post-3107","1":"product","2":"type-product","3":"status-publish","4":"has-post-thumbnail","6":"product_cat-campanas","7":"product_cat-campanas-pared-60","8":"product_cat-linea-acero","9":"product_cat-pared","10":"product_cat-yacuy","11":"product_tag-tst","13":"first","14":"instock","15":"shipping-taxable","16":"purchasable","17":"product-type-simple"},"_links":{"self":[{"href":"https:\/\/tusta.com.ar\/index.php\/wp-json\/wp\/v2\/product\/3107","targetHints":{"allow":["GET"]}}],"collection":[{"href":"https:\/\/tusta.com.ar\/index.php\/wp-json\/wp\/v2\/product"}],"about":[{"href":"https:\/\/tusta.com.ar\/index.php\/wp-json\/wp\/v2\/types\/product"}],"replies":[{"embeddable":true,"href":"https:\/\/tusta.com.ar\/index.php\/wp-json\/wp\/v2\/comments?post=3107"}],"version-history":[{"count":9,"href":"https:\/\/tusta.com.ar\/index.php\/wp-json\/wp\/v2\/product\/3107\/revisions"}],"predecessor-version":[{"id":5918,"href":"https:\/\/tusta.com.ar\/index.php\/wp-json\/wp\/v2\/product\/3107\/revisions\/5918"}],"wp:featuredmedia":[{"embeddable":true,"href":"https:\/\/tusta.com.ar\/index.php\/wp-json\/wp\/v2\/media\/3108"}],"wp:attachment":[{"href":"https:\/\/tusta.com.ar\/index.php\/wp-json\/wp\/v2\/media?parent=3107"}],"wp:term":[{"taxonomy":"product_brand","embeddable":true,"href":"https:\/\/tusta.com.ar\/index.php\/wp-json\/wp\/v2\/product_brand?post=3107"},{"taxonomy":"product_cat","embeddable":true,"href":"https:\/\/tusta.com.ar\/index.php\/wp-json\/wp\/v2\/product_cat?post=3107"},{"taxonomy":"product_tag","embeddable":true,"href":"https:\/\/tusta.com.ar\/index.php\/wp-json\/wp\/v2\/product_tag?post=3107"}],"curies":[{"name":"wp","href":"https:\/\/api.w.org\/{rel}","templated":true}]}}