{"id":3123,"date":"2025-03-12T18:11:06","date_gmt":"2025-03-12T17:11:06","guid":{"rendered":"https:\/\/tusta.com.ar\/?post_type=product&#038;p=3123"},"modified":"2026-03-31T10:39:35","modified_gmt":"2026-03-31T13:39:35","slug":"campana-tst-ibera-60","status":"publish","type":"product","link":"https:\/\/tusta.com.ar\/index.php\/producto\/campana-tst-ibera-60\/","title":{"rendered":"Campana TST Ibera 60"},"content":{"rendered":"<div class=\"txtEspec\">Medidas<\/div>\n<div>Ancho 59,5 cm<\/div>\n<div>Profundidad: cerrada 28 cm, extendida 48,5 cm<\/div>\n<div><\/div>\n<div><strong>Comando Touch con sensor de movimiento:<\/strong> El controlador de esta campana cuenta con sensor de movimiento. Con solo deslizar su mano frente al comando puede activar diversas funciones.<\/div>\n<div>Al deslizar su mano frente al comando de izquierda a derecha puede encender el motor en la primera velocidad. Si lo hace nuevamente cambiar\u00e1 a la segunda velocidad y si desliza una vez mas cambiar\u00e1 a la velocidad m\u00e1xima.<\/div>\n<div>Al deslizar su mano frente al comando de derecha a izquierda se apagar\u00e1 la campana luego de 1 minuto. Si la desliza otra vez en el mismo sentido se apagar\u00e1 la campana.<\/div>\n<p>&nbsp;<\/p>\n","protected":false},"excerpt":{"rendered":"<p>Motor interno 6&#8243; de bajo nivel sonoro.<br \/>\n3 Velocidades (1V\/2V\/3V).<br \/>\nBotonera touch con sensor de movimiento.<br \/>\nIluminaci\u00f3n con tecnolog\u00eda LED.<br \/>\nAcabado en acero inoxidable esmerilado y vidrio templado negro.<br \/>\nExtracci\u00f3n 800 m3\/h con salida al exterior.<br \/>\nIncluye: Filtros met\u00e1licos lavables.<br \/>\nConsulte stock antes de realizar la compra.<\/p>\n","protected":false},"featured_media":3124,"comment_status":"open","ping_status":"closed","template":"","meta":{"_eb_attr":""},"product_brand":[],"product_cat":[36,147,217],"product_tag":[94],"class_list":{"0":"post-3123","1":"product","2":"type-product","3":"status-publish","4":"has-post-thumbnail","6":"product_cat-campanas","7":"product_cat-empotrar","8":"product_cat-ibera","9":"product_tag-tst","11":"first","12":"instock","13":"sold-individually","14":"shipping-taxable","15":"purchasable","16":"product-type-simple"},"_links":{"self":[{"href":"https:\/\/tusta.com.ar\/index.php\/wp-json\/wp\/v2\/product\/3123","targetHints":{"allow":["GET"]}}],"collection":[{"href":"https:\/\/tusta.com.ar\/index.php\/wp-json\/wp\/v2\/product"}],"about":[{"href":"https:\/\/tusta.com.ar\/index.php\/wp-json\/wp\/v2\/types\/product"}],"replies":[{"embeddable":true,"href":"https:\/\/tusta.com.ar\/index.php\/wp-json\/wp\/v2\/comments?post=3123"}],"version-history":[{"count":8,"href":"https:\/\/tusta.com.ar\/index.php\/wp-json\/wp\/v2\/product\/3123\/revisions"}],"predecessor-version":[{"id":5953,"href":"https:\/\/tusta.com.ar\/index.php\/wp-json\/wp\/v2\/product\/3123\/revisions\/5953"}],"wp:featuredmedia":[{"embeddable":true,"href":"https:\/\/tusta.com.ar\/index.php\/wp-json\/wp\/v2\/media\/3124"}],"wp:attachment":[{"href":"https:\/\/tusta.com.ar\/index.php\/wp-json\/wp\/v2\/media?parent=3123"}],"wp:term":[{"taxonomy":"product_brand","embeddable":true,"href":"https:\/\/tusta.com.ar\/index.php\/wp-json\/wp\/v2\/product_brand?post=3123"},{"taxonomy":"product_cat","embeddable":true,"href":"https:\/\/tusta.com.ar\/index.php\/wp-json\/wp\/v2\/product_cat?post=3123"},{"taxonomy":"product_tag","embeddable":true,"href":"https:\/\/tusta.com.ar\/index.php\/wp-json\/wp\/v2\/product_tag?post=3123"}],"curies":[{"name":"wp","href":"https:\/\/api.w.org\/{rel}","templated":true}]}}