{"id":3154,"date":"2025-03-14T17:06:18","date_gmt":"2025-03-14T16:06:18","guid":{"rendered":"https:\/\/tusta.com.ar\/?post_type=product&#038;p=3154"},"modified":"2026-03-13T14:24:25","modified_gmt":"2026-03-13T17:24:25","slug":"iluminacion-lumipool-4w-luz-rgb-vulcano","status":"publish","type":"product","link":"https:\/\/tusta.com.ar\/index.php\/producto\/iluminacion-lumipool-4w-luz-rgb-vulcano\/","title":{"rendered":"Iluminaci\u00f3n Lumipool 4w luz RGB Vulcano"},"content":{"rendered":"<p><b>Caracter\u00edsticas t\u00e9cnicas<\/b><br \/>\n\u2022 Grado de protecci\u00f3n IP68.<br \/>\n\u2022 \u00c1ngulo de apertura de 150\u00ba.<br \/>\n\u2022 \u00c1rea de iluminaci\u00f3n 8 m\u00b2.<br \/>\n\u2022 Sistema de instalaci\u00f3n push in, encastre a presi\u00f3n en pasamuro.<br \/>\n\u2022 Garant\u00eda 1 a\u00f1o.<\/p>\n","protected":false},"excerpt":{"rendered":"<p>Luminaria subacu\u00e1tica LUMIPOOL Vulcano 4W de luz RGB 12 VCC.\u00a0<b>Desarrollada con lo \u00faltimo en tecnolog\u00eda, brinda excelente potencia de iluminaci\u00f3n con niveles muy bajos de consumo energ\u00e9tico.<\/b>\u00a0Esta luz, fabricada completamente en policarbonato led, es compacta y de f\u00e1cil instalaci\u00f3n.<\/p>\n","protected":false},"featured_media":3155,"comment_status":"open","ping_status":"closed","template":"","meta":{"_eb_attr":""},"product_brand":[],"product_cat":[69,55],"product_tag":[112],"class_list":{"0":"post-3154","1":"product","2":"type-product","3":"status-publish","4":"has-post-thumbnail","6":"product_cat-iluminacion","7":"product_cat-piscina","8":"product_tag-vulcano","10":"first","11":"instock","12":"shipping-taxable","13":"product-type-simple"},"_links":{"self":[{"href":"https:\/\/tusta.com.ar\/index.php\/wp-json\/wp\/v2\/product\/3154","targetHints":{"allow":["GET"]}}],"collection":[{"href":"https:\/\/tusta.com.ar\/index.php\/wp-json\/wp\/v2\/product"}],"about":[{"href":"https:\/\/tusta.com.ar\/index.php\/wp-json\/wp\/v2\/types\/product"}],"replies":[{"embeddable":true,"href":"https:\/\/tusta.com.ar\/index.php\/wp-json\/wp\/v2\/comments?post=3154"}],"version-history":[{"count":1,"href":"https:\/\/tusta.com.ar\/index.php\/wp-json\/wp\/v2\/product\/3154\/revisions"}],"predecessor-version":[{"id":3156,"href":"https:\/\/tusta.com.ar\/index.php\/wp-json\/wp\/v2\/product\/3154\/revisions\/3156"}],"wp:featuredmedia":[{"embeddable":true,"href":"https:\/\/tusta.com.ar\/index.php\/wp-json\/wp\/v2\/media\/3155"}],"wp:attachment":[{"href":"https:\/\/tusta.com.ar\/index.php\/wp-json\/wp\/v2\/media?parent=3154"}],"wp:term":[{"taxonomy":"product_brand","embeddable":true,"href":"https:\/\/tusta.com.ar\/index.php\/wp-json\/wp\/v2\/product_brand?post=3154"},{"taxonomy":"product_cat","embeddable":true,"href":"https:\/\/tusta.com.ar\/index.php\/wp-json\/wp\/v2\/product_cat?post=3154"},{"taxonomy":"product_tag","embeddable":true,"href":"https:\/\/tusta.com.ar\/index.php\/wp-json\/wp\/v2\/product_tag?post=3154"}],"curies":[{"name":"wp","href":"https:\/\/api.w.org\/{rel}","templated":true}]}}