{"id":3159,"date":"2025-03-14T17:11:51","date_gmt":"2025-03-14T16:11:51","guid":{"rendered":"https:\/\/tusta.com.ar\/?post_type=product&#038;p=3159"},"modified":"2026-03-13T14:27:09","modified_gmt":"2026-03-13T17:27:09","slug":"controlador-54w-para-luminaria-rgb-vulcano","status":"publish","type":"product","link":"https:\/\/tusta.com.ar\/index.php\/producto\/controlador-54w-para-luminaria-rgb-vulcano\/","title":{"rendered":"Controlador 54W para luminaria RGB Vulcano"},"content":{"rendered":"<div class=\"contenedor-tabla\"><b>Control Remoto:<\/b>\u00a0sumergible<\/div>\n<div>\n<div class=\"contenedor-tabla\"><b>Capacidad:<\/b>\u00a054W<\/div>\n<div class=\"contenedor-tabla\"><b>Entrada:<\/b>\u00a012 VCA<\/div>\n<div class=\"contenedor-tabla\"><b>Salida:<\/b>\u00a012 VCC<\/div>\n<\/div>\n","protected":false},"excerpt":{"rendered":"<p>Controlador Vulcano de 54W (12VCA) para luminaria subacu\u00e1ticas RGB. Permite controlar diferentes tipos de luces led RGB o monocrom\u00e1ticas mediante un control remoto. El equipo ofrece 15 funciones de iluminaci\u00f3n en modo RGB y 4 funciones en modo monocrom\u00e1tico. Incluye adem\u00e1s la funci\u00f3n de apagado autom\u00e1tico luego de 6 h de uso. Su control remoto es resistente al agua y en caso de sustituci\u00f3n es de f\u00e1cil configuraci\u00f3n. Se pueden vincular controles remotos extra a un mismo controlador.<\/p>\n","protected":false},"featured_media":3160,"comment_status":"open","ping_status":"closed","template":"","meta":{"_eb_attr":""},"product_brand":[],"product_cat":[69,55],"product_tag":[112],"class_list":{"0":"post-3159","1":"product","2":"type-product","3":"status-publish","4":"has-post-thumbnail","6":"product_cat-iluminacion","7":"product_cat-piscina","8":"product_tag-vulcano","10":"first","11":"instock","12":"shipping-taxable","13":"purchasable","14":"product-type-simple"},"_links":{"self":[{"href":"https:\/\/tusta.com.ar\/index.php\/wp-json\/wp\/v2\/product\/3159","targetHints":{"allow":["GET"]}}],"collection":[{"href":"https:\/\/tusta.com.ar\/index.php\/wp-json\/wp\/v2\/product"}],"about":[{"href":"https:\/\/tusta.com.ar\/index.php\/wp-json\/wp\/v2\/types\/product"}],"replies":[{"embeddable":true,"href":"https:\/\/tusta.com.ar\/index.php\/wp-json\/wp\/v2\/comments?post=3159"}],"version-history":[{"count":1,"href":"https:\/\/tusta.com.ar\/index.php\/wp-json\/wp\/v2\/product\/3159\/revisions"}],"predecessor-version":[{"id":3161,"href":"https:\/\/tusta.com.ar\/index.php\/wp-json\/wp\/v2\/product\/3159\/revisions\/3161"}],"wp:featuredmedia":[{"embeddable":true,"href":"https:\/\/tusta.com.ar\/index.php\/wp-json\/wp\/v2\/media\/3160"}],"wp:attachment":[{"href":"https:\/\/tusta.com.ar\/index.php\/wp-json\/wp\/v2\/media?parent=3159"}],"wp:term":[{"taxonomy":"product_brand","embeddable":true,"href":"https:\/\/tusta.com.ar\/index.php\/wp-json\/wp\/v2\/product_brand?post=3159"},{"taxonomy":"product_cat","embeddable":true,"href":"https:\/\/tusta.com.ar\/index.php\/wp-json\/wp\/v2\/product_cat?post=3159"},{"taxonomy":"product_tag","embeddable":true,"href":"https:\/\/tusta.com.ar\/index.php\/wp-json\/wp\/v2\/product_tag?post=3159"}],"curies":[{"name":"wp","href":"https:\/\/api.w.org\/{rel}","templated":true}]}}