{"id":3166,"date":"2025-03-14T17:26:16","date_gmt":"2025-03-14T16:26:16","guid":{"rendered":"https:\/\/tusta.com.ar\/?post_type=product&#038;p=3166"},"modified":"2026-03-12T17:55:53","modified_gmt":"2026-03-12T20:55:53","slug":"limpiafondo-triangular-vulcano","status":"publish","type":"product","link":"https:\/\/tusta.com.ar\/index.php\/producto\/limpiafondo-triangular-vulcano\/","title":{"rendered":"Limpiafondo Triangular Vulcano"},"content":{"rendered":"<p><b>Cepillos:<\/b>\u00a0intercambiables de polipropileno<\/p>\n","protected":false},"excerpt":{"rendered":"<p>Limpiafondos triangular Vulcano. Dispositivo para aspirar suciedad y residuos depositados en el fondo de la piscina. Para utilizarlo, se debe conectar la manguera flotante al acople de aspiraci\u00f3n y un mango fijo o telesc\u00f3pico.<\/p>\n<p>El\u00a0<b>modelo triangular<\/b> es robusto y pesado para mayor eficiencia en la remoci\u00f3n de suciedad del fondo, posee cepillos de polipropileno intercambiables y su dise\u00f1o permite limpiar f\u00e1cilmente <b>esquinas y recodos.<\/b><\/p>\n","protected":false},"featured_media":3167,"comment_status":"open","ping_status":"closed","template":"","meta":{"_eb_attr":""},"product_brand":[],"product_cat":[65,55],"product_tag":[112],"class_list":{"0":"post-3166","1":"product","2":"type-product","3":"status-publish","4":"has-post-thumbnail","6":"product_cat-limpiafondos","7":"product_cat-piscina","8":"product_tag-vulcano","10":"first","11":"instock","12":"shipping-taxable","13":"purchasable","14":"product-type-simple"},"_links":{"self":[{"href":"https:\/\/tusta.com.ar\/index.php\/wp-json\/wp\/v2\/product\/3166","targetHints":{"allow":["GET"]}}],"collection":[{"href":"https:\/\/tusta.com.ar\/index.php\/wp-json\/wp\/v2\/product"}],"about":[{"href":"https:\/\/tusta.com.ar\/index.php\/wp-json\/wp\/v2\/types\/product"}],"replies":[{"embeddable":true,"href":"https:\/\/tusta.com.ar\/index.php\/wp-json\/wp\/v2\/comments?post=3166"}],"version-history":[{"count":2,"href":"https:\/\/tusta.com.ar\/index.php\/wp-json\/wp\/v2\/product\/3166\/revisions"}],"predecessor-version":[{"id":3169,"href":"https:\/\/tusta.com.ar\/index.php\/wp-json\/wp\/v2\/product\/3166\/revisions\/3169"}],"wp:featuredmedia":[{"embeddable":true,"href":"https:\/\/tusta.com.ar\/index.php\/wp-json\/wp\/v2\/media\/3167"}],"wp:attachment":[{"href":"https:\/\/tusta.com.ar\/index.php\/wp-json\/wp\/v2\/media?parent=3166"}],"wp:term":[{"taxonomy":"product_brand","embeddable":true,"href":"https:\/\/tusta.com.ar\/index.php\/wp-json\/wp\/v2\/product_brand?post=3166"},{"taxonomy":"product_cat","embeddable":true,"href":"https:\/\/tusta.com.ar\/index.php\/wp-json\/wp\/v2\/product_cat?post=3166"},{"taxonomy":"product_tag","embeddable":true,"href":"https:\/\/tusta.com.ar\/index.php\/wp-json\/wp\/v2\/product_tag?post=3166"}],"curies":[{"name":"wp","href":"https:\/\/api.w.org\/{rel}","templated":true}]}}