{"id":3290,"date":"2025-04-11T22:08:43","date_gmt":"2025-04-11T20:08:43","guid":{"rendered":"https:\/\/tusta.com.ar\/?post_type=product&#038;p=3290"},"modified":"2026-03-12T17:32:39","modified_gmt":"2026-03-12T20:32:39","slug":"bomba-presurizadora-rowa-max-press-35-vf-compact-t-24","status":"publish","type":"product","link":"https:\/\/tusta.com.ar\/index.php\/producto\/bomba-presurizadora-rowa-max-press-35-vf-compact-t-24\/","title":{"rendered":"Rowa Max Press 35 VF Compact T-24 Bomba Presurizadora"},"content":{"rendered":"<p>Este equipo es apto para presurizaci\u00f3n de instalaciones con tanque cisterna o tanque de agua elevado. Por sus caracter\u00edsticas es ideal para viviendas de medianas y grandes dimensiones. Este producto se trae a pedido.<\/p>\n<p>Esta l\u00ednea combina las caracter\u00edsticas inherentes a la l\u00ednea MAX con el plus del variador de frecuencia, brindando as\u00ed una prestaci\u00f3n adicional para el consumidor que lo requiera. Como todo producto ROWA, fabricado con las m\u00e1s altas tecnolog\u00edas, dise\u00f1ado para brindar m\u00e1s agua a un cliente exigente.<\/p>\n<p>Nivel de confort muy alto. Hasta 3 plantas y 10 duchas.<\/p>\n","protected":false},"excerpt":{"rendered":"<ul>\n<li>Tensi\u00f3n 380 V.<\/li>\n<li>Potencia 1,5 hp.<\/li>\n<li>Tanque de expansi\u00f3n 24 L.<\/li>\n<li>Altura m\u00e1xima 37 mca.<\/li>\n<li>Caudal m\u00e1ximo 12000 L\/h.<\/li>\n<li>Garant\u00eda Rowa 2 a\u00f1os.<\/li>\n<\/ul>\n","protected":false},"featured_media":3291,"comment_status":"open","ping_status":"closed","template":"","meta":{"_eb_attr":""},"product_brand":[],"product_cat":[23,254,174,171,24,125],"product_tag":[98],"class_list":{"0":"post-3290","1":"product","2":"type-product","3":"status-publish","4":"has-post-thumbnail","6":"product_cat-bombas","7":"product_cat-instalaciones-medianas","8":"product_cat-max-press","9":"product_cat-press","10":"product_cat-presurizadoras","11":"product_cat-tanque-cisterna","12":"product_tag-rowa","14":"first","15":"outofstock","16":"sold-individually","17":"shipping-taxable","18":"purchasable","19":"product-type-simple"},"_links":{"self":[{"href":"https:\/\/tusta.com.ar\/index.php\/wp-json\/wp\/v2\/product\/3290","targetHints":{"allow":["GET"]}}],"collection":[{"href":"https:\/\/tusta.com.ar\/index.php\/wp-json\/wp\/v2\/product"}],"about":[{"href":"https:\/\/tusta.com.ar\/index.php\/wp-json\/wp\/v2\/types\/product"}],"replies":[{"embeddable":true,"href":"https:\/\/tusta.com.ar\/index.php\/wp-json\/wp\/v2\/comments?post=3290"}],"version-history":[{"count":5,"href":"https:\/\/tusta.com.ar\/index.php\/wp-json\/wp\/v2\/product\/3290\/revisions"}],"predecessor-version":[{"id":4363,"href":"https:\/\/tusta.com.ar\/index.php\/wp-json\/wp\/v2\/product\/3290\/revisions\/4363"}],"wp:featuredmedia":[{"embeddable":true,"href":"https:\/\/tusta.com.ar\/index.php\/wp-json\/wp\/v2\/media\/3291"}],"wp:attachment":[{"href":"https:\/\/tusta.com.ar\/index.php\/wp-json\/wp\/v2\/media?parent=3290"}],"wp:term":[{"taxonomy":"product_brand","embeddable":true,"href":"https:\/\/tusta.com.ar\/index.php\/wp-json\/wp\/v2\/product_brand?post=3290"},{"taxonomy":"product_cat","embeddable":true,"href":"https:\/\/tusta.com.ar\/index.php\/wp-json\/wp\/v2\/product_cat?post=3290"},{"taxonomy":"product_tag","embeddable":true,"href":"https:\/\/tusta.com.ar\/index.php\/wp-json\/wp\/v2\/product_tag?post=3290"}],"curies":[{"name":"wp","href":"https:\/\/api.w.org\/{rel}","templated":true}]}}