{"id":3299,"date":"2025-04-11T22:23:28","date_gmt":"2025-04-11T20:23:28","guid":{"rendered":"https:\/\/tusta.com.ar\/?post_type=product&#038;p=3299"},"modified":"2026-03-12T17:32:38","modified_gmt":"2026-03-12T20:32:38","slug":"bomba-presurizadora-rowa-max-press-360-vf-compact-t-24","status":"publish","type":"product","link":"https:\/\/tusta.com.ar\/index.php\/producto\/bomba-presurizadora-rowa-max-press-360-vf-compact-t-24\/","title":{"rendered":"Rowa Max Press 360 VF Compact T-24 Bomba Presurizadora"},"content":{"rendered":"<p>Este equipo es apto para presurizaci\u00f3n de instalaciones con tanque cisterna o tanque elevado. Por sus caracter\u00edsticas es ideal para edificios, condominios, hoteles, hoster\u00edas, residencias, establecimientos educativos, etc. Este producto se trae a pedido.<\/p>\n<p>Consta de una bomba trif\u00e1sica cuyo funcionamiento es controlado por un variador de frecuencia, un sensor de presi\u00f3n, un tanque hidroneum\u00e1tico y un gabinete el\u00e9ctrico con tablero de comando con pantalla de cristal l\u00edquido.<\/p>\n<p>&nbsp;<\/p>\n","protected":false},"excerpt":{"rendered":"<ul>\n<li>Tensi\u00f3n 380 V.<\/li>\n<li>Potencia 3 hp.<\/li>\n<li>Tanque de expansi\u00f3n 24 L.<\/li>\n<li>Altura m\u00e1xima 35 mca.<\/li>\n<li>Caudal m\u00e1ximo 17000 L\/h.<\/li>\n<li>Garant\u00eda Rowa 2 a\u00f1os.<\/li>\n<\/ul>\n","protected":false},"featured_media":3300,"comment_status":"open","ping_status":"closed","template":"","meta":{"_eb_attr":""},"product_brand":[],"product_cat":[23,254,174,171,24,125],"product_tag":[98],"class_list":{"0":"post-3299","1":"product","2":"type-product","3":"status-publish","4":"has-post-thumbnail","6":"product_cat-bombas","7":"product_cat-instalaciones-medianas","8":"product_cat-max-press","9":"product_cat-press","10":"product_cat-presurizadoras","11":"product_cat-tanque-cisterna","12":"product_tag-rowa","14":"first","15":"outofstock","16":"sold-individually","17":"shipping-taxable","18":"purchasable","19":"product-type-simple"},"_links":{"self":[{"href":"https:\/\/tusta.com.ar\/index.php\/wp-json\/wp\/v2\/product\/3299","targetHints":{"allow":["GET"]}}],"collection":[{"href":"https:\/\/tusta.com.ar\/index.php\/wp-json\/wp\/v2\/product"}],"about":[{"href":"https:\/\/tusta.com.ar\/index.php\/wp-json\/wp\/v2\/types\/product"}],"replies":[{"embeddable":true,"href":"https:\/\/tusta.com.ar\/index.php\/wp-json\/wp\/v2\/comments?post=3299"}],"version-history":[{"count":4,"href":"https:\/\/tusta.com.ar\/index.php\/wp-json\/wp\/v2\/product\/3299\/revisions"}],"predecessor-version":[{"id":4362,"href":"https:\/\/tusta.com.ar\/index.php\/wp-json\/wp\/v2\/product\/3299\/revisions\/4362"}],"wp:featuredmedia":[{"embeddable":true,"href":"https:\/\/tusta.com.ar\/index.php\/wp-json\/wp\/v2\/media\/3300"}],"wp:attachment":[{"href":"https:\/\/tusta.com.ar\/index.php\/wp-json\/wp\/v2\/media?parent=3299"}],"wp:term":[{"taxonomy":"product_brand","embeddable":true,"href":"https:\/\/tusta.com.ar\/index.php\/wp-json\/wp\/v2\/product_brand?post=3299"},{"taxonomy":"product_cat","embeddable":true,"href":"https:\/\/tusta.com.ar\/index.php\/wp-json\/wp\/v2\/product_cat?post=3299"},{"taxonomy":"product_tag","embeddable":true,"href":"https:\/\/tusta.com.ar\/index.php\/wp-json\/wp\/v2\/product_tag?post=3299"}],"curies":[{"name":"wp","href":"https:\/\/api.w.org\/{rel}","templated":true}]}}