{"id":3304,"date":"2025-04-11T22:30:58","date_gmt":"2025-04-11T20:30:58","guid":{"rendered":"https:\/\/tusta.com.ar\/?post_type=product&#038;p=3304"},"modified":"2026-03-12T17:32:38","modified_gmt":"2026-03-12T20:32:38","slug":"bomba-presurizadora-rowa-max-press-410-vf-compact-t-60","status":"publish","type":"product","link":"https:\/\/tusta.com.ar\/index.php\/producto\/bomba-presurizadora-rowa-max-press-410-vf-compact-t-60\/","title":{"rendered":"Rowa Max Press 410 VF Compact T-60 Bomba Presurizadora"},"content":{"rendered":"<p>Tensi\u00f3n 380 V.<br \/>\nPotencia 4 hp.<br \/>\nTipo de aislaci\u00f3n F.<br \/>\nAltura m\u00e1xima 35 mca.<br \/>\nCaudal m\u00e1ximo 19000 L\/h.<br \/>\nGarant\u00eda Rowa 2 a\u00f1os.<\/p>\n","protected":false},"excerpt":{"rendered":"<p>Aumento de la presi\u00f3n de agua en viviendas. Este equipo es apto para presurizaci\u00f3n de instalaciones con tanque cisterna o tanque elevado. Por sus caracter\u00edsticas es ideal para edificios medianos, hoster\u00edas, residencias, comercios, etc. Este producto se trae a pedido.<\/p>\n<p>Ventajas<\/p>\n<p>Mantiene la presi\u00f3n de salida constante, dentro de un amplio rango de caudal, provocado por las aperturas o cierres de los elementos sanitarios (grifer\u00edas, duchas, inodoros, etc.).<br \/>\nNo produce golpes de ariete.<br \/>\nLa bomba del equipo es ROWA y por ello es totalmente silenciosa.<br \/>\nNo requiere ning\u00fan mantenimiento.<br \/>\nSeguridad, confiabilidad<\/p>\n<p>Motor<\/p>\n<p>\u2022 Totalmente silencioso<br \/>\n\u2022 Bobinado protegido contra funcionamiento en seco, se apaga autom\u00e1ticamente.<br \/>\n\u2022 Posee protector t\u00e9rmico incorporado.<\/p>\n<p>Conexiones<\/p>\n<p>\u2022 Entrada y salida con rosca de 11\/2\u201d<br \/>\n\u2022 2 v\u00e1lvulas esf\u00e9ricas con uniones dobles (bronce)<br \/>\n\u2022 Conexi\u00f3n el\u00e9ctrica directa a la red<\/p>\n","protected":false},"featured_media":3295,"comment_status":"open","ping_status":"closed","template":"","meta":{"_eb_attr":""},"product_brand":[],"product_cat":[23,254,174,171,24,125],"product_tag":[98],"class_list":{"0":"post-3304","1":"product","2":"type-product","3":"status-publish","4":"has-post-thumbnail","6":"product_cat-bombas","7":"product_cat-instalaciones-medianas","8":"product_cat-max-press","9":"product_cat-press","10":"product_cat-presurizadoras","11":"product_cat-tanque-cisterna","12":"product_tag-rowa","14":"first","15":"outofstock","16":"sold-individually","17":"shipping-taxable","18":"purchasable","19":"product-type-simple"},"_links":{"self":[{"href":"https:\/\/tusta.com.ar\/index.php\/wp-json\/wp\/v2\/product\/3304","targetHints":{"allow":["GET"]}}],"collection":[{"href":"https:\/\/tusta.com.ar\/index.php\/wp-json\/wp\/v2\/product"}],"about":[{"href":"https:\/\/tusta.com.ar\/index.php\/wp-json\/wp\/v2\/types\/product"}],"replies":[{"embeddable":true,"href":"https:\/\/tusta.com.ar\/index.php\/wp-json\/wp\/v2\/comments?post=3304"}],"version-history":[{"count":4,"href":"https:\/\/tusta.com.ar\/index.php\/wp-json\/wp\/v2\/product\/3304\/revisions"}],"predecessor-version":[{"id":4370,"href":"https:\/\/tusta.com.ar\/index.php\/wp-json\/wp\/v2\/product\/3304\/revisions\/4370"}],"wp:featuredmedia":[{"embeddable":true,"href":"https:\/\/tusta.com.ar\/index.php\/wp-json\/wp\/v2\/media\/3295"}],"wp:attachment":[{"href":"https:\/\/tusta.com.ar\/index.php\/wp-json\/wp\/v2\/media?parent=3304"}],"wp:term":[{"taxonomy":"product_brand","embeddable":true,"href":"https:\/\/tusta.com.ar\/index.php\/wp-json\/wp\/v2\/product_brand?post=3304"},{"taxonomy":"product_cat","embeddable":true,"href":"https:\/\/tusta.com.ar\/index.php\/wp-json\/wp\/v2\/product_cat?post=3304"},{"taxonomy":"product_tag","embeddable":true,"href":"https:\/\/tusta.com.ar\/index.php\/wp-json\/wp\/v2\/product_tag?post=3304"}],"curies":[{"name":"wp","href":"https:\/\/api.w.org\/{rel}","templated":true}]}}