{"id":3307,"date":"2025-04-11T22:32:41","date_gmt":"2025-04-11T20:32:41","guid":{"rendered":"https:\/\/tusta.com.ar\/?post_type=product&#038;p=3307"},"modified":"2026-03-12T17:32:38","modified_gmt":"2026-03-12T20:32:38","slug":"bomba-presurizadora-rowa-max-press-510-vf-compact-t-24","status":"publish","type":"product","link":"https:\/\/tusta.com.ar\/index.php\/producto\/bomba-presurizadora-rowa-max-press-510-vf-compact-t-24\/","title":{"rendered":"Rowa Max Press 510 VF Compact T-24 Bomba Presurizadora"},"content":{"rendered":"<p>Tensi\u00f3n 380 V.<br \/>\nPotencia 4,2 hp.<br \/>\nTanque de expansi\u00f3n 24 L.<br \/>\nAltura m\u00e1xima 45 mca.<br \/>\nCaudal m\u00e1ximo 23500 L\/h.<br \/>\nGarant\u00eda Rowa 2 a\u00f1os.<\/p>\n","protected":false},"excerpt":{"rendered":"<p>Aumento de la presi\u00f3n de agua en viviendas. Este equipo es apto para presurizaci\u00f3n de instalaciones con tanque cisterna o tanque elevado. Por sus caracter\u00edsticas es ideal para edificios, condominios, hoteles, hoster\u00edas, residencias, establecimientos educativos, etc. Este producto se trae a pedido.<\/p>\n<p>Ventajas<\/p>\n<p>Alto nivel de confiabilidad gracias a su dise\u00f1o resistente e innovador<br \/>\nExcelente capacidad de cebado.<br \/>\nAmplio rango de niveles de rendimiento para edificios comerciales, residenciales, hosteler\u00eda.<br \/>\nInstalaciones de grandes dimensiones.<\/p>\n<p>Motor<\/p>\n<p>Totalmente silencioso<br \/>\nBobinado protegido contra funcionamiento en seco, se apaga autom\u00e1ticamente.<br \/>\nPosee protector t\u00e9rmico incorporado.<\/p>\n<p>Conexiones<\/p>\n<p>Entrada y salida con rosca de 1 1\/2\u201d<br \/>\n2 v\u00e1lvulas esf\u00e9ricas con uniones dobles (bronce)<br \/>\nConexi\u00f3n el\u00e9ctrica directa a la red<\/p>\n","protected":false},"featured_media":3308,"comment_status":"open","ping_status":"closed","template":"","meta":{"_eb_attr":""},"product_brand":[],"product_cat":[23,254,174,171,24,125],"product_tag":[98],"class_list":{"0":"post-3307","1":"product","2":"type-product","3":"status-publish","4":"has-post-thumbnail","6":"product_cat-bombas","7":"product_cat-instalaciones-medianas","8":"product_cat-max-press","9":"product_cat-press","10":"product_cat-presurizadoras","11":"product_cat-tanque-cisterna","12":"product_tag-rowa","14":"first","15":"outofstock","16":"sold-individually","17":"shipping-taxable","18":"purchasable","19":"product-type-simple"},"_links":{"self":[{"href":"https:\/\/tusta.com.ar\/index.php\/wp-json\/wp\/v2\/product\/3307","targetHints":{"allow":["GET"]}}],"collection":[{"href":"https:\/\/tusta.com.ar\/index.php\/wp-json\/wp\/v2\/product"}],"about":[{"href":"https:\/\/tusta.com.ar\/index.php\/wp-json\/wp\/v2\/types\/product"}],"replies":[{"embeddable":true,"href":"https:\/\/tusta.com.ar\/index.php\/wp-json\/wp\/v2\/comments?post=3307"}],"version-history":[{"count":5,"href":"https:\/\/tusta.com.ar\/index.php\/wp-json\/wp\/v2\/product\/3307\/revisions"}],"predecessor-version":[{"id":4369,"href":"https:\/\/tusta.com.ar\/index.php\/wp-json\/wp\/v2\/product\/3307\/revisions\/4369"}],"wp:featuredmedia":[{"embeddable":true,"href":"https:\/\/tusta.com.ar\/index.php\/wp-json\/wp\/v2\/media\/3308"}],"wp:attachment":[{"href":"https:\/\/tusta.com.ar\/index.php\/wp-json\/wp\/v2\/media?parent=3307"}],"wp:term":[{"taxonomy":"product_brand","embeddable":true,"href":"https:\/\/tusta.com.ar\/index.php\/wp-json\/wp\/v2\/product_brand?post=3307"},{"taxonomy":"product_cat","embeddable":true,"href":"https:\/\/tusta.com.ar\/index.php\/wp-json\/wp\/v2\/product_cat?post=3307"},{"taxonomy":"product_tag","embeddable":true,"href":"https:\/\/tusta.com.ar\/index.php\/wp-json\/wp\/v2\/product_tag?post=3307"}],"curies":[{"name":"wp","href":"https:\/\/api.w.org\/{rel}","templated":true}]}}