{"id":3376,"date":"2025-05-10T17:59:23","date_gmt":"2025-05-10T15:59:23","guid":{"rendered":"https:\/\/tusta.com.ar\/?post_type=product&#038;p=3376"},"modified":"2026-02-27T18:56:33","modified_gmt":"2026-02-27T21:56:33","slug":"griferia-ips-silver-lavatorio","status":"publish","type":"product","link":"https:\/\/tusta.com.ar\/index.php\/producto\/griferia-ips-silver-lavatorio\/","title":{"rendered":"Grifer\u00eda IPS Silver Lavatorio"},"content":{"rendered":"","protected":false},"excerpt":{"rendered":"<p>Modernidad y sofisticaci\u00f3n en un solo dise\u00f1o.<br \/>\nSISTEMA DE CIERRE: Cer\u00e1mico<br \/>\nACABADOS: Pulido y Cromado brillante<br \/>\nSISTEMA ESPUMADOR: Incluido<br \/>\nMATERIALES: Bronce y ABS<\/p>\n","protected":false},"featured_media":3377,"comment_status":"open","ping_status":"closed","template":"","meta":{"_eb_attr":""},"product_brand":[],"product_cat":[264,269],"product_tag":[246],"class_list":{"0":"post-3376","1":"product","2":"type-product","3":"status-publish","4":"has-post-thumbnail","6":"product_cat-griferias","7":"product_cat-lavatorio","8":"product_tag-ips","10":"first","11":"instock","12":"sold-individually","13":"shipping-taxable","14":"purchasable","15":"product-type-simple"},"_links":{"self":[{"href":"https:\/\/tusta.com.ar\/index.php\/wp-json\/wp\/v2\/product\/3376","targetHints":{"allow":["GET"]}}],"collection":[{"href":"https:\/\/tusta.com.ar\/index.php\/wp-json\/wp\/v2\/product"}],"about":[{"href":"https:\/\/tusta.com.ar\/index.php\/wp-json\/wp\/v2\/types\/product"}],"replies":[{"embeddable":true,"href":"https:\/\/tusta.com.ar\/index.php\/wp-json\/wp\/v2\/comments?post=3376"}],"version-history":[{"count":3,"href":"https:\/\/tusta.com.ar\/index.php\/wp-json\/wp\/v2\/product\/3376\/revisions"}],"predecessor-version":[{"id":3411,"href":"https:\/\/tusta.com.ar\/index.php\/wp-json\/wp\/v2\/product\/3376\/revisions\/3411"}],"wp:featuredmedia":[{"embeddable":true,"href":"https:\/\/tusta.com.ar\/index.php\/wp-json\/wp\/v2\/media\/3377"}],"wp:attachment":[{"href":"https:\/\/tusta.com.ar\/index.php\/wp-json\/wp\/v2\/media?parent=3376"}],"wp:term":[{"taxonomy":"product_brand","embeddable":true,"href":"https:\/\/tusta.com.ar\/index.php\/wp-json\/wp\/v2\/product_brand?post=3376"},{"taxonomy":"product_cat","embeddable":true,"href":"https:\/\/tusta.com.ar\/index.php\/wp-json\/wp\/v2\/product_cat?post=3376"},{"taxonomy":"product_tag","embeddable":true,"href":"https:\/\/tusta.com.ar\/index.php\/wp-json\/wp\/v2\/product_tag?post=3376"}],"curies":[{"name":"wp","href":"https:\/\/api.w.org\/{rel}","templated":true}]}}