{"id":3391,"date":"2025-05-10T18:17:43","date_gmt":"2025-05-10T16:17:43","guid":{"rendered":"https:\/\/tusta.com.ar\/?post_type=product&#038;p=3391"},"modified":"2026-02-27T18:53:10","modified_gmt":"2026-02-27T21:53:10","slug":"griferia-ips-titanium-bidet","status":"publish","type":"product","link":"https:\/\/tusta.com.ar\/index.php\/producto\/griferia-ips-titanium-bidet\/","title":{"rendered":"Grifer\u00eda IPS Titanium Bidet"},"content":{"rendered":"","protected":false},"excerpt":{"rendered":"<p>Exactitud y est\u00e9tica en un dise\u00f1o \u00fanico.<br \/>\nSISTEMA DE CIERRE: Cer\u00e1mico<br \/>\nACABADOS: Pulido y Cromado brillante<br \/>\nSISTEMA ESPUMADOR: Incluido<br \/>\nMATERIALES: Bronce y ABS<\/p>\n","protected":false},"featured_media":3401,"comment_status":"open","ping_status":"closed","template":"","meta":{"_eb_attr":""},"product_brand":[],"product_cat":[268,264],"product_tag":[246],"class_list":{"0":"post-3391","1":"product","2":"type-product","3":"status-publish","4":"has-post-thumbnail","6":"product_cat-bidet","7":"product_cat-griferias","8":"product_tag-ips","10":"first","11":"instock","12":"sold-individually","13":"shipping-taxable","14":"purchasable","15":"product-type-simple"},"_links":{"self":[{"href":"https:\/\/tusta.com.ar\/index.php\/wp-json\/wp\/v2\/product\/3391","targetHints":{"allow":["GET"]}}],"collection":[{"href":"https:\/\/tusta.com.ar\/index.php\/wp-json\/wp\/v2\/product"}],"about":[{"href":"https:\/\/tusta.com.ar\/index.php\/wp-json\/wp\/v2\/types\/product"}],"replies":[{"embeddable":true,"href":"https:\/\/tusta.com.ar\/index.php\/wp-json\/wp\/v2\/comments?post=3391"}],"version-history":[{"count":3,"href":"https:\/\/tusta.com.ar\/index.php\/wp-json\/wp\/v2\/product\/3391\/revisions"}],"predecessor-version":[{"id":3888,"href":"https:\/\/tusta.com.ar\/index.php\/wp-json\/wp\/v2\/product\/3391\/revisions\/3888"}],"wp:featuredmedia":[{"embeddable":true,"href":"https:\/\/tusta.com.ar\/index.php\/wp-json\/wp\/v2\/media\/3401"}],"wp:attachment":[{"href":"https:\/\/tusta.com.ar\/index.php\/wp-json\/wp\/v2\/media?parent=3391"}],"wp:term":[{"taxonomy":"product_brand","embeddable":true,"href":"https:\/\/tusta.com.ar\/index.php\/wp-json\/wp\/v2\/product_brand?post=3391"},{"taxonomy":"product_cat","embeddable":true,"href":"https:\/\/tusta.com.ar\/index.php\/wp-json\/wp\/v2\/product_cat?post=3391"},{"taxonomy":"product_tag","embeddable":true,"href":"https:\/\/tusta.com.ar\/index.php\/wp-json\/wp\/v2\/product_tag?post=3391"}],"curies":[{"name":"wp","href":"https:\/\/api.w.org\/{rel}","templated":true}]}}