{"id":4050,"date":"2025-08-15T17:24:26","date_gmt":"2025-08-15T15:24:26","guid":{"rendered":"https:\/\/tusta.com.ar\/?post_type=product&#038;p=4050"},"modified":"2026-05-05T13:50:22","modified_gmt":"2026-05-05T16:50:22","slug":"anafe-tst-electrico-vitroceramico-4-areas","status":"publish","type":"product","link":"https:\/\/tusta.com.ar\/index.php\/producto\/anafe-tst-electrico-vitroceramico-4-areas\/","title":{"rendered":"Anafe TST El\u00e9ctrico Vitrocer\u00e1mico 4 \u00e1reas Negro"},"content":{"rendered":"<p>ESPECIFICACIONES T\u00c9CNICAS:<br \/>\nConexi\u00f3n: Monof\u00e1sico \/ Trif\u00e1sico<\/p>\n<p>Medidas:<\/p>\n<p>59 cm ancho &#8211; 52 cm profundidad<\/p>\n<p>Medidas de encastre:<\/p>\n<p>VITRO 4<br \/>\nAncho 560 mm &#8211; Profundidad 490 mm.<\/p>\n<p>&nbsp;<\/p>\n<p>&nbsp;<\/p>\n","protected":false},"excerpt":{"rendered":"<p>PUNTOS DE COCCI\u00d3N: 4.<br \/>\nCOMANDO: Touch con barra slider.<br \/>\nACABADO: Vidrio negro templado biselado.<br \/>\nNIVELES DE POTENCIA: 9.<br \/>\nAVISO DE SUPERFICIE CALIENTE: Si.<br \/>\nBLOQUEO DE COMANDOS: Si.<br \/>\nTEMPORIZADOR: Sonoro y corte de cocci\u00f3n.<\/p>\n<p>Consulte stock antes de realizar la compra.<\/p>\n","protected":false},"featured_media":4055,"comment_status":"open","ping_status":"closed","template":"","meta":{"_eb_attr":""},"product_brand":[],"product_cat":[16,224,17,220,237],"product_tag":[94],"class_list":{"0":"post-4050","1":"product","2":"type-product","3":"status-publish","4":"has-post-thumbnail","6":"product_cat-anafes","7":"product_cat-anafes-electricos","8":"product_cat-domesticos","9":"product_cat-tst-vitroceramico","10":"product_cat-vitro-negro","11":"product_tag-tst","13":"first","14":"outofstock","15":"sold-individually","16":"shipping-taxable","17":"purchasable","18":"product-type-simple"},"_links":{"self":[{"href":"https:\/\/tusta.com.ar\/index.php\/wp-json\/wp\/v2\/product\/4050","targetHints":{"allow":["GET"]}}],"collection":[{"href":"https:\/\/tusta.com.ar\/index.php\/wp-json\/wp\/v2\/product"}],"about":[{"href":"https:\/\/tusta.com.ar\/index.php\/wp-json\/wp\/v2\/types\/product"}],"replies":[{"embeddable":true,"href":"https:\/\/tusta.com.ar\/index.php\/wp-json\/wp\/v2\/comments?post=4050"}],"version-history":[{"count":4,"href":"https:\/\/tusta.com.ar\/index.php\/wp-json\/wp\/v2\/product\/4050\/revisions"}],"predecessor-version":[{"id":6167,"href":"https:\/\/tusta.com.ar\/index.php\/wp-json\/wp\/v2\/product\/4050\/revisions\/6167"}],"wp:featuredmedia":[{"embeddable":true,"href":"https:\/\/tusta.com.ar\/index.php\/wp-json\/wp\/v2\/media\/4055"}],"wp:attachment":[{"href":"https:\/\/tusta.com.ar\/index.php\/wp-json\/wp\/v2\/media?parent=4050"}],"wp:term":[{"taxonomy":"product_brand","embeddable":true,"href":"https:\/\/tusta.com.ar\/index.php\/wp-json\/wp\/v2\/product_brand?post=4050"},{"taxonomy":"product_cat","embeddable":true,"href":"https:\/\/tusta.com.ar\/index.php\/wp-json\/wp\/v2\/product_cat?post=4050"},{"taxonomy":"product_tag","embeddable":true,"href":"https:\/\/tusta.com.ar\/index.php\/wp-json\/wp\/v2\/product_tag?post=4050"}],"curies":[{"name":"wp","href":"https:\/\/api.w.org\/{rel}","templated":true}]}}