{"id":4058,"date":"2025-08-15T18:45:45","date_gmt":"2025-08-15T16:45:45","guid":{"rendered":"https:\/\/tusta.com.ar\/?post_type=product&#038;p=4058"},"modified":"2026-03-12T17:31:04","modified_gmt":"2026-03-12T20:31:04","slug":"rowa-max-flow-301-e-35-l-bomba-presurizadora","status":"publish","type":"product","link":"https:\/\/tusta.com.ar\/index.php\/producto\/rowa-max-flow-301-e-35-l-bomba-presurizadora\/","title":{"rendered":"Rowa Max Flow 301 E\/35 L Bomba Presurizadora"},"content":{"rendered":"<p>Presi\u00f3n m\u00e1xima: 23,5 mca<br \/>\nCaudal m\u00e1ximo: (izq.\/a.) 6500<br \/>\nPotencia: 0,70 hp<br \/>\nTensi\u00f3n: 220v<br \/>\nYo: 5,6 Un<br \/>\nConexi\u00f3n: Entrada 1&#8243; \/ Salidas 1 y 1 1\/2&#8243;<br \/>\nGarant\u00eda Rowa: 2 a\u00f1os<\/p>\n","protected":false},"excerpt":{"rendered":"<p>Aumento de presi\u00f3n de agua en edificaciones de tama\u00f1o medio con o sin v\u00e1lvulas de descarga para inodoros que requieran presurizaci\u00f3n sin fluctuaciones y abundancia de agua.<br \/>\nResidencial: Casas, departamentos, etc.<br \/>\nComercial: Restaurantes, hoteles, estaciones de servicio, etc.<br \/>\nHasta 4 duchas y 4 v\u00e1lvulas de descarga.<br \/>\nNo produce golpes de ariete.<br \/>\nLa bomba del equipo es ROWA y por ello es totalmente silenciosa.<br \/>\nNo requiere ning\u00fan mantenimiento.<br \/>\nDos salidas (una para la instalaci\u00f3n sanitaria general y otra para v\u00e1lvulas de descarga).<br \/>\nUn s\u00f3lo equipo para la instalaci\u00f3n sanitaria general y alimentaci\u00f3n de v\u00e1lvulas de inodoro.<br \/>\nSeguridad, confiabilidad.<br \/>\nEste producto se trae a pedido.<\/p>\n","protected":false},"featured_media":4059,"comment_status":"open","ping_status":"closed","template":"","meta":{"_eb_attr":""},"product_brand":[],"product_cat":[23,172,24,125],"product_tag":[98],"class_list":{"0":"post-4058","1":"product","2":"type-product","3":"status-publish","4":"has-post-thumbnail","6":"product_cat-bombas","7":"product_cat-max-flow","8":"product_cat-presurizadoras","9":"product_cat-tanque-cisterna","10":"product_tag-rowa","12":"first","13":"outofstock","14":"sold-individually","15":"shipping-taxable","16":"purchasable","17":"product-type-simple"},"_links":{"self":[{"href":"https:\/\/tusta.com.ar\/index.php\/wp-json\/wp\/v2\/product\/4058","targetHints":{"allow":["GET"]}}],"collection":[{"href":"https:\/\/tusta.com.ar\/index.php\/wp-json\/wp\/v2\/product"}],"about":[{"href":"https:\/\/tusta.com.ar\/index.php\/wp-json\/wp\/v2\/types\/product"}],"replies":[{"embeddable":true,"href":"https:\/\/tusta.com.ar\/index.php\/wp-json\/wp\/v2\/comments?post=4058"}],"version-history":[{"count":8,"href":"https:\/\/tusta.com.ar\/index.php\/wp-json\/wp\/v2\/product\/4058\/revisions"}],"predecessor-version":[{"id":4065,"href":"https:\/\/tusta.com.ar\/index.php\/wp-json\/wp\/v2\/product\/4058\/revisions\/4065"}],"wp:featuredmedia":[{"embeddable":true,"href":"https:\/\/tusta.com.ar\/index.php\/wp-json\/wp\/v2\/media\/4059"}],"wp:attachment":[{"href":"https:\/\/tusta.com.ar\/index.php\/wp-json\/wp\/v2\/media?parent=4058"}],"wp:term":[{"taxonomy":"product_brand","embeddable":true,"href":"https:\/\/tusta.com.ar\/index.php\/wp-json\/wp\/v2\/product_brand?post=4058"},{"taxonomy":"product_cat","embeddable":true,"href":"https:\/\/tusta.com.ar\/index.php\/wp-json\/wp\/v2\/product_cat?post=4058"},{"taxonomy":"product_tag","embeddable":true,"href":"https:\/\/tusta.com.ar\/index.php\/wp-json\/wp\/v2\/product_tag?post=4058"}],"curies":[{"name":"wp","href":"https:\/\/api.w.org\/{rel}","templated":true}]}}