{"id":4146,"date":"2025-09-17T13:43:33","date_gmt":"2025-09-17T16:43:33","guid":{"rendered":"https:\/\/tusta.com.ar\/?post_type=product&#038;p=4146"},"modified":"2026-04-16T15:14:26","modified_gmt":"2026-04-16T18:14:26","slug":"purificador-de-agua-rotoplas-max-blanco","status":"publish","type":"product","link":"https:\/\/tusta.com.ar\/index.php\/producto\/purificador-de-agua-rotoplas-max-blanco\/","title":{"rendered":"Purificador de agua Rotoplas Max Blanco"},"content":{"rendered":"<p><strong>CARACTER\u00cdSTICAS:<\/strong><\/p>\n<p>Altura: 30CM<br \/>\nAncho: 15CM<br \/>\nProfundidad: 15CM<br \/>\nPeso: 1,5KG<br \/>\nTipo de Montaje: Sobre mesada.<br \/>\nTipo de V\u00e1lvula: A rosca.<br \/>\nCapacidad\/Caudal: 2 litros por minuto.<br \/>\nVida \u00datil: 14.000 litros o 12 meses.<\/p>\n<p>&nbsp;<\/p>\n<p><strong>INCLUYE:<\/strong><\/p>\n<p>V\u00e1lvula de doble v\u00eda<br \/>\nAdaptadores para grifo con rosca interna<br \/>\nAdaptador de goma para grifo con rosca externa o sin rosca<br \/>\nManguera calidad at\u00f3xica<br \/>\nInstrumento para la apertura del dispositivo.<\/p>\n","protected":false},"excerpt":{"rendered":"<p>Material: ABS.<br \/>\nTipo de Filtro: Carb\u00f3n activado granular + resinas de adsorci\u00f3n de ars\u00e9nico y metales pesados + pre y post filtros de 10 micrones.<br \/>\nReduce el 84,78% de la concentracio\u0301n de cloro del agua de red para un agua de entrada que contenga hasta 2,0 mg\/l de cloro.<br \/>\nReduce la concentracio\u0301n de arse\u0301nico en el agua de red en un el 90,38% para un agua de entrada que contenga hasta 0,1 mg\/l de arse\u0301nico.<br \/>\nEl dispositivo presenta una reduccio\u0301n de sustancias inorga\u0301nicas (plomo, aluminio, cobre) en todos los casos superior al 80%.<\/p>\n","protected":false},"featured_media":4147,"comment_status":"open","ping_status":"closed","template":"","meta":{"_eb_attr":""},"product_brand":[],"product_cat":[291,92],"product_tag":[97],"class_list":{"0":"post-4146","1":"product","2":"type-product","3":"status-publish","4":"has-post-thumbnail","6":"product_cat-filtro-purificador","7":"product_cat-tratamiento-de-agua","8":"product_tag-rotoplas","10":"first","11":"instock","12":"sold-individually","13":"shipping-taxable","14":"purchasable","15":"product-type-simple"},"_links":{"self":[{"href":"https:\/\/tusta.com.ar\/index.php\/wp-json\/wp\/v2\/product\/4146","targetHints":{"allow":["GET"]}}],"collection":[{"href":"https:\/\/tusta.com.ar\/index.php\/wp-json\/wp\/v2\/product"}],"about":[{"href":"https:\/\/tusta.com.ar\/index.php\/wp-json\/wp\/v2\/types\/product"}],"replies":[{"embeddable":true,"href":"https:\/\/tusta.com.ar\/index.php\/wp-json\/wp\/v2\/comments?post=4146"}],"version-history":[{"count":2,"href":"https:\/\/tusta.com.ar\/index.php\/wp-json\/wp\/v2\/product\/4146\/revisions"}],"predecessor-version":[{"id":5476,"href":"https:\/\/tusta.com.ar\/index.php\/wp-json\/wp\/v2\/product\/4146\/revisions\/5476"}],"wp:featuredmedia":[{"embeddable":true,"href":"https:\/\/tusta.com.ar\/index.php\/wp-json\/wp\/v2\/media\/4147"}],"wp:attachment":[{"href":"https:\/\/tusta.com.ar\/index.php\/wp-json\/wp\/v2\/media?parent=4146"}],"wp:term":[{"taxonomy":"product_brand","embeddable":true,"href":"https:\/\/tusta.com.ar\/index.php\/wp-json\/wp\/v2\/product_brand?post=4146"},{"taxonomy":"product_cat","embeddable":true,"href":"https:\/\/tusta.com.ar\/index.php\/wp-json\/wp\/v2\/product_cat?post=4146"},{"taxonomy":"product_tag","embeddable":true,"href":"https:\/\/tusta.com.ar\/index.php\/wp-json\/wp\/v2\/product_tag?post=4146"}],"curies":[{"name":"wp","href":"https:\/\/api.w.org\/{rel}","templated":true}]}}