{"id":4440,"date":"2025-10-14T10:32:53","date_gmt":"2025-10-14T13:32:53","guid":{"rendered":"https:\/\/tusta.com.ar\/?post_type=product&#038;p=4440"},"modified":"2025-10-15T15:08:17","modified_gmt":"2025-10-15T18:08:17","slug":"tee-reduccion-40mm","status":"publish","type":"product","link":"https:\/\/tusta.com.ar\/index.php\/producto\/tee-reduccion-40mm\/","title":{"rendered":"IPS Te Reducci\u00f3n 90\u00ba 40&#215;20"},"content":{"rendered":"<p>Las conexiones dise\u00f1adas para una presi\u00f3n nominal de 25 kg\/cm\u00b2, son las de mayor desarrollo tecnol\u00f3gico del pa\u00eds.<\/p>\n<p>Sus dimensiones son las menores, favoreciendo su instalaci\u00f3n y rendimiento.<\/p>\n<p>Adem\u00e1s el Sistema IPS Fusi\u00f3n, cuenta con una amplia gama de conexiones con insertos met\u00e1licos, realizados en una aleaci\u00f3n de cobre, ba\u00f1ado en n\u00edquel, que brindan la uni\u00f3n m\u00e1s segura con cualquier otro sistema, ya sea con artefactos o ca\u00f1er\u00edas.<\/p>\n","protected":false},"excerpt":{"rendered":"<p>\u2022 M\u00e1xima seguridad por su sistema de uni\u00f3n.<br data-start=\"127\" data-end=\"130\" \/>\u2022 Excelente comportamiento a bajas temperaturas.<br data-start=\"178\" data-end=\"181\" \/>\u2022 Magn\u00edfico comportamiento a movimientos estructurales o exigencias de instalaci\u00f3n.<br data-start=\"264\" data-end=\"267\" \/>\u2022 Diversidad de aplicaciones.<br data-start=\"296\" data-end=\"299\" \/>\u2022 La superficie interior lisa y el dise\u00f1o de sus conexiones determina la menor p\u00e9rdida de carga por rozamiento del mercado.<\/p>\n","protected":false},"featured_media":4433,"comment_status":"open","ping_status":"closed","template":"","meta":{"_eb_attr":""},"product_brand":[],"product_cat":[297,303],"product_tag":[246],"class_list":{"0":"post-4440","1":"product","2":"type-product","3":"status-publish","4":"has-post-thumbnail","6":"product_cat-canerias","7":"product_cat-tee-reduccion","8":"product_tag-ips","10":"first","11":"instock","12":"sold-individually","13":"shipping-taxable","14":"product-type-simple"},"_links":{"self":[{"href":"https:\/\/tusta.com.ar\/index.php\/wp-json\/wp\/v2\/product\/4440","targetHints":{"allow":["GET"]}}],"collection":[{"href":"https:\/\/tusta.com.ar\/index.php\/wp-json\/wp\/v2\/product"}],"about":[{"href":"https:\/\/tusta.com.ar\/index.php\/wp-json\/wp\/v2\/types\/product"}],"replies":[{"embeddable":true,"href":"https:\/\/tusta.com.ar\/index.php\/wp-json\/wp\/v2\/comments?post=4440"}],"version-history":[{"count":5,"href":"https:\/\/tusta.com.ar\/index.php\/wp-json\/wp\/v2\/product\/4440\/revisions"}],"predecessor-version":[{"id":4804,"href":"https:\/\/tusta.com.ar\/index.php\/wp-json\/wp\/v2\/product\/4440\/revisions\/4804"}],"wp:featuredmedia":[{"embeddable":true,"href":"https:\/\/tusta.com.ar\/index.php\/wp-json\/wp\/v2\/media\/4433"}],"wp:attachment":[{"href":"https:\/\/tusta.com.ar\/index.php\/wp-json\/wp\/v2\/media?parent=4440"}],"wp:term":[{"taxonomy":"product_brand","embeddable":true,"href":"https:\/\/tusta.com.ar\/index.php\/wp-json\/wp\/v2\/product_brand?post=4440"},{"taxonomy":"product_cat","embeddable":true,"href":"https:\/\/tusta.com.ar\/index.php\/wp-json\/wp\/v2\/product_cat?post=4440"},{"taxonomy":"product_tag","embeddable":true,"href":"https:\/\/tusta.com.ar\/index.php\/wp-json\/wp\/v2\/product_tag?post=4440"}],"curies":[{"name":"wp","href":"https:\/\/api.w.org\/{rel}","templated":true}]}}