{"id":454,"date":"2024-04-03T16:19:27","date_gmt":"2024-04-03T14:19:27","guid":{"rendered":"https:\/\/tusta.com.ar\/?post_type=product&#038;p=454"},"modified":"2026-04-27T11:00:55","modified_gmt":"2026-04-27T14:00:55","slug":"anafe-tst-electrico-vitroceramico-2","status":"publish","type":"product","link":"https:\/\/tusta.com.ar\/index.php\/producto\/anafe-tst-electrico-vitroceramico-2\/","title":{"rendered":"Anafe TST El\u00e9ctrico Vitrocer\u00e1mico 2 \u00e1reas Negro"},"content":{"rendered":"<p><strong>Medidas:<\/strong><br \/>\nancho 28,8 cm, profundidad 52 cm.<\/p>\n<p><strong>Medidas de encastre:<\/strong><br \/>\nancho 268 mm, profundidad 500 mm.<\/p>\n","protected":false},"excerpt":{"rendered":"<ul>\n<li>PUNTOS DE COCCI\u00d3N: 2.<\/li>\n<li>COMANDO: Touch con barra slider.<\/li>\n<li>ACABADO: Vidrio negro templado biselado.<\/li>\n<li>NIVELES DE POTENCIA: 9.<\/li>\n<li>AVISO DE SUPERFICIE CALIENTE: Si.<\/li>\n<li>BLOQUEO DE COMANDOS: Si.<\/li>\n<li>TEMPORIZADOR: Sonoro y corte de cocci\u00f3n.<\/li>\n<li>Consulte stock antes de realizar la compra.<\/li>\n<\/ul>\n","protected":false},"featured_media":490,"comment_status":"open","ping_status":"closed","template":"","meta":{"_eb_attr":""},"product_brand":[],"product_cat":[16,224,17,220,237],"product_tag":[94],"class_list":{"0":"post-454","1":"product","2":"type-product","3":"status-publish","4":"has-post-thumbnail","6":"product_cat-anafes","7":"product_cat-anafes-electricos","8":"product_cat-domesticos","9":"product_cat-tst-vitroceramico","10":"product_cat-vitro-negro","11":"product_tag-tst","13":"first","14":"instock","15":"sold-individually","16":"shipping-taxable","17":"purchasable","18":"product-type-simple"},"_links":{"self":[{"href":"https:\/\/tusta.com.ar\/index.php\/wp-json\/wp\/v2\/product\/454","targetHints":{"allow":["GET"]}}],"collection":[{"href":"https:\/\/tusta.com.ar\/index.php\/wp-json\/wp\/v2\/product"}],"about":[{"href":"https:\/\/tusta.com.ar\/index.php\/wp-json\/wp\/v2\/types\/product"}],"replies":[{"embeddable":true,"href":"https:\/\/tusta.com.ar\/index.php\/wp-json\/wp\/v2\/comments?post=454"}],"version-history":[{"count":7,"href":"https:\/\/tusta.com.ar\/index.php\/wp-json\/wp\/v2\/product\/454\/revisions"}],"predecessor-version":[{"id":6191,"href":"https:\/\/tusta.com.ar\/index.php\/wp-json\/wp\/v2\/product\/454\/revisions\/6191"}],"wp:featuredmedia":[{"embeddable":true,"href":"https:\/\/tusta.com.ar\/index.php\/wp-json\/wp\/v2\/media\/490"}],"wp:attachment":[{"href":"https:\/\/tusta.com.ar\/index.php\/wp-json\/wp\/v2\/media?parent=454"}],"wp:term":[{"taxonomy":"product_brand","embeddable":true,"href":"https:\/\/tusta.com.ar\/index.php\/wp-json\/wp\/v2\/product_brand?post=454"},{"taxonomy":"product_cat","embeddable":true,"href":"https:\/\/tusta.com.ar\/index.php\/wp-json\/wp\/v2\/product_cat?post=454"},{"taxonomy":"product_tag","embeddable":true,"href":"https:\/\/tusta.com.ar\/index.php\/wp-json\/wp\/v2\/product_tag?post=454"}],"curies":[{"name":"wp","href":"https:\/\/api.w.org\/{rel}","templated":true}]}}