{"id":456,"date":"2024-04-03T16:19:28","date_gmt":"2024-04-03T14:19:28","guid":{"rendered":"https:\/\/tusta.com.ar\/?post_type=product&#038;p=456"},"modified":"2026-04-09T10:27:36","modified_gmt":"2026-04-09T13:27:36","slug":"anafe-tst-electrico-vitroceramico-5","status":"publish","type":"product","link":"https:\/\/tusta.com.ar\/index.php\/producto\/anafe-tst-electrico-vitroceramico-5\/","title":{"rendered":"Anafe TST El\u00e9ctrico Vitrocer\u00e1mico 5 \u00e1reas Negro"},"content":{"rendered":"<p><strong>Medidas:<\/strong><br \/>\nancho 71 cm, profundidad 52 cm.<\/p>\n<p><strong>Medidas de encastre:<\/strong><br \/>\nancho 675 mm, profundidad 475 mm.<\/p>\n","protected":false},"excerpt":{"rendered":"<div align=\"center\">\n<div id=\"lodeladerecha\" align=\"left\">\n<ul>\n<li>Puntos de cocci\u00f3n: 5 \u00e1reas.<\/li>\n<li>Comando touch.<\/li>\n<li>Niveles de potencia: 6.<\/li>\n<li>Potencia total: 8200 W.<\/li>\n<li>Aviso de superficie caliente.<\/li>\n<li>Empotrable.<\/li>\n<li>Consulte stock antes de realizar la compra.<\/li>\n<\/ul>\n<\/div>\n<\/div>\n","protected":false},"featured_media":492,"comment_status":"open","ping_status":"closed","template":"","meta":{"_eb_attr":""},"product_brand":[],"product_cat":[16,224,17,220,237],"product_tag":[94],"class_list":{"0":"post-456","1":"product","2":"type-product","3":"status-publish","4":"has-post-thumbnail","6":"product_cat-anafes","7":"product_cat-anafes-electricos","8":"product_cat-domesticos","9":"product_cat-tst-vitroceramico","10":"product_cat-vitro-negro","11":"product_tag-tst","13":"first","14":"instock","15":"sold-individually","16":"shipping-taxable","17":"purchasable","18":"product-type-simple"},"_links":{"self":[{"href":"https:\/\/tusta.com.ar\/index.php\/wp-json\/wp\/v2\/product\/456","targetHints":{"allow":["GET"]}}],"collection":[{"href":"https:\/\/tusta.com.ar\/index.php\/wp-json\/wp\/v2\/product"}],"about":[{"href":"https:\/\/tusta.com.ar\/index.php\/wp-json\/wp\/v2\/types\/product"}],"replies":[{"embeddable":true,"href":"https:\/\/tusta.com.ar\/index.php\/wp-json\/wp\/v2\/comments?post=456"}],"version-history":[{"count":6,"href":"https:\/\/tusta.com.ar\/index.php\/wp-json\/wp\/v2\/product\/456\/revisions"}],"predecessor-version":[{"id":6180,"href":"https:\/\/tusta.com.ar\/index.php\/wp-json\/wp\/v2\/product\/456\/revisions\/6180"}],"wp:featuredmedia":[{"embeddable":true,"href":"https:\/\/tusta.com.ar\/index.php\/wp-json\/wp\/v2\/media\/492"}],"wp:attachment":[{"href":"https:\/\/tusta.com.ar\/index.php\/wp-json\/wp\/v2\/media?parent=456"}],"wp:term":[{"taxonomy":"product_brand","embeddable":true,"href":"https:\/\/tusta.com.ar\/index.php\/wp-json\/wp\/v2\/product_brand?post=456"},{"taxonomy":"product_cat","embeddable":true,"href":"https:\/\/tusta.com.ar\/index.php\/wp-json\/wp\/v2\/product_cat?post=456"},{"taxonomy":"product_tag","embeddable":true,"href":"https:\/\/tusta.com.ar\/index.php\/wp-json\/wp\/v2\/product_tag?post=456"}],"curies":[{"name":"wp","href":"https:\/\/api.w.org\/{rel}","templated":true}]}}