{"id":471,"date":"2024-04-03T16:19:30","date_gmt":"2024-04-03T14:19:30","guid":{"rendered":"https:\/\/tusta.com.ar\/?post_type=product&#038;p=471"},"modified":"2026-04-16T16:13:41","modified_gmt":"2026-04-16T19:13:41","slug":"tanque-rotoplas-biodigestor-2000-l","status":"publish","type":"product","link":"https:\/\/tusta.com.ar\/index.php\/producto\/tanque-rotoplas-biodigestor-2000-l\/","title":{"rendered":"Tanque Rotoplas Biodigestor 2000 L"},"content":{"rendered":"<p><strong>Caracter\u00edsticas:<\/strong><\/p>\n<ul>\n<li>El Biodigestor Autolimpiable es el \u00fanico patentado, el cual permitir\u00e1 sustituir de manera m\u00e1s eficiente el uso de fosas s\u00e9pticas. Esto gracias a que es capaz de realizar un tratamiento de aguas residuales a beneficio del medio ambiente y sin contaminar las napas fre\u00e1ticas.<\/li>\n<li>Soluci\u00f3n a tus necesidades.<\/li>\n<li>Amigable con tu entorno.<\/li>\n<li>El Biodigestor Autolimpiable realiza un tratamiento de agua primaria beneficiando el cuidado del medio ambiente y evitando la contaminaci\u00f3n de los mantos fre\u00e1ticos.<\/li>\n<li>Aporta puntos para la certificaci\u00f3n LEED al ser un producto sustentable, adem\u00e1s de que cumple con la Norma NOM-006-CONAGUA-1997<\/li>\n<li>Fosas s\u00e9pticas prefabricadas y especificaciones y m\u00e9todos de prueba.<\/li>\n<li>Este producto se trae a pedido. Consultar antes de realizar la compra.<\/li>\n<\/ul>\n<div align=\"center\">\n<div id=\"lodeladerecha\" align=\"left\"><\/div>\n<\/div>\n<div><\/div>\n<div align=\"center\">\n<div align=\"center\">\n<form id=\"form1\" action=\"https:\/\/www.tusta.com.ar\/producto.php?id_producto=1725&amp;%20Biodigestores%20Domesticos%20Rotoplas%20Tanque%20Rotoplas%20Biodigestor%20950%20L\" method=\"post\" name=\"form1\">\n<div align=\"center\"><\/div>\n<\/form>\n<\/div>\n<\/div>\n","protected":false},"excerpt":{"rendered":"<p>En zonas que no cuentan con drenaje, un Biodigestor Autolimpiable funciona de forma segura y es muy econ\u00f3mico, ya que ahorra costos de mantenimiento al ser autolimpiable.<br \/>\nSu exclusiva formulaci\u00f3n evita fisuras y filtraciones, su funcionamiento es aut\u00f3nomo y de f\u00e1cil instalaci\u00f3n.<\/p>\n","protected":false},"featured_media":523,"comment_status":"open","ping_status":"closed","template":"","meta":{"_eb_attr":""},"product_brand":[],"product_cat":[21,19],"product_tag":[97],"class_list":{"0":"post-471","1":"product","2":"type-product","3":"status-publish","4":"has-post-thumbnail","6":"product_cat-alta-demanda","7":"product_cat-biodigestores","8":"product_tag-rotoplas","10":"first","11":"outofstock","12":"sold-individually","13":"shipping-taxable","14":"product-type-simple"},"_links":{"self":[{"href":"https:\/\/tusta.com.ar\/index.php\/wp-json\/wp\/v2\/product\/471","targetHints":{"allow":["GET"]}}],"collection":[{"href":"https:\/\/tusta.com.ar\/index.php\/wp-json\/wp\/v2\/product"}],"about":[{"href":"https:\/\/tusta.com.ar\/index.php\/wp-json\/wp\/v2\/types\/product"}],"replies":[{"embeddable":true,"href":"https:\/\/tusta.com.ar\/index.php\/wp-json\/wp\/v2\/comments?post=471"}],"version-history":[{"count":3,"href":"https:\/\/tusta.com.ar\/index.php\/wp-json\/wp\/v2\/product\/471\/revisions"}],"predecessor-version":[{"id":5658,"href":"https:\/\/tusta.com.ar\/index.php\/wp-json\/wp\/v2\/product\/471\/revisions\/5658"}],"wp:featuredmedia":[{"embeddable":true,"href":"https:\/\/tusta.com.ar\/index.php\/wp-json\/wp\/v2\/media\/523"}],"wp:attachment":[{"href":"https:\/\/tusta.com.ar\/index.php\/wp-json\/wp\/v2\/media?parent=471"}],"wp:term":[{"taxonomy":"product_brand","embeddable":true,"href":"https:\/\/tusta.com.ar\/index.php\/wp-json\/wp\/v2\/product_brand?post=471"},{"taxonomy":"product_cat","embeddable":true,"href":"https:\/\/tusta.com.ar\/index.php\/wp-json\/wp\/v2\/product_cat?post=471"},{"taxonomy":"product_tag","embeddable":true,"href":"https:\/\/tusta.com.ar\/index.php\/wp-json\/wp\/v2\/product_tag?post=471"}],"curies":[{"name":"wp","href":"https:\/\/api.w.org\/{rel}","templated":true}]}}