{"id":4949,"date":"2025-10-21T11:13:49","date_gmt":"2025-10-21T14:13:49","guid":{"rendered":"https:\/\/tusta.com.ar\/?post_type=product&#038;p=4949"},"modified":"2025-10-21T11:21:09","modified_gmt":"2025-10-21T14:21:09","slug":"ips-codo-h-h-87o-40mm","status":"publish","type":"product","link":"https:\/\/tusta.com.ar\/index.php\/producto\/ips-codo-h-h-87o-40mm\/","title":{"rendered":"IPS Codo H-H 87\u00ba 40mm"},"content":{"rendered":"<p>Fabricados con tecnolog\u00eda de \u00faltima generaci\u00f3n, los tubos del Sistema IPS Desag\u00fce se comercializan en di\u00e1metros de 40 a 110 mm y longitudes que van desde los 25 cm hasta los 4 metros, destac\u00e1ndose su tubo de 2,70 metros de longitud, que favorece su uso racional y sistem\u00e1tico en obra, permitiendo la reducci\u00f3n de los tiempos de instalaci\u00f3n.<\/p>\n","protected":false},"excerpt":{"rendered":"<ul>\n<li data-start=\"128\" data-end=\"178\">\n<p data-start=\"130\" data-end=\"178\">Materia prima con mayor vida \u00fatil garantizada.<\/p>\n<\/li>\n<li data-start=\"179\" data-end=\"216\">\n<p data-start=\"181\" data-end=\"216\">Mayor resistencia a los impactos.<\/p>\n<\/li>\n<li data-start=\"217\" data-end=\"274\">\n<p data-start=\"219\" data-end=\"274\">Excelente resistencia a elevadas temperaturas (95\u00b0C).<\/p>\n<\/li>\n<li data-start=\"275\" data-end=\"334\">\n<p data-start=\"277\" data-end=\"334\">Mejor comportamiento a la agresi\u00f3n de agentes qu\u00edmicos.<\/p>\n<\/li>\n<li data-start=\"335\" data-end=\"396\">\n<p data-start=\"337\" data-end=\"396\">M\u00e1xima presi\u00f3n interna y m\u00ednimo coeficiente de rugosidad.<\/p>\n<\/li>\n<li data-start=\"397\" data-end=\"436\">\n<p data-start=\"399\" data-end=\"436\">Econom\u00eda en tiempos de instalaci\u00f3n.<\/p>\n<\/li>\n<li data-start=\"437\" data-end=\"502\">\n<p data-start=\"439\" data-end=\"502\">Bajo peso espec\u00edfico que le da ligereza y facilidad de montaje.<\/p>\n<\/li>\n<\/ul>\n","protected":false},"featured_media":4958,"comment_status":"open","ping_status":"closed","template":"","meta":{"_eb_attr":""},"product_brand":[],"product_cat":[297,323,325,317],"product_tag":[],"class_list":{"0":"post-4949","1":"product","2":"type-product","3":"status-publish","4":"has-post-thumbnail","6":"product_cat-canerias","7":"product_cat-codos-desague","8":"product_cat-codos-87","9":"product_cat-desague","11":"first","12":"instock","13":"sold-individually","14":"shipping-taxable","15":"product-type-simple"},"_links":{"self":[{"href":"https:\/\/tusta.com.ar\/index.php\/wp-json\/wp\/v2\/product\/4949","targetHints":{"allow":["GET"]}}],"collection":[{"href":"https:\/\/tusta.com.ar\/index.php\/wp-json\/wp\/v2\/product"}],"about":[{"href":"https:\/\/tusta.com.ar\/index.php\/wp-json\/wp\/v2\/types\/product"}],"replies":[{"embeddable":true,"href":"https:\/\/tusta.com.ar\/index.php\/wp-json\/wp\/v2\/comments?post=4949"}],"version-history":[{"count":1,"href":"https:\/\/tusta.com.ar\/index.php\/wp-json\/wp\/v2\/product\/4949\/revisions"}],"predecessor-version":[{"id":4950,"href":"https:\/\/tusta.com.ar\/index.php\/wp-json\/wp\/v2\/product\/4949\/revisions\/4950"}],"wp:featuredmedia":[{"embeddable":true,"href":"https:\/\/tusta.com.ar\/index.php\/wp-json\/wp\/v2\/media\/4958"}],"wp:attachment":[{"href":"https:\/\/tusta.com.ar\/index.php\/wp-json\/wp\/v2\/media?parent=4949"}],"wp:term":[{"taxonomy":"product_brand","embeddable":true,"href":"https:\/\/tusta.com.ar\/index.php\/wp-json\/wp\/v2\/product_brand?post=4949"},{"taxonomy":"product_cat","embeddable":true,"href":"https:\/\/tusta.com.ar\/index.php\/wp-json\/wp\/v2\/product_cat?post=4949"},{"taxonomy":"product_tag","embeddable":true,"href":"https:\/\/tusta.com.ar\/index.php\/wp-json\/wp\/v2\/product_tag?post=4949"}],"curies":[{"name":"wp","href":"https:\/\/api.w.org\/{rel}","templated":true}]}}