{"id":500,"date":"2024-04-03T16:20:19","date_gmt":"2024-04-03T14:20:19","guid":{"rendered":"https:\/\/tusta.com.ar\/?post_type=product&#038;p=500"},"modified":"2026-03-12T17:31:04","modified_gmt":"2026-03-12T20:31:04","slug":"bomba-presurizadora-rowa-max-flow-327-me-60","status":"publish","type":"product","link":"https:\/\/tusta.com.ar\/index.php\/producto\/bomba-presurizadora-rowa-max-flow-327-me-60\/","title":{"rendered":"Rowa Max Flow 327 ME 50\/60 L Bomba Presurizadora"},"content":{"rendered":"<p>Presi\u00f3n M\u00e1xima: 23 mca<br \/>\nCaudal M\u00e1ximo: 17.000 l\/h<br \/>\nPotencia: 2 hp<br \/>\nTensi\u00f3n: 220v<br \/>\nI: 8 A<br \/>\nGarant\u00eda Rowa: 2 a\u00f1os.<\/p>\n","protected":false},"excerpt":{"rendered":"<p>Aumento de la presi\u00f3n de agua en edificaciones de tama\u00f1o medio, con o sin v\u00e1lvulas de descarga para inodoros que requieran presurizaci\u00f3n sin fluctuaciones y abundancia de agua.<br \/>\nResidencial: Casas, departamentos, etc.<br \/>\nComercial: Restaurantes, hoteles, estaciones de servicio, etc.<br \/>\nHasta 8 duchas y v\u00e1lvula de descarga.<br \/>\nNo produce golpes de ariete.<br \/>\n\u00danico con sistema RPX.<br \/>\nLa bomba del equipo es ROWA y por ello es totalmente silenciosa.<br \/>\nNo requiere ning\u00fan mantenimiento.<br \/>\nDos salidas, una para la instalaci\u00f3n sanitaria general y otra para v\u00e1lvulas de descarga.<br \/>\nUn s\u00f3lo equipo para la instalaci\u00f3n sanitaria general y alimentaci\u00f3n de v\u00e1lvulas de inodoro.<br \/>\nSeguridad, confiabilidad.<br \/>\nEste producto se trae a pedido.<\/p>\n","protected":false},"featured_media":4069,"comment_status":"open","ping_status":"closed","template":"","meta":{"_eb_attr":""},"product_brand":[],"product_cat":[23,172,24,125],"product_tag":[98],"class_list":{"0":"post-500","1":"product","2":"type-product","3":"status-publish","4":"has-post-thumbnail","6":"product_cat-bombas","7":"product_cat-max-flow","8":"product_cat-presurizadoras","9":"product_cat-tanque-cisterna","10":"product_tag-rowa","12":"first","13":"outofstock","14":"sold-individually","15":"shipping-taxable","16":"purchasable","17":"product-type-simple"},"_links":{"self":[{"href":"https:\/\/tusta.com.ar\/index.php\/wp-json\/wp\/v2\/product\/500","targetHints":{"allow":["GET"]}}],"collection":[{"href":"https:\/\/tusta.com.ar\/index.php\/wp-json\/wp\/v2\/product"}],"about":[{"href":"https:\/\/tusta.com.ar\/index.php\/wp-json\/wp\/v2\/types\/product"}],"replies":[{"embeddable":true,"href":"https:\/\/tusta.com.ar\/index.php\/wp-json\/wp\/v2\/comments?post=500"}],"version-history":[{"count":8,"href":"https:\/\/tusta.com.ar\/index.php\/wp-json\/wp\/v2\/product\/500\/revisions"}],"predecessor-version":[{"id":5556,"href":"https:\/\/tusta.com.ar\/index.php\/wp-json\/wp\/v2\/product\/500\/revisions\/5556"}],"wp:featuredmedia":[{"embeddable":true,"href":"https:\/\/tusta.com.ar\/index.php\/wp-json\/wp\/v2\/media\/4069"}],"wp:attachment":[{"href":"https:\/\/tusta.com.ar\/index.php\/wp-json\/wp\/v2\/media?parent=500"}],"wp:term":[{"taxonomy":"product_brand","embeddable":true,"href":"https:\/\/tusta.com.ar\/index.php\/wp-json\/wp\/v2\/product_brand?post=500"},{"taxonomy":"product_cat","embeddable":true,"href":"https:\/\/tusta.com.ar\/index.php\/wp-json\/wp\/v2\/product_cat?post=500"},{"taxonomy":"product_tag","embeddable":true,"href":"https:\/\/tusta.com.ar\/index.php\/wp-json\/wp\/v2\/product_tag?post=500"}],"curies":[{"name":"wp","href":"https:\/\/api.w.org\/{rel}","templated":true}]}}