{"id":509,"date":"2024-04-03T16:21:20","date_gmt":"2024-04-03T14:21:20","guid":{"rendered":"https:\/\/tusta.com.ar\/?post_type=product&#038;p=509"},"modified":"2026-03-20T17:09:31","modified_gmt":"2026-03-20T20:09:31","slug":"bomba-presurizadora-rowa-mini-rw9","status":"publish","type":"product","link":"https:\/\/tusta.com.ar\/index.php\/producto\/bomba-presurizadora-rowa-mini-rw9\/","title":{"rendered":"Rowa Mini Rw9 Bomba Presurizadora"},"content":{"rendered":"<ul>\n<li>Presurizaci\u00f3n para un solo consumo.<\/li>\n<li>Ideal para aumentar la presi\u00f3n en sistemas sanitarios con calef\u00f3n.<\/li>\n<li>Materiales sanitarios en contacto con el agua bombeada.<\/li>\n<li>Silenciosa y de gran rendimiento.<\/li>\n<li>Di\u00e1metro de la conexi\u00f3n a la tuber\u00eda 1\/2.<\/li>\n<li>Solo es apta para agua limpia.<\/li>\n<\/ul>\n","protected":false},"excerpt":{"rendered":"<ul>\n<li>Presi\u00f3n m\u00e1xima 9 mca.<\/li>\n<li>Caudal m\u00e1ximo 1800 l\/h.<\/li>\n<li>Consumo 100 W.<\/li>\n<li>Grado de protecci\u00f3n IP 42.<\/li>\n<li>La presi\u00f3n m\u00ednima de entrada debe ser mantenida para evitar la cavitaci\u00f3n.<\/li>\n<li>Garant\u00eda oficial por 2 a\u00f1os.<\/li>\n<li>Consulte stock antes de realizar la compra.<\/li>\n<\/ul>\n","protected":false},"featured_media":564,"comment_status":"open","ping_status":"closed","template":"","meta":{"_eb_attr":""},"product_brand":[],"product_cat":[23,24,124],"product_tag":[98],"class_list":{"0":"post-509","1":"product","2":"type-product","3":"status-publish","4":"has-post-thumbnail","6":"product_cat-bombas","7":"product_cat-presurizadoras","8":"product_cat-sfl-tanque-elevado","9":"product_tag-rowa","11":"first","12":"outofstock","13":"sold-individually","14":"shipping-taxable","15":"purchasable","16":"product-type-simple"},"_links":{"self":[{"href":"https:\/\/tusta.com.ar\/index.php\/wp-json\/wp\/v2\/product\/509","targetHints":{"allow":["GET"]}}],"collection":[{"href":"https:\/\/tusta.com.ar\/index.php\/wp-json\/wp\/v2\/product"}],"about":[{"href":"https:\/\/tusta.com.ar\/index.php\/wp-json\/wp\/v2\/types\/product"}],"replies":[{"embeddable":true,"href":"https:\/\/tusta.com.ar\/index.php\/wp-json\/wp\/v2\/comments?post=509"}],"version-history":[{"count":4,"href":"https:\/\/tusta.com.ar\/index.php\/wp-json\/wp\/v2\/product\/509\/revisions"}],"predecessor-version":[{"id":5812,"href":"https:\/\/tusta.com.ar\/index.php\/wp-json\/wp\/v2\/product\/509\/revisions\/5812"}],"wp:featuredmedia":[{"embeddable":true,"href":"https:\/\/tusta.com.ar\/index.php\/wp-json\/wp\/v2\/media\/564"}],"wp:attachment":[{"href":"https:\/\/tusta.com.ar\/index.php\/wp-json\/wp\/v2\/media?parent=509"}],"wp:term":[{"taxonomy":"product_brand","embeddable":true,"href":"https:\/\/tusta.com.ar\/index.php\/wp-json\/wp\/v2\/product_brand?post=509"},{"taxonomy":"product_cat","embeddable":true,"href":"https:\/\/tusta.com.ar\/index.php\/wp-json\/wp\/v2\/product_cat?post=509"},{"taxonomy":"product_tag","embeddable":true,"href":"https:\/\/tusta.com.ar\/index.php\/wp-json\/wp\/v2\/product_tag?post=509"}],"curies":[{"name":"wp","href":"https:\/\/api.w.org\/{rel}","templated":true}]}}