{"id":510,"date":"2024-04-03T16:21:20","date_gmt":"2024-04-03T14:21:20","guid":{"rendered":"https:\/\/tusta.com.ar\/?post_type=product&#038;p=510"},"modified":"2026-03-20T17:12:31","modified_gmt":"2026-03-20T20:12:31","slug":"bomba-presurizadora-rowa-tango-sfl-24","status":"publish","type":"product","link":"https:\/\/tusta.com.ar\/index.php\/producto\/bomba-presurizadora-rowa-tango-sfl-24\/","title":{"rendered":"Rowa Tango SFL 24 Bomba Presurizadora"},"content":{"rendered":"<ul>\n<li>Aumento de presi\u00f3n de agua en residencias en general, nuevas o antiguas con tanque elevado.<\/li>\n<li>Apto para viviendas con tuber\u00edas de 20 a\u00f1os o m\u00e1s, hasta 5 duchas.<\/li>\n<li>No le afectan las p\u00e9rdidas de agua en tuber\u00edas o grifer\u00edas.<\/li>\n<li>No presuriza la instalaci\u00f3n en forma continua solamente cuando se consume m\u00e1s de 1 litro de agua por minuto.<\/li>\n<li>Nunca se encender\u00e1 el equipo de no existir un consumo real de agua.<\/li>\n<li>No produce golpes de ariete.<\/li>\n<li>No requiere mantenimiento. Seguridad, confiabilidad.<\/li>\n<li>Totalmente silencioso, bajo consumo.<\/li>\n<li>Bobinado protegido contra funcionamiento en seco, se apaga autom\u00e1ticamente.<\/li>\n<li>Posee protector t\u00e9rmico incorporado.<\/li>\n<\/ul>\n","protected":false},"excerpt":{"rendered":"<ul>\n<li>Consumo el\u00e9ctrico 5,5 A.<\/li>\n<li>Potencia 0,7 hp.<\/li>\n<li>Tipo de aislaci\u00f3n F.<\/li>\n<li>Altura m\u00e1xima 23,5 mca.<\/li>\n<li>Caudal m\u00e1ximo 6000 L\/h.<\/li>\n<li>Garant\u00eda Rowa 2 a\u00f1os.<\/li>\n<\/ul>\n","protected":false},"featured_media":565,"comment_status":"open","ping_status":"closed","template":"","meta":{"_eb_attr":""},"product_brand":[],"product_cat":[23,24,124,161],"product_tag":[98],"class_list":{"0":"post-510","1":"product","2":"type-product","3":"status-publish","4":"has-post-thumbnail","6":"product_cat-bombas","7":"product_cat-presurizadoras","8":"product_cat-sfl-tanque-elevado","9":"product_cat-tango-sfl","10":"product_tag-rowa","12":"first","13":"outofstock","14":"sold-individually","15":"shipping-taxable","16":"purchasable","17":"product-type-simple"},"_links":{"self":[{"href":"https:\/\/tusta.com.ar\/index.php\/wp-json\/wp\/v2\/product\/510","targetHints":{"allow":["GET"]}}],"collection":[{"href":"https:\/\/tusta.com.ar\/index.php\/wp-json\/wp\/v2\/product"}],"about":[{"href":"https:\/\/tusta.com.ar\/index.php\/wp-json\/wp\/v2\/types\/product"}],"replies":[{"embeddable":true,"href":"https:\/\/tusta.com.ar\/index.php\/wp-json\/wp\/v2\/comments?post=510"}],"version-history":[{"count":5,"href":"https:\/\/tusta.com.ar\/index.php\/wp-json\/wp\/v2\/product\/510\/revisions"}],"predecessor-version":[{"id":4312,"href":"https:\/\/tusta.com.ar\/index.php\/wp-json\/wp\/v2\/product\/510\/revisions\/4312"}],"wp:featuredmedia":[{"embeddable":true,"href":"https:\/\/tusta.com.ar\/index.php\/wp-json\/wp\/v2\/media\/565"}],"wp:attachment":[{"href":"https:\/\/tusta.com.ar\/index.php\/wp-json\/wp\/v2\/media?parent=510"}],"wp:term":[{"taxonomy":"product_brand","embeddable":true,"href":"https:\/\/tusta.com.ar\/index.php\/wp-json\/wp\/v2\/product_brand?post=510"},{"taxonomy":"product_cat","embeddable":true,"href":"https:\/\/tusta.com.ar\/index.php\/wp-json\/wp\/v2\/product_cat?post=510"},{"taxonomy":"product_tag","embeddable":true,"href":"https:\/\/tusta.com.ar\/index.php\/wp-json\/wp\/v2\/product_tag?post=510"}],"curies":[{"name":"wp","href":"https:\/\/api.w.org\/{rel}","templated":true}]}}