{"id":516,"date":"2024-04-03T16:21:46","date_gmt":"2024-04-03T14:21:46","guid":{"rendered":"https:\/\/tusta.com.ar\/?post_type=product&#038;p=516"},"modified":"2026-03-23T18:37:53","modified_gmt":"2026-03-23T21:37:53","slug":"motorarg-bc-50-impulsor-acero-inoxidable","status":"publish","type":"product","link":"https:\/\/tusta.com.ar\/index.php\/producto\/motorarg-bc-50-impulsor-acero-inoxidable\/","title":{"rendered":"Motorarg BC 50 Impulsor Acero Inoxidable"},"content":{"rendered":"<p>Potencia: 1\/2 hp<br \/>\nTensi\u00f3n: Monof\u00e1sica<br \/>\nAltura m\u00e1x: 18 m.c.a.<br \/>\nCaudal m\u00e1x: 5,4 m3\/h<\/p>\n","protected":false},"excerpt":{"rendered":"<p>La l\u00ednea de electrobombas centr\u00edfugas monoblock \u201cBC\u201d, est\u00e1 dise\u00f1ada para el bombeo de agua limpia para elevaci\u00f3n a tanques cisternas, en sistemas de presurizaci\u00f3n y en riegos.<\/p>\n<p>CARACTER\u00cdSTICAS<br \/>\n\u2022 Cuerpo de HIERRO FUNDIDO<br \/>\n\u2022 Impulsor de ACERO INOXIDABLE (BC)<br \/>\n\u2022 Eje de Acero Inoxidable: prolonga la vida \u00fatil del equipo.<br \/>\n\u2022 Protector t\u00e9rmico incorporado (en monof\u00e1sicas)<br \/>\n\u2022 Cumplen con las normas de seguridad el\u00e9ctrica internacionales IEC<\/p>\n<p>CONDICIONES DE USO<br \/>\n\u2022 Temperatura del fluido hasta + 35\u00baC<br \/>\n\u2022 Temperatura ambiente hasta +40\u00b0C<br \/>\n\u2022 M\u00e1ximo nivel de aspiraci\u00f3n 7 metros<br \/>\n\u2022 Agua limpia<\/p>\n","protected":false},"featured_media":571,"comment_status":"open","ping_status":"closed","template":"","meta":{"_eb_attr":""},"product_brand":[],"product_cat":[23,25],"product_tag":[100],"class_list":{"0":"post-516","1":"product","2":"type-product","3":"status-publish","4":"has-post-thumbnail","6":"product_cat-bombas","7":"product_cat-centrifugas","8":"product_tag-motorarg","10":"first","11":"instock","12":"shipping-taxable","13":"product-type-simple"},"_links":{"self":[{"href":"https:\/\/tusta.com.ar\/index.php\/wp-json\/wp\/v2\/product\/516","targetHints":{"allow":["GET"]}}],"collection":[{"href":"https:\/\/tusta.com.ar\/index.php\/wp-json\/wp\/v2\/product"}],"about":[{"href":"https:\/\/tusta.com.ar\/index.php\/wp-json\/wp\/v2\/types\/product"}],"replies":[{"embeddable":true,"href":"https:\/\/tusta.com.ar\/index.php\/wp-json\/wp\/v2\/comments?post=516"}],"version-history":[{"count":4,"href":"https:\/\/tusta.com.ar\/index.php\/wp-json\/wp\/v2\/product\/516\/revisions"}],"predecessor-version":[{"id":4350,"href":"https:\/\/tusta.com.ar\/index.php\/wp-json\/wp\/v2\/product\/516\/revisions\/4350"}],"wp:featuredmedia":[{"embeddable":true,"href":"https:\/\/tusta.com.ar\/index.php\/wp-json\/wp\/v2\/media\/571"}],"wp:attachment":[{"href":"https:\/\/tusta.com.ar\/index.php\/wp-json\/wp\/v2\/media?parent=516"}],"wp:term":[{"taxonomy":"product_brand","embeddable":true,"href":"https:\/\/tusta.com.ar\/index.php\/wp-json\/wp\/v2\/product_brand?post=516"},{"taxonomy":"product_cat","embeddable":true,"href":"https:\/\/tusta.com.ar\/index.php\/wp-json\/wp\/v2\/product_cat?post=516"},{"taxonomy":"product_tag","embeddable":true,"href":"https:\/\/tusta.com.ar\/index.php\/wp-json\/wp\/v2\/product_tag?post=516"}],"curies":[{"name":"wp","href":"https:\/\/api.w.org\/{rel}","templated":true}]}}