{"id":5220,"date":"2025-10-30T13:24:00","date_gmt":"2025-10-30T16:24:00","guid":{"rendered":"https:\/\/tusta.com.ar\/?post_type=product&#038;p=5220"},"modified":"2025-10-30T13:26:35","modified_gmt":"2025-10-30T16:26:35","slug":"amanco-tee-mixta-hh-rh-pn10-20mm-x-1-2","status":"publish","type":"product","link":"https:\/\/tusta.com.ar\/index.php\/producto\/amanco-tee-mixta-hh-rh-pn10-20mm-x-1-2\/","title":{"rendered":"Amanco Tee Mixta HH-RH &#8211; PN10 20mm x 1\/2&#8243;"},"content":{"rendered":"<ul>\n<li><strong>M\u00e1s Livianos:<\/strong>\u00a0debido a su menor peso, facilitan las tareas de manipuleo y reducen la necesidad de maquinaria especial.<\/li>\n<li><strong>Estanqueidad total:\u00a0<\/strong>tanto las tuber\u00edas con sistema de uni\u00f3n pegada como con sistema de uni\u00f3n deslizante, garantizan la estanqueidad y hermeticidad absoluta del sistema.<\/li>\n<li><strong>Garant\u00eda:<\/strong>\u00a0los tubos son fabricados con 100% materia prima virgen, y est\u00e1n garantizados por 50 a\u00f1os.<\/li>\n<\/ul>\n","protected":false},"excerpt":{"rendered":"<p><strong>Duragro ISO:\u00a0<\/strong>est\u00e1n fabricadas seg\u00fan norma ISO 1452-2 y vienen tanto en opciones de uni\u00f3n por junta pegada como por aro de goma integrado<\/p>\n","protected":false},"featured_media":5221,"comment_status":"open","ping_status":"closed","template":"","meta":{"_eb_attr":""},"product_brand":[],"product_cat":[341,345],"product_tag":[245],"class_list":{"0":"post-5220","1":"product","2":"type-product","3":"status-publish","4":"has-post-thumbnail","6":"product_cat-conduccion-piscina","7":"product_cat-tee-conduccion","8":"product_tag-amanco","10":"first","11":"instock","12":"sold-individually","13":"shipping-taxable","14":"product-type-simple"},"_links":{"self":[{"href":"https:\/\/tusta.com.ar\/index.php\/wp-json\/wp\/v2\/product\/5220","targetHints":{"allow":["GET"]}}],"collection":[{"href":"https:\/\/tusta.com.ar\/index.php\/wp-json\/wp\/v2\/product"}],"about":[{"href":"https:\/\/tusta.com.ar\/index.php\/wp-json\/wp\/v2\/types\/product"}],"replies":[{"embeddable":true,"href":"https:\/\/tusta.com.ar\/index.php\/wp-json\/wp\/v2\/comments?post=5220"}],"version-history":[{"count":1,"href":"https:\/\/tusta.com.ar\/index.php\/wp-json\/wp\/v2\/product\/5220\/revisions"}],"predecessor-version":[{"id":5222,"href":"https:\/\/tusta.com.ar\/index.php\/wp-json\/wp\/v2\/product\/5220\/revisions\/5222"}],"wp:featuredmedia":[{"embeddable":true,"href":"https:\/\/tusta.com.ar\/index.php\/wp-json\/wp\/v2\/media\/5221"}],"wp:attachment":[{"href":"https:\/\/tusta.com.ar\/index.php\/wp-json\/wp\/v2\/media?parent=5220"}],"wp:term":[{"taxonomy":"product_brand","embeddable":true,"href":"https:\/\/tusta.com.ar\/index.php\/wp-json\/wp\/v2\/product_brand?post=5220"},{"taxonomy":"product_cat","embeddable":true,"href":"https:\/\/tusta.com.ar\/index.php\/wp-json\/wp\/v2\/product_cat?post=5220"},{"taxonomy":"product_tag","embeddable":true,"href":"https:\/\/tusta.com.ar\/index.php\/wp-json\/wp\/v2\/product_tag?post=5220"}],"curies":[{"name":"wp","href":"https:\/\/api.w.org\/{rel}","templated":true}]}}