{"id":5269,"date":"2025-11-06T15:26:40","date_gmt":"2025-11-06T18:26:40","guid":{"rendered":"https:\/\/tusta.com.ar\/?post_type=product&#038;p=5269"},"modified":"2026-01-27T12:08:29","modified_gmt":"2026-01-27T15:08:29","slug":"microondas-empotrable-smart-black","status":"publish","type":"product","link":"https:\/\/tusta.com.ar\/index.php\/producto\/microondas-empotrable-smart-black\/","title":{"rendered":"Microondas Empotrable Smart Black"},"content":{"rendered":"<div class=\"txtEspec\">Funciones:<br \/>\nMicroondas<br \/>\nGrill<br \/>\nDescongelar por peso<br \/>\nDescongelar por tiempo<br \/>\nInicio r\u00e1pido<br \/>\nMen\u00fa de cocci\u00f3n autom\u00e1tica<br \/>\nCocci\u00f3n en varias etapas<\/div>\n<div class=\"txtEspec\"><strong>Dimensiones de la abertura<\/strong>:<\/div>\n<div class=\"txtEspec\">Ancho: 560mm<\/div>\n<div class=\"txtEspec\">Altura: 380mm<\/div>\n<div class=\"txtEspec\">Profundidad: 450mm<br \/>\n<strong>Dimensiones del producto<\/strong>:<\/div>\n<div class=\"txtEspec\">Ancho: 594mm<\/div>\n<div class=\"txtEspec\">Altura: 387mm<\/div>\n<div class=\"txtEspec\">Profundidad: 414 mm<\/div>\n","protected":false},"excerpt":{"rendered":"<div class=\"txtEspec\">Control: Full Touch<br \/>\nProgramas: 8 programas de cocci\u00f3n autom\u00e1ticos<br \/>\nDisplay: LED<br \/>\nCavidad: Acero inoxidable<br \/>\nBloqueo de seguridad para ni\u00f1os: Si<br \/>\nCapacidad: 25 litros<br \/>\nDi\u00e1metro del plato giratorio: 315 mm<br \/>\nPotencia de entrada del microondas: 1450 W<br \/>\nPotencia de salida del microondas: 900 W<br \/>\nPotencia del Grill: 2200 W<\/div>\n<div>Consultar stock antes de realizar la compra<\/div>\n","protected":false},"featured_media":5270,"comment_status":"open","ping_status":"closed","template":"","meta":{"_eb_attr":""},"product_brand":[],"product_cat":[49,47,296],"product_tag":[94],"class_list":{"0":"post-5269","1":"product","2":"type-product","3":"status-publish","4":"has-post-thumbnail","6":"product_cat-electricos","7":"product_cat-hornos","8":"product_cat-microondas","9":"product_tag-tst","11":"first","12":"instock","13":"sold-individually","14":"shipping-taxable","15":"purchasable","16":"product-type-simple"},"_links":{"self":[{"href":"https:\/\/tusta.com.ar\/index.php\/wp-json\/wp\/v2\/product\/5269","targetHints":{"allow":["GET"]}}],"collection":[{"href":"https:\/\/tusta.com.ar\/index.php\/wp-json\/wp\/v2\/product"}],"about":[{"href":"https:\/\/tusta.com.ar\/index.php\/wp-json\/wp\/v2\/types\/product"}],"replies":[{"embeddable":true,"href":"https:\/\/tusta.com.ar\/index.php\/wp-json\/wp\/v2\/comments?post=5269"}],"version-history":[{"count":3,"href":"https:\/\/tusta.com.ar\/index.php\/wp-json\/wp\/v2\/product\/5269\/revisions"}],"predecessor-version":[{"id":5566,"href":"https:\/\/tusta.com.ar\/index.php\/wp-json\/wp\/v2\/product\/5269\/revisions\/5566"}],"wp:featuredmedia":[{"embeddable":true,"href":"https:\/\/tusta.com.ar\/index.php\/wp-json\/wp\/v2\/media\/5270"}],"wp:attachment":[{"href":"https:\/\/tusta.com.ar\/index.php\/wp-json\/wp\/v2\/media?parent=5269"}],"wp:term":[{"taxonomy":"product_brand","embeddable":true,"href":"https:\/\/tusta.com.ar\/index.php\/wp-json\/wp\/v2\/product_brand?post=5269"},{"taxonomy":"product_cat","embeddable":true,"href":"https:\/\/tusta.com.ar\/index.php\/wp-json\/wp\/v2\/product_cat?post=5269"},{"taxonomy":"product_tag","embeddable":true,"href":"https:\/\/tusta.com.ar\/index.php\/wp-json\/wp\/v2\/product_tag?post=5269"}],"curies":[{"name":"wp","href":"https:\/\/api.w.org\/{rel}","templated":true}]}}