{"id":5416,"date":"2025-12-16T16:46:15","date_gmt":"2025-12-16T19:46:15","guid":{"rendered":"https:\/\/tusta.com.ar\/?post_type=product&#038;p=5416"},"modified":"2026-04-07T11:01:48","modified_gmt":"2026-04-07T14:01:48","slug":"robot-barrefondo-limpia-piscina-vulcano-zuipy-200","status":"publish","type":"product","link":"https:\/\/tusta.com.ar\/index.php\/producto\/robot-barrefondo-limpia-piscina-vulcano-zuipy-200\/","title":{"rendered":"Robot Barrefondo Zuipy 200"},"content":{"rendered":"<div align=\"left\">\n<div align=\"left\">CARACTER\u00cdSTICAS:<\/div>\n<p>Filtro: ultra fino PVC<br \/>\nLimpieza: Piso, Paredes y L\u00ednea de flotaci\u00f3n.<br \/>\nCiclo de limpieza: 2 hs<br \/>\nCable: 14 metros<br \/>\nLargo m\u00e1ximo de piscina: 10 metros<br \/>\nPeso: 5,75 kg<\/p>\n<p>Garant\u00eda Vulcano 2 a\u00f1os<\/p>\n<\/div>\n","protected":false},"excerpt":{"rendered":"<p>Hasta 6 Cuotas Sin Inter\u00e9s con Visa y Mastercard Abonando en el local (Martes y S\u00e1bados)<\/p>\n<ul>\n<li>Navegaci\u00f3n inteligente: Mapea y eleg\u00ed el mejor recorrido del trabajo para limpiar cada cent\u00edmetro de tu piscina<\/li>\n<li>Filtraci\u00f3n de alta potencia: Con una capa de filtro interno de hasta 100 micras. Aspira suciedad, hojas y ramas para una limpieza al detalle.<\/li>\n<li>Ultra liviano: Dise\u00f1o compacto y ligero con sistema de drenaje que mejora si agilidad.<\/li>\n<li>Control por unidad de comando: Presiona el bot\u00f3n para iniciar el ciclo de limpieza y disfruta de tu tiempo.<\/li>\n<li>En toda superficie: hormig\u00f3n, fibra de vidrio, revestimiento.<\/li>\n<\/ul>\n<p>&nbsp;<\/p>\n","protected":false},"featured_media":5629,"comment_status":"open","ping_status":"closed","template":"","meta":{"_eb_attr":""},"product_brand":[],"product_cat":[55,348],"product_tag":[112],"class_list":{"0":"post-5416","1":"product","2":"type-product","3":"status-publish","4":"has-post-thumbnail","6":"product_cat-piscina","7":"product_cat-robot-barrefondo","8":"product_tag-vulcano","10":"first","11":"outofstock","12":"sold-individually","13":"shipping-taxable","14":"product-type-simple"},"_links":{"self":[{"href":"https:\/\/tusta.com.ar\/index.php\/wp-json\/wp\/v2\/product\/5416","targetHints":{"allow":["GET"]}}],"collection":[{"href":"https:\/\/tusta.com.ar\/index.php\/wp-json\/wp\/v2\/product"}],"about":[{"href":"https:\/\/tusta.com.ar\/index.php\/wp-json\/wp\/v2\/types\/product"}],"replies":[{"embeddable":true,"href":"https:\/\/tusta.com.ar\/index.php\/wp-json\/wp\/v2\/comments?post=5416"}],"version-history":[{"count":6,"href":"https:\/\/tusta.com.ar\/index.php\/wp-json\/wp\/v2\/product\/5416\/revisions"}],"predecessor-version":[{"id":5798,"href":"https:\/\/tusta.com.ar\/index.php\/wp-json\/wp\/v2\/product\/5416\/revisions\/5798"}],"wp:featuredmedia":[{"embeddable":true,"href":"https:\/\/tusta.com.ar\/index.php\/wp-json\/wp\/v2\/media\/5629"}],"wp:attachment":[{"href":"https:\/\/tusta.com.ar\/index.php\/wp-json\/wp\/v2\/media?parent=5416"}],"wp:term":[{"taxonomy":"product_brand","embeddable":true,"href":"https:\/\/tusta.com.ar\/index.php\/wp-json\/wp\/v2\/product_brand?post=5416"},{"taxonomy":"product_cat","embeddable":true,"href":"https:\/\/tusta.com.ar\/index.php\/wp-json\/wp\/v2\/product_cat?post=5416"},{"taxonomy":"product_tag","embeddable":true,"href":"https:\/\/tusta.com.ar\/index.php\/wp-json\/wp\/v2\/product_tag?post=5416"}],"curies":[{"name":"wp","href":"https:\/\/api.w.org\/{rel}","templated":true}]}}