{"id":5457,"date":"2025-12-19T14:46:36","date_gmt":"2025-12-19T17:46:36","guid":{"rendered":"https:\/\/tusta.com.ar\/?post_type=product&#038;p=5457"},"modified":"2026-04-09T16:03:17","modified_gmt":"2026-04-09T19:03:17","slug":"bomba-para-piscina-bap-100-3-mi-1-00hp-220v-380v-trifasica","status":"publish","type":"product","link":"https:\/\/tusta.com.ar\/index.php\/producto\/bomba-para-piscina-bap-100-3-mi-1-00hp-220v-380v-trifasica\/","title":{"rendered":"Bomba para piscina BAP 100-3 (MI) \u2013 1.00HP 220V\/380V trif\u00e1sica"},"content":{"rendered":"<div class=\"elementor-element elementor-element-5c7d18a elementor-widget elementor-widget-heading\" data-id=\"5c7d18a\" data-element_type=\"widget\" data-widget_type=\"heading.default\">\n<div class=\"elementor-widget-container\">\n<div class=\"elementor-element elementor-element-5c7d18a elementor-widget elementor-widget-heading\" data-id=\"5c7d18a\" data-element_type=\"widget\" data-widget_type=\"heading.default\">\n<div class=\"elementor-widget-container\">\n<div class=\"elementor-element elementor-element-5c7d18a elementor-widget elementor-widget-heading\" data-id=\"5c7d18a\" data-element_type=\"widget\" data-widget_type=\"heading.default\">\n<div class=\"elementor-widget-container\">\n<div class=\"elementor-element elementor-element-5c7d18a elementor-widget elementor-widget-heading\" data-id=\"5c7d18a\" data-element_type=\"widget\" data-widget_type=\"heading.default\">\n<div class=\"elementor-widget-container\">\n<div class=\"elementor-element elementor-element-5c7d18a elementor-widget elementor-widget-heading\" data-id=\"5c7d18a\" data-element_type=\"widget\" data-widget_type=\"heading.default\">\n<div class=\"elementor-widget-container\">\n<div class=\"elementor-element elementor-element-5c7d18a elementor-widget elementor-widget-heading\" data-id=\"5c7d18a\" data-element_type=\"widget\" data-widget_type=\"heading.default\">\n<div class=\"elementor-widget-container\">\n<div class=\"elementor-element elementor-element-5c7d18a elementor-widget elementor-widget-heading\" data-id=\"5c7d18a\" data-element_type=\"widget\" data-widget_type=\"heading.default\">\n<div class=\"elementor-widget-container\">\n<div class=\"elementor-element elementor-element-5c7d18a elementor-widget elementor-widget-heading\" data-id=\"5c7d18a\" data-element_type=\"widget\" data-widget_type=\"heading.default\">\n<div class=\"elementor-widget-container\">\n<h2 class=\"elementor-heading-title elementor-size-default\">Descripci\u00f3n<\/h2>\n<\/div>\n<\/div>\n<div class=\"elementor-element elementor-element-8875f92 elementor-widget elementor-widget-shortcode\" data-id=\"8875f92\" data-element_type=\"widget\" data-widget_type=\"shortcode.default\">\n<div class=\"elementor-widget-container\">\n<div class=\"elementor-shortcode\">\n<div class=\"product-description\">\n<div class=\"description\">\n<p>Bomba autocebante para piscina BAP 100-3 (MI). Ofrece un \u00f3ptimo rendimiento para responder a las exigencias del uso profesional. Es utilizada para la recirculaci\u00f3n de grandes caudales de agua principalmente en grandes piscinas.<\/p>\n<p>Cuenta con pre-filtro incorporado, canasto atrapa hojas de gran tama\u00f1o, tapa tipo mariposa de r\u00e1pida apertura con un \u00bc de giro y uniones dobles incorporadas. Provista con bujes para roscar de 1 \u00bd\u201d y de \u00f850 mm para pegar ca\u00f1os de PVC, para adaptarse a la ca\u00f1er\u00eda de la instalaci\u00f3n.<\/p>\n<p>Contamos con una completa l\u00ednea de\u00a0<a href=\"https:\/\/vulcano-sa.com.ar\/productos\/repuestos\/\">repuestos<\/a>\u00a0disponibles para la reparaci\u00f3n y mantenimiento de este equipo.<\/p>\n<p><b>Caracter\u00edsticas t\u00e9cnicas\u00a0Bomba autocebante para piscina BAP 100-3 (MI)<\/b><br \/>\n\u2022 Motor el\u00e9ctrico Vulcano con certificaci\u00f3n de Servicio 1 (S1): alta eficiencia y fiabilidad de trabajo continuo.<br \/>\n\u2022 Certificaci\u00f3n el\u00e9ctrica seg\u00fan Resoluci\u00f3n S.C. N\u00ba 169\/18.<br \/>\n\u2022 Protector t\u00e9rmico incorporado.<br \/>\n\u2022 Grado de protecci\u00f3n IPX4 apto para usar a la intemperie.<br \/>\n\u2022 Cuerpo autocebante, inyectado en polipropileno reforzado.<br \/>\n\u2022 Impulsor de Noryl.<br \/>\n\u2022 Sello mec\u00e1nico con pista cer\u00e1mica.<br \/>\n\u2022 Garant\u00eda de 1 a\u00f1o.<\/p>\n<p><b>Recomendaciones<\/b><br \/>\n\u2022 Instalar en lugar ventilado y de f\u00e1cil acceso, con el espacio suficiente para poder limpiar el equipo cuando se requiera.<br \/>\n\u2022 Utilizar junto a filtro VC-100 para piscinas residenciales.<br \/>\n\u2022 Se sugiere solicitar los servicios de un electricista matriculado y capacitado para realizar instalaciones el\u00e9ctricas, empleando normas vigentes AEA (Asociaci\u00f3n Electrot\u00e9cnica Argentina).<br \/>\n\u2022 Realice las conexiones de la tuber\u00eda de forma herm\u00e9tica y verifique que no haya ingreso de aire al circuito para asegurar el correcto cebado y normal funcionamiento de la bomba.<br \/>\n\u2022 Verificar peri\u00f3dicamente la limpieza del desag\u00fce y drenajes, especialmente en casillas bajo nivel de suelo.<br \/>\n\u2022 En caso de temperaturas bajo 0\u00b0, vaciar la bomba retirando el tap\u00f3n de drenaje y las uniones dobles, y guardelos dentro en el canasto atrapa hojas.<br \/>\n\u2022 Consultar stock antes de realizar la compra.<\/p>\n<\/div>\n<\/div>\n<\/div>\n<\/div>\n<\/div>\n<\/div>\n<\/div>\n<\/div>\n<\/div>\n<\/div>\n<\/div>\n<\/div>\n<\/div>\n<\/div>\n<\/div>\n<\/div>\n<\/div>\n<\/div>\n<\/div>\n","protected":false},"excerpt":{"rendered":"<div class=\"contenedor-tabla\">\n<div class=\"contenedor-tabla\">\n<div class=\"contenedor-tabla\">\n<div class=\"contenedor-tabla\">\n<div class=\"contenedor-tabla\">\n<div class=\"contenedor-tabla\">\n<div class=\"contenedor-tabla\"><b>Tipo de bomba:<\/b>\u00a0autocebante<\/div>\n<div class=\"contenedor-tabla\"><b>Alimentaci\u00f3n:<\/b>\u00a0trif\u00e1sica 220\/380V ~ 50Hz<\/div>\n<div class=\"contenedor-tabla\"><b>Potencia:<\/b>\u00a01.00HP<\/div>\n<div class=\"contenedor-tabla\"><b>Caudal m\u00e1ximo:<\/b>\u00a022.1 m\u00b3\/h<\/div>\n<div class=\"contenedor-tabla\"><b>Altura m\u00e1xima:<\/b>\u00a014 m<\/div>\n<div class=\"contenedor-tabla\"><b>Conexi\u00f3n:<\/b>\u00a0UD con bujes RH 1 1\/2\u2033 y \u00f850<\/div>\n<\/div>\n<\/div>\n<\/div>\n<\/div>\n<\/div>\n<\/div>\n","protected":false},"featured_media":5445,"comment_status":"open","ping_status":"closed","template":"","meta":{"_eb_attr":""},"product_brand":[],"product_cat":[59],"product_tag":[112],"class_list":{"0":"post-5457","1":"product","2":"type-product","3":"status-publish","4":"has-post-thumbnail","6":"product_cat-bombas-autocebante","7":"product_tag-vulcano","9":"first","10":"instock","11":"shipping-taxable","12":"purchasable","13":"product-type-simple"},"_links":{"self":[{"href":"https:\/\/tusta.com.ar\/index.php\/wp-json\/wp\/v2\/product\/5457","targetHints":{"allow":["GET"]}}],"collection":[{"href":"https:\/\/tusta.com.ar\/index.php\/wp-json\/wp\/v2\/product"}],"about":[{"href":"https:\/\/tusta.com.ar\/index.php\/wp-json\/wp\/v2\/types\/product"}],"replies":[{"embeddable":true,"href":"https:\/\/tusta.com.ar\/index.php\/wp-json\/wp\/v2\/comments?post=5457"}],"version-history":[{"count":3,"href":"https:\/\/tusta.com.ar\/index.php\/wp-json\/wp\/v2\/product\/5457\/revisions"}],"predecessor-version":[{"id":5512,"href":"https:\/\/tusta.com.ar\/index.php\/wp-json\/wp\/v2\/product\/5457\/revisions\/5512"}],"wp:featuredmedia":[{"embeddable":true,"href":"https:\/\/tusta.com.ar\/index.php\/wp-json\/wp\/v2\/media\/5445"}],"wp:attachment":[{"href":"https:\/\/tusta.com.ar\/index.php\/wp-json\/wp\/v2\/media?parent=5457"}],"wp:term":[{"taxonomy":"product_brand","embeddable":true,"href":"https:\/\/tusta.com.ar\/index.php\/wp-json\/wp\/v2\/product_brand?post=5457"},{"taxonomy":"product_cat","embeddable":true,"href":"https:\/\/tusta.com.ar\/index.php\/wp-json\/wp\/v2\/product_cat?post=5457"},{"taxonomy":"product_tag","embeddable":true,"href":"https:\/\/tusta.com.ar\/index.php\/wp-json\/wp\/v2\/product_tag?post=5457"}],"curies":[{"name":"wp","href":"https:\/\/api.w.org\/{rel}","templated":true}]}}