{"id":5610,"date":"2026-01-27T16:30:57","date_gmt":"2026-01-27T19:30:57","guid":{"rendered":"https:\/\/tusta.com.ar\/?post_type=product&#038;p=5610"},"modified":"2026-03-25T16:52:25","modified_gmt":"2026-03-25T19:52:25","slug":"bomba-de-calor-pool-inverter-40-eco","status":"publish","type":"product","link":"https:\/\/tusta.com.ar\/index.php\/producto\/bomba-de-calor-pool-inverter-40-eco\/","title":{"rendered":"Bomba de calor POOL-INVERTER 40 ECO"},"content":{"rendered":"<p>Alimentaci\u00f3n:\u00a0monof\u00e1sica 230V\/50Hz<br \/>\nVolumen de Piscina:\u00a0hasta 40.000 litros<br \/>\nTecnolog\u00eda:\u00a0INVERTER<br \/>\nCapacidad de calentamiento:\u00a09kW | 30.709 BTU<\/p>\n","protected":false},"excerpt":{"rendered":"<div><strong>Este producto se trae a pedido sujeto a disponibilidad del fabricante. Consulte stock antes de realizar la compra.<\/strong><\/div>\n<div><\/div>\n<div>\n<p>La Bomba de calor para piscina POOL-INVERTER 40 ECO climatiza tu pileta de hasta 40.000 litros. Ayuda a elevar la temperatura del agua y extiende la temporada de uso, ya sea antes o despu\u00e9s del verano.<\/p>\n<p><b>Funciona captando calor del ambiente para transferirla al agua, elevando su temperatura de manera progresiva y constante.<\/b><\/p>\n<p>Su tecnolog\u00eda INVERTER regula autom\u00e1ticamente la velocidad del compresor, optimizando el rendimiento y ahorrando hasta un 60% el consumo el\u00e9ctrico frente a sistemas tradicionales. Adem\u00e1s, su dise\u00f1o ac\u00fastico permite un funcionamiento ultra silencioso, hasta\u00a0<b>10 veces m\u00e1s silenciosa que una bomba de calor convencional.<\/b><\/p>\n<p>Est\u00e1 equipada con un\u00a0<b>intercambiador de calor de titanio espiralado,<\/b>\u00a0que mejora en un 30% la transferencia t\u00e9rmica, y cuenta con modos de funcionamiento Smart y Silencioso para adaptarse al uso diario.\u00a0<b>Incluye sistema de descongelamiento autom\u00e1tico.<\/b><\/p>\n<p>Apta para exteriores (IPX4), utiliza\u00a0<b>gas refrigerante R32,<\/b>\u00a0m\u00e1s eficiente y amigable para el ambiente.<br \/>\nGarant\u00eda: 2 a\u00f1os para el equipo completo y 5 a\u00f1os para el intercambiador de calor.<\/p>\n<p>Las bombas de calor para piscinas POOL-INVERTER ECO son la soluci\u00f3n para\u00a0<b>extender la temporada de manera pr\u00e1ctica, econ\u00f3mica y confiable.<\/b><br \/>\nCombina rendimiento eficiente y bajo consumo energ\u00e9tico que\u00a0<b>se adapta a distintos tipos de piscinas residenciales.<\/b><\/p>\n<\/div>\n","protected":false},"featured_media":5604,"comment_status":"open","ping_status":"closed","template":"","meta":{"_eb_attr":""},"product_brand":[],"product_cat":[40],"product_tag":[],"class_list":{"0":"post-5610","1":"product","2":"type-product","3":"status-publish","4":"has-post-thumbnail","6":"product_cat-por-bomba","8":"first","9":"instock","10":"shipping-taxable","11":"purchasable","12":"product-type-simple"},"_links":{"self":[{"href":"https:\/\/tusta.com.ar\/index.php\/wp-json\/wp\/v2\/product\/5610","targetHints":{"allow":["GET"]}}],"collection":[{"href":"https:\/\/tusta.com.ar\/index.php\/wp-json\/wp\/v2\/product"}],"about":[{"href":"https:\/\/tusta.com.ar\/index.php\/wp-json\/wp\/v2\/types\/product"}],"replies":[{"embeddable":true,"href":"https:\/\/tusta.com.ar\/index.php\/wp-json\/wp\/v2\/comments?post=5610"}],"version-history":[{"count":3,"href":"https:\/\/tusta.com.ar\/index.php\/wp-json\/wp\/v2\/product\/5610\/revisions"}],"predecessor-version":[{"id":5866,"href":"https:\/\/tusta.com.ar\/index.php\/wp-json\/wp\/v2\/product\/5610\/revisions\/5866"}],"wp:featuredmedia":[{"embeddable":true,"href":"https:\/\/tusta.com.ar\/index.php\/wp-json\/wp\/v2\/media\/5604"}],"wp:attachment":[{"href":"https:\/\/tusta.com.ar\/index.php\/wp-json\/wp\/v2\/media?parent=5610"}],"wp:term":[{"taxonomy":"product_brand","embeddable":true,"href":"https:\/\/tusta.com.ar\/index.php\/wp-json\/wp\/v2\/product_brand?post=5610"},{"taxonomy":"product_cat","embeddable":true,"href":"https:\/\/tusta.com.ar\/index.php\/wp-json\/wp\/v2\/product_cat?post=5610"},{"taxonomy":"product_tag","embeddable":true,"href":"https:\/\/tusta.com.ar\/index.php\/wp-json\/wp\/v2\/product_tag?post=5610"}],"curies":[{"name":"wp","href":"https:\/\/api.w.org\/{rel}","templated":true}]}}