{"id":5616,"date":"2026-01-27T16:39:06","date_gmt":"2026-01-27T19:39:06","guid":{"rendered":"https:\/\/tusta.com.ar\/?post_type=product&#038;p=5616"},"modified":"2026-04-08T17:58:24","modified_gmt":"2026-04-08T20:58:24","slug":"bomba-de-calor-pool-inverter-90-pro","status":"publish","type":"product","link":"https:\/\/tusta.com.ar\/index.php\/producto\/bomba-de-calor-pool-inverter-90-pro\/","title":{"rendered":"Bomba de calor POOL-INVERTER 90 PRO"},"content":{"rendered":"<p>Alimentaci\u00f3n: monof\u00e1sica 230V\/50Hz<br \/>\nVolumen de Piscina: hasta 90.000 litros<br \/>\nTecnolog\u00eda: INVERTER<br \/>\nCapacidad de calentamiento: 25.5kW | 87.010 BTU<\/p>\n","protected":false},"excerpt":{"rendered":"<div><strong>Este producto se trae a pedido sujeto a disponibilidad del fabricante. Consulte stock antes de realizar la compra.<\/strong><\/div>\n<div><\/div>\n<div>\n<p>La Bomba de calor para piscina POOL-INVERTER 90 PRO es la soluci\u00f3n m\u00e1s eficiente y silenciosa del mercado para climatizar tu pileta de hasta 90.000 litros. Ayuda a elevar la temperatura del agua y extiende la temporada de uso, ya sea antes o despu\u00e9s del verano.<\/p>\n<p><b>Cuenta con conexi\u00f3n Wi-Fi<\/b>\u00a0que permite que manejes tu POOL-INVERTER PRO desde donde quieras, para dejar lista tu piscina cuando desees usarla. Permite controlar la temperatura, encender o apagar el equipo y ajustar sus funciones desde el celular a trav\u00e9s de una app.<\/p>\n<p><b>Funciona captando calor del ambiente para transferirla al agua, elevando su temperatura de manera progresiva y constante.<\/b><\/p>\n<p>Su tecnolog\u00eda INVERTER regula autom\u00e1ticamente la velocidad del compresor, optimizando el rendimiento y ahorrando hasta un 60% el consumo el\u00e9ctrico frente a sistemas tradicionales. Adem\u00e1s, su dise\u00f1o ac\u00fastico permite un funcionamiento ultra silencioso, hasta\u00a0<b>10 veces m\u00e1s silenciosa<\/b>\u00a0que una bomba de calor convencional.<\/p>\n<p>Est\u00e1 equipada con un\u00a0<b>gabinete de aluminio con dise\u00f1o premium&lt; en el mercado y resistente, y un intercambiador de calor de titanio espiralado,<\/b>\u00a0que mejora en un 30% la transferencia t\u00e9rmica, y cuenta con modos de funcion amiento Smart, Silencioso y Turbo para adaptarse al uso diario.\u00a0<b>Incluye control digital y sistema de descongelamiento autom\u00e1tico.<\/b><\/p>\n<p>Apta para exteriores (IPX4), utiliza\u00a0<b>gas refrigerante R32,<\/b>\u00a0m\u00e1s eficiente y amigable para el ambiente.<br \/>\nGarant\u00eda: 2 a\u00f1os para el equipo completo y 5 a\u00f1os para el intercambiador de calor.<\/p>\n<\/div>\n<div><\/div>\n","protected":false},"featured_media":5617,"comment_status":"open","ping_status":"closed","template":"","meta":{"_eb_attr":""},"product_brand":[],"product_cat":[40],"product_tag":[],"class_list":{"0":"post-5616","1":"product","2":"type-product","3":"status-publish","4":"has-post-thumbnail","6":"product_cat-por-bomba","8":"first","9":"instock","10":"shipping-taxable","11":"purchasable","12":"product-type-simple"},"_links":{"self":[{"href":"https:\/\/tusta.com.ar\/index.php\/wp-json\/wp\/v2\/product\/5616","targetHints":{"allow":["GET"]}}],"collection":[{"href":"https:\/\/tusta.com.ar\/index.php\/wp-json\/wp\/v2\/product"}],"about":[{"href":"https:\/\/tusta.com.ar\/index.php\/wp-json\/wp\/v2\/types\/product"}],"replies":[{"embeddable":true,"href":"https:\/\/tusta.com.ar\/index.php\/wp-json\/wp\/v2\/comments?post=5616"}],"version-history":[{"count":3,"href":"https:\/\/tusta.com.ar\/index.php\/wp-json\/wp\/v2\/product\/5616\/revisions"}],"predecessor-version":[{"id":5878,"href":"https:\/\/tusta.com.ar\/index.php\/wp-json\/wp\/v2\/product\/5616\/revisions\/5878"}],"wp:featuredmedia":[{"embeddable":true,"href":"https:\/\/tusta.com.ar\/index.php\/wp-json\/wp\/v2\/media\/5617"}],"wp:attachment":[{"href":"https:\/\/tusta.com.ar\/index.php\/wp-json\/wp\/v2\/media?parent=5616"}],"wp:term":[{"taxonomy":"product_brand","embeddable":true,"href":"https:\/\/tusta.com.ar\/index.php\/wp-json\/wp\/v2\/product_brand?post=5616"},{"taxonomy":"product_cat","embeddable":true,"href":"https:\/\/tusta.com.ar\/index.php\/wp-json\/wp\/v2\/product_cat?post=5616"},{"taxonomy":"product_tag","embeddable":true,"href":"https:\/\/tusta.com.ar\/index.php\/wp-json\/wp\/v2\/product_tag?post=5616"}],"curies":[{"name":"wp","href":"https:\/\/api.w.org\/{rel}","templated":true}]}}