{"id":5623,"date":"2026-01-27T16:40:55","date_gmt":"2026-01-27T19:40:55","guid":{"rendered":"https:\/\/tusta.com.ar\/?post_type=product&#038;p=5623"},"modified":"2026-03-25T16:51:57","modified_gmt":"2026-03-25T19:51:57","slug":"bomba-de-calor-pool-inverter-150-pro-trifasica","status":"publish","type":"product","link":"https:\/\/tusta.com.ar\/index.php\/producto\/bomba-de-calor-pool-inverter-150-pro-trifasica\/","title":{"rendered":"Bomba de calor POOL-INVERTER 150 PRO Trif\u00e1sica"},"content":{"rendered":"<div>Alimentaci\u00f3n: trif\u00e1sica 400V\/50Hz<\/div>\n<div>Volumen de Piscina: hasta 150.000 litros<\/div>\n<div>Tecnolog\u00eda: INVERTER<\/div>\n<div>Capacidad de calentamiento: 40kW | 136.486 BTU<\/div>\n<p>&nbsp;<\/p>\n","protected":false},"excerpt":{"rendered":"<div><strong>Este producto se trae a pedido sujeto a disponibilidad del fabricante. Consulte stock antes de realizar la compra.<\/strong><\/div>\n<div><\/div>\n<div>\n<p>La Bomba de calor para piscina POOL-INVERTER 150 PRO trif\u00e1sica es la soluci\u00f3n m\u00e1s eficiente y silenciosa del mercado para climatizar tu pileta de hasta 150.000 litros. Ayuda a elevar la temperatura del agua y extiende la temporada de uso, ya sea antes o despu\u00e9s del verano.<\/p>\n<p><b>Cuenta con conexi\u00f3n Wi-Fi<\/b>\u00a0que permite que manejes tu POOL-INVERTER PRO desde donde quieras, para dejar lista tu piscina cuando desees usarla. Permite controlar la temperatura, encender o apagar el equipo y ajustar sus funciones desde el celular a trav\u00e9s de una app.<\/p>\n<p><b>Funciona captando calor del ambiente para transferirla al agua, elevando su temperatura de manera progresiva y constante.<\/b><\/p>\n<p>Su tecnolog\u00eda INVERTER regula autom\u00e1ticamente la velocidad del compresor, optimizando el rendimiento y ahorrando hasta un 60% el consumo el\u00e9ctrico frente a sistemas tradicionales. Adem\u00e1s, su dise\u00f1o ac\u00fastico permite un funcionamiento ultra silencioso, hasta\u00a0<b>10 veces m\u00e1s silenciosa<\/b>\u00a0que una bomba de calor convencional.<\/p>\n<p>Est\u00e1 equipada con un\u00a0<b>gabinete de aluminio con dise\u00f1o premium&lt; en el mercado y resistente, y un intercambiador de calor de titanio espiralado,<\/b>\u00a0que mejora en un 30% la transferencia t\u00e9rmica, y cuenta con modos de funcion amiento Smart, Silencioso y Turbo para adaptarse al uso diario.\u00a0<b>Incluye control digital y sistema de descongelamiento autom\u00e1tico.<\/b><\/p>\n<p>Apta para exteriores (IPX4), utiliza\u00a0<b>gas refrigerante R32,<\/b>\u00a0m\u00e1s eficiente y amigable para el ambiente.<br \/>\nGarant\u00eda: 2 a\u00f1os para el equipo completo y 5 a\u00f1os para el intercambiador de calor.<\/p>\n<\/div>\n","protected":false},"featured_media":5617,"comment_status":"open","ping_status":"closed","template":"","meta":{"_eb_attr":""},"product_brand":[],"product_cat":[40],"product_tag":[],"class_list":{"0":"post-5623","1":"product","2":"type-product","3":"status-publish","4":"has-post-thumbnail","6":"product_cat-por-bomba","8":"first","9":"instock","10":"shipping-taxable","11":"purchasable","12":"product-type-simple"},"_links":{"self":[{"href":"https:\/\/tusta.com.ar\/index.php\/wp-json\/wp\/v2\/product\/5623","targetHints":{"allow":["GET"]}}],"collection":[{"href":"https:\/\/tusta.com.ar\/index.php\/wp-json\/wp\/v2\/product"}],"about":[{"href":"https:\/\/tusta.com.ar\/index.php\/wp-json\/wp\/v2\/types\/product"}],"replies":[{"embeddable":true,"href":"https:\/\/tusta.com.ar\/index.php\/wp-json\/wp\/v2\/comments?post=5623"}],"version-history":[{"count":8,"href":"https:\/\/tusta.com.ar\/index.php\/wp-json\/wp\/v2\/product\/5623\/revisions"}],"predecessor-version":[{"id":5877,"href":"https:\/\/tusta.com.ar\/index.php\/wp-json\/wp\/v2\/product\/5623\/revisions\/5877"}],"wp:featuredmedia":[{"embeddable":true,"href":"https:\/\/tusta.com.ar\/index.php\/wp-json\/wp\/v2\/media\/5617"}],"wp:attachment":[{"href":"https:\/\/tusta.com.ar\/index.php\/wp-json\/wp\/v2\/media?parent=5623"}],"wp:term":[{"taxonomy":"product_brand","embeddable":true,"href":"https:\/\/tusta.com.ar\/index.php\/wp-json\/wp\/v2\/product_brand?post=5623"},{"taxonomy":"product_cat","embeddable":true,"href":"https:\/\/tusta.com.ar\/index.php\/wp-json\/wp\/v2\/product_cat?post=5623"},{"taxonomy":"product_tag","embeddable":true,"href":"https:\/\/tusta.com.ar\/index.php\/wp-json\/wp\/v2\/product_tag?post=5623"}],"curies":[{"name":"wp","href":"https:\/\/api.w.org\/{rel}","templated":true}]}}