{"id":5625,"date":"2026-01-27T16:43:50","date_gmt":"2026-01-27T19:43:50","guid":{"rendered":"https:\/\/tusta.com.ar\/?post_type=product&#038;p=5625"},"modified":"2026-03-11T14:41:40","modified_gmt":"2026-03-11T17:41:40","slug":"mango-fijo-estriado-o19-mm-x-15-m","status":"publish","type":"product","link":"https:\/\/tusta.com.ar\/index.php\/producto\/mango-fijo-estriado-o19-mm-x-15-m\/","title":{"rendered":"Mango fijo \u2013 Estriado (\u00f819 mm x 1,5 m)"},"content":{"rendered":"<p>Mango fijo Vulcano. Fabricado de aluminio anodizado estriado, cuenta con \u00f819 mm y largo total de 1,50 m. Sus caracter\u00edsticas constructivas, brindan resistencia mec\u00e1nica y a la corrosi\u00f3n, permitiendo utilizarlo bajo altas exigencias.<\/p>\n","protected":false},"excerpt":{"rendered":"<div class=\"contenedor-tabla\"><b>Material:<\/b>\u00a0aluminio<\/div>\n<p>&nbsp;<\/p>\n<div class=\"contenedor-tabla\"><b>Di\u00e1metro:<\/b>\u00a0\u00f819 mm<\/div>\n<p>&nbsp;<\/p>\n<div class=\"contenedor-tabla\"><b>Ca\u00f1o:<\/b>\u00a0estriado<\/div>\n<p>&nbsp;<\/p>\n<div class=\"contenedor-tabla\"><b>Longitud mango:<\/b>\u00a01.5 m<\/div>\n","protected":false},"featured_media":5626,"comment_status":"open","ping_status":"closed","template":"","meta":{"_eb_attr":""},"product_brand":[],"product_cat":[15],"product_tag":[],"class_list":{"0":"post-5625","1":"product","2":"type-product","3":"status-publish","4":"has-post-thumbnail","6":"product_cat-sin-categorizar","8":"first","9":"instock","10":"shipping-taxable","11":"product-type-simple"},"_links":{"self":[{"href":"https:\/\/tusta.com.ar\/index.php\/wp-json\/wp\/v2\/product\/5625","targetHints":{"allow":["GET"]}}],"collection":[{"href":"https:\/\/tusta.com.ar\/index.php\/wp-json\/wp\/v2\/product"}],"about":[{"href":"https:\/\/tusta.com.ar\/index.php\/wp-json\/wp\/v2\/types\/product"}],"replies":[{"embeddable":true,"href":"https:\/\/tusta.com.ar\/index.php\/wp-json\/wp\/v2\/comments?post=5625"}],"version-history":[{"count":1,"href":"https:\/\/tusta.com.ar\/index.php\/wp-json\/wp\/v2\/product\/5625\/revisions"}],"predecessor-version":[{"id":5627,"href":"https:\/\/tusta.com.ar\/index.php\/wp-json\/wp\/v2\/product\/5625\/revisions\/5627"}],"wp:featuredmedia":[{"embeddable":true,"href":"https:\/\/tusta.com.ar\/index.php\/wp-json\/wp\/v2\/media\/5626"}],"wp:attachment":[{"href":"https:\/\/tusta.com.ar\/index.php\/wp-json\/wp\/v2\/media?parent=5625"}],"wp:term":[{"taxonomy":"product_brand","embeddable":true,"href":"https:\/\/tusta.com.ar\/index.php\/wp-json\/wp\/v2\/product_brand?post=5625"},{"taxonomy":"product_cat","embeddable":true,"href":"https:\/\/tusta.com.ar\/index.php\/wp-json\/wp\/v2\/product_cat?post=5625"},{"taxonomy":"product_tag","embeddable":true,"href":"https:\/\/tusta.com.ar\/index.php\/wp-json\/wp\/v2\/product_tag?post=5625"}],"curies":[{"name":"wp","href":"https:\/\/api.w.org\/{rel}","templated":true}]}}